{"id":7439,"date":"2025-12-01T07:41:07","date_gmt":"2025-12-01T07:41:07","guid":{"rendered":"https:\/\/elcoled.com\/?post_type=product&#038;p=7439"},"modified":"2026-01-08T11:19:17","modified_gmt":"2026-01-08T11:19:17","slug":"de-serisi-siva-alti-downlight","status":"publish","type":"product","link":"https:\/\/elcoled.com\/tr\/urun\/de-serisi-siva-alti-downlight\/","title":{"rendered":"Elco Downlight DE Serisi \/ EDR-DE"},"content":{"rendered":"<p data-start=\"287\" data-end=\"345\"><strong data-start=\"287\" data-end=\"345\">DE Serisi S\u0131va Alt\u0131 downlight \u2013 EDR-DE, Elco LED Solutions<\/strong><\/p>\n<p data-start=\"347\" data-end=\"629\"><strong data-start=\"347\" data-end=\"376\">DE Serisi S\u0131va Alt\u0131 downlight, derin g\u00f6vde yap\u0131s\u0131 ve minimal \u00e7izgileriyle mimari mek\u00e2nlara sakin ve rafine bir karakter kazand\u0131r\u0131r,<strong data-start=\"479\" data-end=\"508\">&lt;\/strong&gt;, d\u00fc\u015f\u00fck parlamal\u0131 (low glare) \u0131\u015f\u0131k da\u011f\u0131l\u0131m\u0131 ve kontroll\u00fc optik yap\u0131s\u0131yla hem g\u00f6rsel konfor hem de estetik b\u00fct\u00fcnl\u00fck sunar.<\/strong><\/strong><\/p>\n<p data-start=\"631\" data-end=\"952\">\u0130ki farkl\u0131 boyutu ve \u00fc\u00e7 g\u00f6vde rengiyle DE Serisi, i\u00e7 mek\u00e2n tasar\u0131mlar\u0131na zahmetsizce entegre olur. Derin yerle\u015fimli optik sistem, \u0131\u015f\u0131k kayna\u011f\u0131na direkt g\u00f6z temas\u0131n\u0131 engelleyerek konforlu, yumu\u015fak bir ayd\u0131nlatma olu\u015fturur. Konut projeleri, ofisler, ma\u011fazalar, oteller ve \u00e7a\u011fda\u015f kamusal i\u00e7 mek\u00e2nlar i\u00e7in ideal bir \u00e7\u00f6z\u00fcmd\u00fcr.<\/p>\n<p data-start=\"954\" data-end=\"1209\">Elco LED Solutions m\u00fchendisli\u011fi ile geli\u015ftirilen EDR-DE, y\u00fcksek renk do\u011frulu\u011fu, stabil l\u00fcmen performans\u0131 ve uzun kullan\u0131m \u00f6mr\u00fc sa\u011flar. Optik yap\u0131s\u0131 sayesinde homojen \u0131\u015f\u0131k da\u011f\u0131l\u0131m\u0131 sunarken tavanda \u201csessiz tavan\u201d etkisi yaratarak mimari sadeli\u011fi destekler.<\/p>\n<p data-start=\"1000\" data-end=\"1206\">\ud83d\udc49 Daha fazla Elco Sark\u0131t \u00dcr\u00fcnleri i\u00e7in <a href=\"https:\/\/elcoled.com\/products\/\">t\u0131klay\u0131n.<\/a><br \/>\n\ud83d\udc49 CrocDesign PCB teknolojisi hakk\u0131nda daha fazla bilgi i\u00e7in <a href=\"http:\/\/www.crocdesigns.com\">t\u0131klay\u0131n<\/a><\/p>\n","protected":false},"excerpt":{"rendered":"<p>DE Serisi g\u00f6mme downlight, derin g\u00f6vde tasar\u0131m\u0131yla d\u00fc\u015f\u00fck parlamal\u0131 \u0131\u015f\u0131k sunar. \u0130ki boy ve \u00fc\u00e7 g\u00f6vde rengi se\u00e7ene\u011fi, kompakt yap\u0131 ve y\u00fcksek konforlu ayd\u0131nlatma performans\u0131 ile modern mimari uygulamalar i\u00e7in idealdir.<\/p>\n","protected":false},"featured_media":7435,"comment_status":"open","ping_status":"closed","template":"","meta":{"_acf_changed":false},"product_brand":[],"product_cat":[137],"product_tag":[],"class_list":{"0":"post-7439","1":"product","2":"type-product","3":"status-publish","4":"has-post-thumbnail","6":"product_cat-siva-alti","8":"first","9":"instock","10":"shipping-taxable","11":"product-type-simple"},"acf":[],"yoast_head":"<!-- This site is optimized with the Yoast SEO Premium plugin v25.1 (Yoast SEO v25.7) - https:\/\/yoast.com\/wordpress\/plugins\/seo\/ -->\n<title>DE Serisi S\u0131va Alt\u0131 Downlight EDR-DE \u2013 Elco LED Lighting<\/title>\n<meta name=\"description\" content=\"DE Serisi S\u0131va Alt\u0131 downlight EDR-DE, d\u00fc\u015f\u00fck parlamal\u0131 derin g\u00f6vdesiyle modern i\u00e7 mek\u00e2nlara konforlu \u0131\u015f\u0131k sunar. Elco LED Solutions \u00fcr\u00fcnlerini ke\u015ffedin.\" \/>\n<meta name=\"robots\" content=\"index, follow, max-snippet:-1, max-image-preview:large, max-video-preview:-1\" \/>\n<link rel=\"canonical\" href=\"https:\/\/elcoled.com\/tr\/urun\/de-serisi-siva-alti-downlight\/\" \/>\n<meta property=\"og:locale\" content=\"tr_TR\" \/>\n<meta property=\"og:type\" content=\"article\" \/>\n<meta property=\"og:title\" content=\"Elco Downlight DE Serisi \/ EDR-DE\" \/>\n<meta property=\"og:description\" content=\"DE Serisi S\u0131va Alt\u0131 downlight EDR-DE, d\u00fc\u015f\u00fck parlamal\u0131 derin g\u00f6vdesiyle modern i\u00e7 mek\u00e2nlara konforlu \u0131\u015f\u0131k sunar. Elco LED Solutions \u00fcr\u00fcnlerini ke\u015ffedin.\" \/>\n<meta property=\"og:url\" content=\"https:\/\/elcoled.com\/tr\/urun\/de-serisi-siva-alti-downlight\/\" \/>\n<meta property=\"og:site_name\" content=\"ELCOLED Solutions\" \/>\n<meta property=\"article:publisher\" content=\"https:\/\/www.facebook.com\/elcoledsolutions\" \/>\n<meta property=\"article:modified_time\" content=\"2026-01-08T11:19:17+00:00\" \/>\n<meta property=\"og:image\" content=\"https:\/\/elcoled.com\/wp-content\/uploads\/2025\/12\/EDR-DE98_v2_elco.jpg\" \/>\n\t<meta property=\"og:image:width\" content=\"1000\" \/>\n\t<meta property=\"og:image:height\" content=\"1000\" \/>\n\t<meta property=\"og:image:type\" content=\"image\/jpeg\" \/>\n<meta name=\"twitter:card\" content=\"summary_large_image\" \/>\n<meta name=\"twitter:label1\" content=\"Tahmini okuma s\u00fcresi\" \/>\n\t<meta name=\"twitter:data1\" content=\"1 dakika\" \/>\n<script type=\"application\/ld+json\" class=\"yoast-schema-graph\">{\"@context\":\"https:\/\/schema.org\",\"@graph\":[{\"@type\":\"WebPage\",\"@id\":\"https:\/\/elcoled.com\/tr\/urun\/de-serisi-siva-alti-downlight\/\",\"url\":\"https:\/\/elcoled.com\/tr\/urun\/de-serisi-siva-alti-downlight\/\",\"name\":\"DE Serisi S\u0131va Alt\u0131 Downlight EDR-DE \u2013 Elco LED Lighting\",\"isPartOf\":{\"@id\":\"https:\/\/elcoled.com\/#website\"},\"primaryImageOfPage\":{\"@id\":\"https:\/\/elcoled.com\/tr\/urun\/de-serisi-siva-alti-downlight\/#primaryimage\"},\"image\":{\"@id\":\"https:\/\/elcoled.com\/tr\/urun\/de-serisi-siva-alti-downlight\/#primaryimage\"},\"thumbnailUrl\":\"https:\/\/elcoled.com\/wp-content\/uploads\/2025\/12\/EDR-DE98_v2_elco.jpg\",\"datePublished\":\"2025-12-01T07:41:07+00:00\",\"dateModified\":\"2026-01-08T11:19:17+00:00\",\"description\":\"DE Serisi S\u0131va Alt\u0131 downlight EDR-DE, d\u00fc\u015f\u00fck parlamal\u0131 derin g\u00f6vdesiyle modern i\u00e7 mek\u00e2nlara konforlu \u0131\u015f\u0131k sunar. Elco LED Solutions \u00fcr\u00fcnlerini ke\u015ffedin.\",\"breadcrumb\":{\"@id\":\"https:\/\/elcoled.com\/tr\/urun\/de-serisi-siva-alti-downlight\/#breadcrumb\"},\"inLanguage\":\"tr\",\"potentialAction\":[{\"@type\":\"ReadAction\",\"target\":[\"https:\/\/elcoled.com\/tr\/urun\/de-serisi-siva-alti-downlight\/\"]}]},{\"@type\":\"ImageObject\",\"inLanguage\":\"tr\",\"@id\":\"https:\/\/elcoled.com\/tr\/urun\/de-serisi-siva-alti-downlight\/#primaryimage\",\"url\":\"https:\/\/elcoled.com\/wp-content\/uploads\/2025\/12\/EDR-DE98_v2_elco.jpg\",\"contentUrl\":\"https:\/\/elcoled.com\/wp-content\/uploads\/2025\/12\/EDR-DE98_v2_elco.jpg\",\"width\":1000,\"height\":1000,\"caption\":\"DE Series recessed downlight Elco LED Solutions EDR-DE recessed LED downlight DE Serisi g\u00f6mme downlight Elco LED Solutions EDR-DE g\u00f6mme LED downlight\"},{\"@type\":\"BreadcrumbList\",\"@id\":\"https:\/\/elcoled.com\/tr\/urun\/de-serisi-siva-alti-downlight\/#breadcrumb\",\"itemListElement\":[{\"@type\":\"ListItem\",\"position\":1,\"name\":\"Home\",\"item\":\"https:\/\/elcoled.com\/tr\/\"},{\"@type\":\"ListItem\",\"position\":2,\"name\":\"\u00dcr\u00fcnler\",\"item\":\"https:\/\/elcoled.com\/tr\/urunler\/\"},{\"@type\":\"ListItem\",\"position\":3,\"name\":\"Elco Downlight DE Serisi \/ EDR-DE\"}]},{\"@type\":\"WebSite\",\"@id\":\"https:\/\/elcoled.com\/#website\",\"url\":\"https:\/\/elcoled.com\/\",\"name\":\"ELCOLED Solutions\",\"description\":\"\",\"publisher\":{\"@id\":\"https:\/\/elcoled.com\/#organization\"},\"potentialAction\":[{\"@type\":\"SearchAction\",\"target\":{\"@type\":\"EntryPoint\",\"urlTemplate\":\"https:\/\/elcoled.com\/?s={search_term_string}\"},\"query-input\":{\"@type\":\"PropertyValueSpecification\",\"valueRequired\":true,\"valueName\":\"search_term_string\"}}],\"inLanguage\":\"tr\"},{\"@type\":\"Organization\",\"@id\":\"https:\/\/elcoled.com\/#organization\",\"name\":\"ELCOLED Solutions\",\"url\":\"https:\/\/elcoled.com\/\",\"logo\":{\"@type\":\"ImageObject\",\"inLanguage\":\"tr\",\"@id\":\"https:\/\/elcoled.com\/#\/schema\/logo\/image\/\",\"url\":\"https:\/\/elcoled.com\/wp-content\/uploads\/2025\/03\/Logo_BlackELCO_.webp\",\"contentUrl\":\"https:\/\/elcoled.com\/wp-content\/uploads\/2025\/03\/Logo_BlackELCO_.webp\",\"width\":145,\"height\":147,\"caption\":\"ELCOLED Solutions\"},\"image\":{\"@id\":\"https:\/\/elcoled.com\/#\/schema\/logo\/image\/\"},\"sameAs\":[\"https:\/\/www.facebook.com\/elcoledsolutions\",\"https:\/\/www.instagram.com\/elcoledsolutions\/\"]}]}<\/script>\n<!-- \/ Yoast SEO Premium plugin. -->","yoast_head_json":{"title":"DE Serisi S\u0131va Alt\u0131 Downlight EDR-DE \u2013 Elco LED Lighting","description":"DE Serisi S\u0131va Alt\u0131 downlight EDR-DE, d\u00fc\u015f\u00fck parlamal\u0131 derin g\u00f6vdesiyle modern i\u00e7 mek\u00e2nlara konforlu \u0131\u015f\u0131k sunar. Elco LED Solutions \u00fcr\u00fcnlerini ke\u015ffedin.","robots":{"index":"index","follow":"follow","max-snippet":"max-snippet:-1","max-image-preview":"max-image-preview:large","max-video-preview":"max-video-preview:-1"},"canonical":"https:\/\/elcoled.com\/tr\/urun\/de-serisi-siva-alti-downlight\/","og_locale":"tr_TR","og_type":"article","og_title":"Elco Downlight DE Serisi \/ EDR-DE","og_description":"DE Serisi S\u0131va Alt\u0131 downlight EDR-DE, d\u00fc\u015f\u00fck parlamal\u0131 derin g\u00f6vdesiyle modern i\u00e7 mek\u00e2nlara konforlu \u0131\u015f\u0131k sunar. Elco LED Solutions \u00fcr\u00fcnlerini ke\u015ffedin.","og_url":"https:\/\/elcoled.com\/tr\/urun\/de-serisi-siva-alti-downlight\/","og_site_name":"ELCOLED Solutions","article_publisher":"https:\/\/www.facebook.com\/elcoledsolutions","article_modified_time":"2026-01-08T11:19:17+00:00","og_image":[{"width":1000,"height":1000,"url":"https:\/\/elcoled.com\/wp-content\/uploads\/2025\/12\/EDR-DE98_v2_elco.jpg","type":"image\/jpeg"}],"twitter_card":"summary_large_image","twitter_misc":{"Tahmini okuma s\u00fcresi":"1 dakika"},"schema":{"@context":"https:\/\/schema.org","@graph":[{"@type":"WebPage","@id":"https:\/\/elcoled.com\/tr\/urun\/de-serisi-siva-alti-downlight\/","url":"https:\/\/elcoled.com\/tr\/urun\/de-serisi-siva-alti-downlight\/","name":"DE Serisi S\u0131va Alt\u0131 Downlight EDR-DE \u2013 Elco LED Lighting","isPartOf":{"@id":"https:\/\/elcoled.com\/#website"},"primaryImageOfPage":{"@id":"https:\/\/elcoled.com\/tr\/urun\/de-serisi-siva-alti-downlight\/#primaryimage"},"image":{"@id":"https:\/\/elcoled.com\/tr\/urun\/de-serisi-siva-alti-downlight\/#primaryimage"},"thumbnailUrl":"https:\/\/elcoled.com\/wp-content\/uploads\/2025\/12\/EDR-DE98_v2_elco.jpg","datePublished":"2025-12-01T07:41:07+00:00","dateModified":"2026-01-08T11:19:17+00:00","description":"DE Serisi S\u0131va Alt\u0131 downlight EDR-DE, d\u00fc\u015f\u00fck parlamal\u0131 derin g\u00f6vdesiyle modern i\u00e7 mek\u00e2nlara konforlu \u0131\u015f\u0131k sunar. Elco LED Solutions \u00fcr\u00fcnlerini ke\u015ffedin.","breadcrumb":{"@id":"https:\/\/elcoled.com\/tr\/urun\/de-serisi-siva-alti-downlight\/#breadcrumb"},"inLanguage":"tr","potentialAction":[{"@type":"ReadAction","target":["https:\/\/elcoled.com\/tr\/urun\/de-serisi-siva-alti-downlight\/"]}]},{"@type":"ImageObject","inLanguage":"tr","@id":"https:\/\/elcoled.com\/tr\/urun\/de-serisi-siva-alti-downlight\/#primaryimage","url":"https:\/\/elcoled.com\/wp-content\/uploads\/2025\/12\/EDR-DE98_v2_elco.jpg","contentUrl":"https:\/\/elcoled.com\/wp-content\/uploads\/2025\/12\/EDR-DE98_v2_elco.jpg","width":1000,"height":1000,"caption":"DE Series recessed downlight Elco LED Solutions EDR-DE recessed LED downlight DE Serisi g\u00f6mme downlight Elco LED Solutions EDR-DE g\u00f6mme LED downlight"},{"@type":"BreadcrumbList","@id":"https:\/\/elcoled.com\/tr\/urun\/de-serisi-siva-alti-downlight\/#breadcrumb","itemListElement":[{"@type":"ListItem","position":1,"name":"Home","item":"https:\/\/elcoled.com\/tr\/"},{"@type":"ListItem","position":2,"name":"\u00dcr\u00fcnler","item":"https:\/\/elcoled.com\/tr\/urunler\/"},{"@type":"ListItem","position":3,"name":"Elco Downlight DE Serisi \/ EDR-DE"}]},{"@type":"WebSite","@id":"https:\/\/elcoled.com\/#website","url":"https:\/\/elcoled.com\/","name":"ELCOLED Solutions","description":"","publisher":{"@id":"https:\/\/elcoled.com\/#organization"},"potentialAction":[{"@type":"SearchAction","target":{"@type":"EntryPoint","urlTemplate":"https:\/\/elcoled.com\/?s={search_term_string}"},"query-input":{"@type":"PropertyValueSpecification","valueRequired":true,"valueName":"search_term_string"}}],"inLanguage":"tr"},{"@type":"Organization","@id":"https:\/\/elcoled.com\/#organization","name":"ELCOLED Solutions","url":"https:\/\/elcoled.com\/","logo":{"@type":"ImageObject","inLanguage":"tr","@id":"https:\/\/elcoled.com\/#\/schema\/logo\/image\/","url":"https:\/\/elcoled.com\/wp-content\/uploads\/2025\/03\/Logo_BlackELCO_.webp","contentUrl":"https:\/\/elcoled.com\/wp-content\/uploads\/2025\/03\/Logo_BlackELCO_.webp","width":145,"height":147,"caption":"ELCOLED Solutions"},"image":{"@id":"https:\/\/elcoled.com\/#\/schema\/logo\/image\/"},"sameAs":["https:\/\/www.facebook.com\/elcoledsolutions","https:\/\/www.instagram.com\/elcoledsolutions\/"]}]}},"_links":{"self":[{"href":"https:\/\/elcoled.com\/tr\/wp-json\/wp\/v2\/product\/7439","targetHints":{"allow":["GET"]}}],"collection":[{"href":"https:\/\/elcoled.com\/tr\/wp-json\/wp\/v2\/product"}],"about":[{"href":"https:\/\/elcoled.com\/tr\/wp-json\/wp\/v2\/types\/product"}],"replies":[{"embeddable":true,"href":"https:\/\/elcoled.com\/tr\/wp-json\/wp\/v2\/comments?post=7439"}],"wp:featuredmedia":[{"embeddable":true,"href":"https:\/\/elcoled.com\/tr\/wp-json\/wp\/v2\/media\/7435"}],"wp:attachment":[{"href":"https:\/\/elcoled.com\/tr\/wp-json\/wp\/v2\/media?parent=7439"}],"wp:term":[{"taxonomy":"product_brand","embeddable":true,"href":"https:\/\/elcoled.com\/tr\/wp-json\/wp\/v2\/product_brand?post=7439"},{"taxonomy":"product_cat","embeddable":true,"href":"https:\/\/elcoled.com\/tr\/wp-json\/wp\/v2\/product_cat?post=7439"},{"taxonomy":"product_tag","embeddable":true,"href":"https:\/\/elcoled.com\/tr\/wp-json\/wp\/v2\/product_tag?post=7439"}],"curies":[{"name":"wp","href":"https:\/\/api.w.org\/{rel}","templated":true}]}}