{"id":7377,"date":"2025-10-15T10:16:16","date_gmt":"2025-10-15T10:16:16","guid":{"rendered":"https:\/\/elcoled.com\/product\/csm-series-recessed-downlight\/"},"modified":"2025-10-15T10:55:40","modified_gmt":"2025-10-15T10:55:40","slug":"elco-downlight-cosmo-1","status":"publish","type":"product","link":"https:\/\/elcoled.com\/tr\/urun\/elco-downlight-cosmo-1\/","title":{"rendered":"Elco Downlight Cosmo 1"},"content":{"rendered":"<p data-start=\"152\" data-end=\"420\"><strong data-start=\"175\" data-end=\"215\">Cosmo Serisi s\u0131va alt\u0131 spot EDR-CSM1<\/strong>, modern i\u00e7 mekanlara \u015f\u0131kl\u0131k ve esneklik kat\u0131yor. Bu s\u0131va alt\u0131 armat\u00fcr, Starlight, Graphite ve Deep Black renk se\u00e7enekleriyle profesyonel ofis, ma\u011faza, galeri veya otel alanlar\u0131na kusursuz uyum sa\u011fl\u0131yor.<\/p>\n<p data-start=\"422\" data-end=\"794\">Tek h\u00fccreli (kare) ve \u00e7ift h\u00fccreli (dikd\u00f6rtgen) s\u0131va alt\u0131 se\u00e7enekleriyle sunulan Cosmo Serisi, g\u00f6rsel denge ve l\u00fcks bir dokunu\u015f sunar. Elco LED m\u00fchendisli\u011fiyle \u00fcretilen bu armat\u00fcr, tutarl\u0131 \u0131\u015f\u0131k ak\u0131\u015f\u0131, d\u00fc\u015f\u00fck parlama ve y\u00fcksek renk geriverimi sa\u011flar. Geli\u015fmi\u015f parlama kontrol aksesuarlar\u0131yla uyumlu olup, tasar\u0131mc\u0131lar\u0131n \u0131\u015f\u0131\u011f\u0131 hassas \u015fekilde \u015fekillendirmesine olanak tan\u0131r.<\/p>\n<p data-start=\"796\" data-end=\"1041\">Cosmo 1, DALI ve ak\u0131ll\u0131 ayd\u0131nlatma kontrol sistemlerini destekleyerek enerji verimlili\u011fi ile \u015f\u0131kl\u0131\u011f\u0131 bir araya getirir. Estetik ve fonksiyonelli\u011fi bir arada sunan EDR-CSM1, mimari ayd\u0131nlatmada form ve performans\u0131n m\u00fckemmel uyumunu temsil eder.<\/p>\n<p data-start=\"1000\" data-end=\"1206\">\ud83d\udc49 Daha fazla Elco Sark\u0131t \u00dcr\u00fcnleri i\u00e7in <a href=\"https:\/\/elcoled.com\/products\/\">t\u0131klay\u0131n.<\/a><br \/>\n\ud83d\udc49 CrocDesign PCB teknolojisi hakk\u0131nda daha fazla bilgi i\u00e7in <a href=\"http:\/\/www.crocdesigns.com\">t\u0131klay\u0131n<\/a><\/p>\n","protected":false},"excerpt":{"rendered":"<p>Cosmo Serisi EDR-CSM1, tek ve \u00e7ift h\u00fccreli s\u0131va alt\u0131 tasar\u0131m\u0131, d\u00fc\u015f\u00fck parlama, \u015f\u0131k renk se\u00e7enekleri ve geli\u015fmi\u015f kontrol uyumlulu\u011fu sunar.<\/p>\n","protected":false},"featured_media":7356,"comment_status":"open","ping_status":"closed","template":"","meta":{"_acf_changed":false},"product_brand":[],"product_cat":[137],"product_tag":[],"class_list":{"0":"post-7377","1":"product","2":"type-product","3":"status-publish","4":"has-post-thumbnail","6":"product_cat-siva-alti","8":"first","9":"instock","10":"shipping-taxable","11":"product-type-simple"},"acf":[],"yoast_head":"<!-- This site is optimized with the Yoast SEO Premium plugin v25.1 (Yoast SEO v25.7) - https:\/\/yoast.com\/wordpress\/plugins\/seo\/ -->\n<title>Cosmo Serisi S\u0131va Alt\u0131 Spot EDR-CSM1 \u2013 Elco LED Lighting<\/title>\n<meta name=\"description\" content=\"Cosmo Serisi s\u0131va alt\u0131 spot EDR-CSM1, \u015f\u0131k renk se\u00e7enekleri, d\u00fc\u015f\u00fck parlama ve geli\u015fmi\u015f ayd\u0131nlatma kontrol\u00fc ile modern i\u00e7 mekanlara m\u00fckemmel uyum sa\u011flar.\" \/>\n<meta name=\"robots\" content=\"index, follow, max-snippet:-1, max-image-preview:large, max-video-preview:-1\" \/>\n<link rel=\"canonical\" href=\"https:\/\/elcoled.com\/tr\/urun\/elco-downlight-cosmo-1\/\" \/>\n<meta property=\"og:locale\" content=\"tr_TR\" \/>\n<meta property=\"og:type\" content=\"article\" \/>\n<meta property=\"og:title\" content=\"Elco Downlight Cosmo 1\" \/>\n<meta property=\"og:description\" content=\"Cosmo Serisi s\u0131va alt\u0131 spot EDR-CSM1, \u015f\u0131k renk se\u00e7enekleri, d\u00fc\u015f\u00fck parlama ve geli\u015fmi\u015f ayd\u0131nlatma kontrol\u00fc ile modern i\u00e7 mekanlara m\u00fckemmel uyum sa\u011flar.\" \/>\n<meta property=\"og:url\" content=\"https:\/\/elcoled.com\/tr\/urun\/elco-downlight-cosmo-1\/\" \/>\n<meta property=\"og:site_name\" content=\"ELCOLED Solutions\" \/>\n<meta property=\"article:publisher\" content=\"https:\/\/www.facebook.com\/elcoledsolutions\" \/>\n<meta property=\"article:modified_time\" content=\"2025-10-15T10:55:40+00:00\" \/>\n<meta property=\"og:image\" content=\"https:\/\/elcoled.com\/wp-content\/uploads\/2025\/10\/EDR-CSM1_elco.jpg\" \/>\n\t<meta property=\"og:image:width\" content=\"1000\" \/>\n\t<meta property=\"og:image:height\" content=\"1000\" \/>\n\t<meta property=\"og:image:type\" content=\"image\/jpeg\" \/>\n<meta name=\"twitter:card\" content=\"summary_large_image\" \/>\n<meta name=\"twitter:label1\" content=\"Tahmini okuma s\u00fcresi\" \/>\n\t<meta name=\"twitter:data1\" content=\"1 dakika\" \/>\n<script type=\"application\/ld+json\" class=\"yoast-schema-graph\">{\"@context\":\"https:\/\/schema.org\",\"@graph\":[{\"@type\":\"WebPage\",\"@id\":\"https:\/\/elcoled.com\/tr\/urun\/elco-downlight-cosmo-1\/\",\"url\":\"https:\/\/elcoled.com\/tr\/urun\/elco-downlight-cosmo-1\/\",\"name\":\"Cosmo Serisi S\u0131va Alt\u0131 Spot EDR-CSM1 \u2013 Elco LED Lighting\",\"isPartOf\":{\"@id\":\"https:\/\/elcoled.com\/#website\"},\"primaryImageOfPage\":{\"@id\":\"https:\/\/elcoled.com\/tr\/urun\/elco-downlight-cosmo-1\/#primaryimage\"},\"image\":{\"@id\":\"https:\/\/elcoled.com\/tr\/urun\/elco-downlight-cosmo-1\/#primaryimage\"},\"thumbnailUrl\":\"https:\/\/elcoled.com\/wp-content\/uploads\/2025\/10\/EDR-CSM1_elco.jpg\",\"datePublished\":\"2025-10-15T10:16:16+00:00\",\"dateModified\":\"2025-10-15T10:55:40+00:00\",\"description\":\"Cosmo Serisi s\u0131va alt\u0131 spot EDR-CSM1, \u015f\u0131k renk se\u00e7enekleri, d\u00fc\u015f\u00fck parlama ve geli\u015fmi\u015f ayd\u0131nlatma kontrol\u00fc ile modern i\u00e7 mekanlara m\u00fckemmel uyum sa\u011flar.\",\"breadcrumb\":{\"@id\":\"https:\/\/elcoled.com\/tr\/urun\/elco-downlight-cosmo-1\/#breadcrumb\"},\"inLanguage\":\"tr\",\"potentialAction\":[{\"@type\":\"ReadAction\",\"target\":[\"https:\/\/elcoled.com\/tr\/urun\/elco-downlight-cosmo-1\/\"]}]},{\"@type\":\"ImageObject\",\"inLanguage\":\"tr\",\"@id\":\"https:\/\/elcoled.com\/tr\/urun\/elco-downlight-cosmo-1\/#primaryimage\",\"url\":\"https:\/\/elcoled.com\/wp-content\/uploads\/2025\/10\/EDR-CSM1_elco.jpg\",\"contentUrl\":\"https:\/\/elcoled.com\/wp-content\/uploads\/2025\/10\/EDR-CSM1_elco.jpg\",\"width\":1000,\"height\":1000,\"caption\":\"Cosmo Series Recessed Downlight EDR-CSM1 by Elco LED Solutions Cosmo 1 S\u0131va Alt\u0131 Spot Cosmo Serisi S\u0131va Alt\u0131 Downlight EDR-CSM1 \u2013 Elco LED Solutions\"},{\"@type\":\"BreadcrumbList\",\"@id\":\"https:\/\/elcoled.com\/tr\/urun\/elco-downlight-cosmo-1\/#breadcrumb\",\"itemListElement\":[{\"@type\":\"ListItem\",\"position\":1,\"name\":\"Home\",\"item\":\"https:\/\/elcoled.com\/tr\/\"},{\"@type\":\"ListItem\",\"position\":2,\"name\":\"\u00dcr\u00fcnler\",\"item\":\"https:\/\/elcoled.com\/tr\/urunler\/\"},{\"@type\":\"ListItem\",\"position\":3,\"name\":\"Elco Downlight Cosmo 1\"}]},{\"@type\":\"WebSite\",\"@id\":\"https:\/\/elcoled.com\/#website\",\"url\":\"https:\/\/elcoled.com\/\",\"name\":\"ELCOLED Solutions\",\"description\":\"\",\"publisher\":{\"@id\":\"https:\/\/elcoled.com\/#organization\"},\"potentialAction\":[{\"@type\":\"SearchAction\",\"target\":{\"@type\":\"EntryPoint\",\"urlTemplate\":\"https:\/\/elcoled.com\/?s={search_term_string}\"},\"query-input\":{\"@type\":\"PropertyValueSpecification\",\"valueRequired\":true,\"valueName\":\"search_term_string\"}}],\"inLanguage\":\"tr\"},{\"@type\":\"Organization\",\"@id\":\"https:\/\/elcoled.com\/#organization\",\"name\":\"ELCOLED Solutions\",\"url\":\"https:\/\/elcoled.com\/\",\"logo\":{\"@type\":\"ImageObject\",\"inLanguage\":\"tr\",\"@id\":\"https:\/\/elcoled.com\/#\/schema\/logo\/image\/\",\"url\":\"https:\/\/elcoled.com\/wp-content\/uploads\/2025\/03\/Logo_BlackELCO_.webp\",\"contentUrl\":\"https:\/\/elcoled.com\/wp-content\/uploads\/2025\/03\/Logo_BlackELCO_.webp\",\"width\":145,\"height\":147,\"caption\":\"ELCOLED Solutions\"},\"image\":{\"@id\":\"https:\/\/elcoled.com\/#\/schema\/logo\/image\/\"},\"sameAs\":[\"https:\/\/www.facebook.com\/elcoledsolutions\",\"https:\/\/www.instagram.com\/elcoledsolutions\/\"]}]}<\/script>\n<!-- \/ Yoast SEO Premium plugin. -->","yoast_head_json":{"title":"Cosmo Serisi S\u0131va Alt\u0131 Spot EDR-CSM1 \u2013 Elco LED Lighting","description":"Cosmo Serisi s\u0131va alt\u0131 spot EDR-CSM1, \u015f\u0131k renk se\u00e7enekleri, d\u00fc\u015f\u00fck parlama ve geli\u015fmi\u015f ayd\u0131nlatma kontrol\u00fc ile modern i\u00e7 mekanlara m\u00fckemmel uyum sa\u011flar.","robots":{"index":"index","follow":"follow","max-snippet":"max-snippet:-1","max-image-preview":"max-image-preview:large","max-video-preview":"max-video-preview:-1"},"canonical":"https:\/\/elcoled.com\/tr\/urun\/elco-downlight-cosmo-1\/","og_locale":"tr_TR","og_type":"article","og_title":"Elco Downlight Cosmo 1","og_description":"Cosmo Serisi s\u0131va alt\u0131 spot EDR-CSM1, \u015f\u0131k renk se\u00e7enekleri, d\u00fc\u015f\u00fck parlama ve geli\u015fmi\u015f ayd\u0131nlatma kontrol\u00fc ile modern i\u00e7 mekanlara m\u00fckemmel uyum sa\u011flar.","og_url":"https:\/\/elcoled.com\/tr\/urun\/elco-downlight-cosmo-1\/","og_site_name":"ELCOLED Solutions","article_publisher":"https:\/\/www.facebook.com\/elcoledsolutions","article_modified_time":"2025-10-15T10:55:40+00:00","og_image":[{"width":1000,"height":1000,"url":"https:\/\/elcoled.com\/wp-content\/uploads\/2025\/10\/EDR-CSM1_elco.jpg","type":"image\/jpeg"}],"twitter_card":"summary_large_image","twitter_misc":{"Tahmini okuma s\u00fcresi":"1 dakika"},"schema":{"@context":"https:\/\/schema.org","@graph":[{"@type":"WebPage","@id":"https:\/\/elcoled.com\/tr\/urun\/elco-downlight-cosmo-1\/","url":"https:\/\/elcoled.com\/tr\/urun\/elco-downlight-cosmo-1\/","name":"Cosmo Serisi S\u0131va Alt\u0131 Spot EDR-CSM1 \u2013 Elco LED Lighting","isPartOf":{"@id":"https:\/\/elcoled.com\/#website"},"primaryImageOfPage":{"@id":"https:\/\/elcoled.com\/tr\/urun\/elco-downlight-cosmo-1\/#primaryimage"},"image":{"@id":"https:\/\/elcoled.com\/tr\/urun\/elco-downlight-cosmo-1\/#primaryimage"},"thumbnailUrl":"https:\/\/elcoled.com\/wp-content\/uploads\/2025\/10\/EDR-CSM1_elco.jpg","datePublished":"2025-10-15T10:16:16+00:00","dateModified":"2025-10-15T10:55:40+00:00","description":"Cosmo Serisi s\u0131va alt\u0131 spot EDR-CSM1, \u015f\u0131k renk se\u00e7enekleri, d\u00fc\u015f\u00fck parlama ve geli\u015fmi\u015f ayd\u0131nlatma kontrol\u00fc ile modern i\u00e7 mekanlara m\u00fckemmel uyum sa\u011flar.","breadcrumb":{"@id":"https:\/\/elcoled.com\/tr\/urun\/elco-downlight-cosmo-1\/#breadcrumb"},"inLanguage":"tr","potentialAction":[{"@type":"ReadAction","target":["https:\/\/elcoled.com\/tr\/urun\/elco-downlight-cosmo-1\/"]}]},{"@type":"ImageObject","inLanguage":"tr","@id":"https:\/\/elcoled.com\/tr\/urun\/elco-downlight-cosmo-1\/#primaryimage","url":"https:\/\/elcoled.com\/wp-content\/uploads\/2025\/10\/EDR-CSM1_elco.jpg","contentUrl":"https:\/\/elcoled.com\/wp-content\/uploads\/2025\/10\/EDR-CSM1_elco.jpg","width":1000,"height":1000,"caption":"Cosmo Series Recessed Downlight EDR-CSM1 by Elco LED Solutions Cosmo 1 S\u0131va Alt\u0131 Spot Cosmo Serisi S\u0131va Alt\u0131 Downlight EDR-CSM1 \u2013 Elco LED Solutions"},{"@type":"BreadcrumbList","@id":"https:\/\/elcoled.com\/tr\/urun\/elco-downlight-cosmo-1\/#breadcrumb","itemListElement":[{"@type":"ListItem","position":1,"name":"Home","item":"https:\/\/elcoled.com\/tr\/"},{"@type":"ListItem","position":2,"name":"\u00dcr\u00fcnler","item":"https:\/\/elcoled.com\/tr\/urunler\/"},{"@type":"ListItem","position":3,"name":"Elco Downlight Cosmo 1"}]},{"@type":"WebSite","@id":"https:\/\/elcoled.com\/#website","url":"https:\/\/elcoled.com\/","name":"ELCOLED Solutions","description":"","publisher":{"@id":"https:\/\/elcoled.com\/#organization"},"potentialAction":[{"@type":"SearchAction","target":{"@type":"EntryPoint","urlTemplate":"https:\/\/elcoled.com\/?s={search_term_string}"},"query-input":{"@type":"PropertyValueSpecification","valueRequired":true,"valueName":"search_term_string"}}],"inLanguage":"tr"},{"@type":"Organization","@id":"https:\/\/elcoled.com\/#organization","name":"ELCOLED Solutions","url":"https:\/\/elcoled.com\/","logo":{"@type":"ImageObject","inLanguage":"tr","@id":"https:\/\/elcoled.com\/#\/schema\/logo\/image\/","url":"https:\/\/elcoled.com\/wp-content\/uploads\/2025\/03\/Logo_BlackELCO_.webp","contentUrl":"https:\/\/elcoled.com\/wp-content\/uploads\/2025\/03\/Logo_BlackELCO_.webp","width":145,"height":147,"caption":"ELCOLED Solutions"},"image":{"@id":"https:\/\/elcoled.com\/#\/schema\/logo\/image\/"},"sameAs":["https:\/\/www.facebook.com\/elcoledsolutions","https:\/\/www.instagram.com\/elcoledsolutions\/"]}]}},"_links":{"self":[{"href":"https:\/\/elcoled.com\/tr\/wp-json\/wp\/v2\/product\/7377","targetHints":{"allow":["GET"]}}],"collection":[{"href":"https:\/\/elcoled.com\/tr\/wp-json\/wp\/v2\/product"}],"about":[{"href":"https:\/\/elcoled.com\/tr\/wp-json\/wp\/v2\/types\/product"}],"replies":[{"embeddable":true,"href":"https:\/\/elcoled.com\/tr\/wp-json\/wp\/v2\/comments?post=7377"}],"wp:featuredmedia":[{"embeddable":true,"href":"https:\/\/elcoled.com\/tr\/wp-json\/wp\/v2\/media\/7356"}],"wp:attachment":[{"href":"https:\/\/elcoled.com\/tr\/wp-json\/wp\/v2\/media?parent=7377"}],"wp:term":[{"taxonomy":"product_brand","embeddable":true,"href":"https:\/\/elcoled.com\/tr\/wp-json\/wp\/v2\/product_brand?post=7377"},{"taxonomy":"product_cat","embeddable":true,"href":"https:\/\/elcoled.com\/tr\/wp-json\/wp\/v2\/product_cat?post=7377"},{"taxonomy":"product_tag","embeddable":true,"href":"https:\/\/elcoled.com\/tr\/wp-json\/wp\/v2\/product_tag?post=7377"}],"curies":[{"name":"wp","href":"https:\/\/api.w.org\/{rel}","templated":true}]}}