{"id":7304,"date":"2025-08-21T12:49:43","date_gmt":"2025-08-21T12:49:43","guid":{"rendered":"https:\/\/elcoled.com\/?post_type=product&#038;p=7304"},"modified":"2025-08-22T07:51:59","modified_gmt":"2025-08-22T07:51:59","slug":"ss-serisi-suya-dayanikli-downlight","status":"publish","type":"product","link":"https:\/\/elcoled.com\/tr\/urun\/ss-serisi-suya-dayanikli-downlight\/","title":{"rendered":"Elco Downlight SS Serisi"},"content":{"rendered":"<p data-start=\"148\" data-end=\"413\"><strong data-start=\"148\" data-end=\"185\">Elco LED SS Serisi IP65 Downlight<\/strong>, hem i\u00e7 hem de d\u0131\u015f mek\u00e2nlarda \u00fcst\u00fcn performans sunmak \u00fczere tasarlanm\u0131\u015ft\u0131r. <strong data-start=\"262\" data-end=\"307\">IP65 suya ve toza dayan\u0131kl\u0131 koruma s\u0131n\u0131f\u0131<\/strong> sayesinde nem, toz veya zorlu \u00e7evresel ko\u015fullar\u0131n bulundu\u011fu alanlarda bile g\u00fcvenilir ayd\u0131nlatma sa\u011flar.<\/p>\n<p data-start=\"415\" data-end=\"793\">Elco Downlight ailesinin bir par\u00e7as\u0131 olan SS Serisi, <strong data-start=\"468\" data-end=\"539\">modern tasar\u0131m, g\u00fc\u00e7l\u00fc m\u00fchendislik ve esnek ayd\u0131nlatma se\u00e7eneklerini<\/strong> bir arada sunar. \u00dc\u00e7 farkl\u0131 g\u00fc\u00e7 alternatifiyle, her projeye uygun \u0131\u015f\u0131k ak\u0131s\u0131 sa\u011flanabilir. \u0130ster mek\u00e2nda yumu\u015fak bir genel ayd\u0131nlatma yaratmak, isterse de belirli mimari detaylar\u0131 g\u00fc\u00e7l\u00fc bir \u0131\u015f\u0131kla vurgulamak ama\u00e7lans\u0131n, SS Serisi do\u011fru \u00e7\u00f6z\u00fcmleri sunar.<\/p>\n<p data-start=\"795\" data-end=\"1119\">Tasar\u0131m \u00f6zg\u00fcrl\u00fc\u011f\u00fcn\u00fc art\u0131rmak i\u00e7in geni\u015f bir <strong data-start=\"839\" data-end=\"856\">lens se\u00e7ene\u011fi<\/strong> sunar. Dar a\u00e7\u0131l\u0131 spot ayd\u0131nlatmadan geni\u015f a\u00e7\u0131l\u0131 genel ayd\u0131nlatmaya kadar farkl\u0131 \u0131\u015f\u0131k da\u011f\u0131l\u0131mlar\u0131na imk\u00e2n verir. B\u00f6ylece konut projelerinden otellere, perakende alanlar\u0131ndan ofislere veya d\u0131\u015f mek\u00e2n ge\u00e7i\u015f yollar\u0131na kadar \u00e7ok \u00e7e\u015fitli uygulamalarda kullan\u0131labilir.<\/p>\n<p data-start=\"1121\" data-end=\"1418\">Mimari uyum a\u00e7\u0131s\u0131ndan ise SS Serisi, <strong data-start=\"1158\" data-end=\"1182\">\u00fc\u00e7 farkl\u0131 kasa rengi<\/strong> se\u00e7ene\u011fiyle gelir. Bu sayede s\u0131va alt\u0131 armat\u00fcr, mek\u00e2n\u0131n i\u00e7 ya da d\u0131\u015f mimarisiyle b\u00fct\u00fcnle\u015ferek \u015f\u0131k ve sade bir g\u00f6r\u00fcn\u00fcm sa\u011flar. Minimalist tasar\u0131m\u0131, y\u00fcksek \u0131\u015f\u0131k verimiyle birle\u015ferek hem g\u00f6rsel estetik hem de fonksiyonel kullan\u0131m sunar.<\/p>\n<p data-start=\"1420\" data-end=\"1652\"><strong data-start=\"1420\" data-end=\"1515\">IP65 koruma, enerji verimli LED teknolojisi, \u00e7ok y\u00f6nl\u00fc optik se\u00e7enekler ve estetik esneklik<\/strong> \u00f6zelliklerini bir araya getiren Elco LED <strong data-start=\"1557\" data-end=\"1585\">SS Serisi IP65 Downlight<\/strong>, modern ayd\u0131nlatma projeleri i\u00e7in g\u00fcvenilir ve \u015f\u0131k bir \u00e7\u00f6z\u00fcmd\u00fcr.<\/p>\n<p data-start=\"1000\" data-end=\"1206\">\ud83d\udc49 Daha fazla Elco Sark\u0131t \u00dcr\u00fcnleri i\u00e7in <a href=\"https:\/\/elcoled.com\/products\/\">t\u0131klay\u0131n.<\/a><br \/>\n\ud83d\udc49 CrocDesign PCB teknolojisi hakk\u0131nda daha fazla bilgi i\u00e7in <a href=\"http:\/\/www.crocdesigns.com\">t\u0131klay\u0131n<\/a><\/p>\n","protected":false},"excerpt":{"rendered":"<p data-start=\"1690\" data-end=\"1873\">Elco LED SS Serisi EDR-SS, <strong data-start=\"1717\" data-end=\"1754\">IP65 korumal\u0131 s\u0131va alt\u0131 downlight<\/strong> \u00e7\u00f6z\u00fcm\u00fcd\u00fcr. Geni\u015f lens se\u00e7enekleri, \u00fc\u00e7 farkl\u0131 g\u00fc\u00e7 ve kasa rengi ile i\u00e7 ve d\u0131\u015f mek\u00e2nlarda g\u00fcvenilir performans sa\u011flar.<\/p>\n","protected":false},"featured_media":7318,"comment_status":"open","ping_status":"closed","template":"","meta":{"_acf_changed":false},"product_brand":[],"product_cat":[137],"product_tag":[],"class_list":{"0":"post-7304","1":"product","2":"type-product","3":"status-publish","4":"has-post-thumbnail","6":"product_cat-siva-alti","8":"first","9":"instock","10":"shipping-taxable","11":"product-type-simple"},"acf":[],"yoast_head":"<!-- This site is optimized with the Yoast SEO Premium plugin v25.1 (Yoast SEO v25.7) - https:\/\/yoast.com\/wordpress\/plugins\/seo\/ -->\n<title>SS Series IP65 Downlight EDR-SS by Elco LED Lighting<\/title>\n<meta name=\"description\" content=\"Elco LED SS Serisi IP65 Downlight: suya dayan\u0131kl\u0131 s\u0131va alt\u0131 armat\u00fcr. Lens, g\u00fc\u00e7 ve renk se\u00e7enekleriyle i\u00e7 ve d\u0131\u015f mek\u00e2nlara uyum sa\u011flar.\" \/>\n<meta name=\"robots\" content=\"index, follow, max-snippet:-1, max-image-preview:large, max-video-preview:-1\" \/>\n<link rel=\"canonical\" href=\"https:\/\/elcoled.com\/tr\/urun\/ss-serisi-suya-dayanikli-downlight\/\" \/>\n<meta property=\"og:locale\" content=\"tr_TR\" \/>\n<meta property=\"og:type\" content=\"article\" \/>\n<meta property=\"og:title\" content=\"Elco Downlight SS Serisi\" \/>\n<meta property=\"og:description\" content=\"Elco LED SS Serisi IP65 Downlight: suya dayan\u0131kl\u0131 s\u0131va alt\u0131 armat\u00fcr. Lens, g\u00fc\u00e7 ve renk se\u00e7enekleriyle i\u00e7 ve d\u0131\u015f mek\u00e2nlara uyum sa\u011flar.\" \/>\n<meta property=\"og:url\" content=\"https:\/\/elcoled.com\/tr\/urun\/ss-serisi-suya-dayanikli-downlight\/\" \/>\n<meta property=\"og:site_name\" content=\"ELCOLED Solutions\" \/>\n<meta property=\"article:publisher\" content=\"https:\/\/www.facebook.com\/elcoledsolutions\" \/>\n<meta property=\"article:modified_time\" content=\"2025-08-22T07:51:59+00:00\" \/>\n<meta property=\"og:image\" content=\"https:\/\/elcoled.com\/wp-content\/uploads\/2025\/08\/EDR-SSX-Elco.jpg\" \/>\n\t<meta property=\"og:image:width\" content=\"1000\" \/>\n\t<meta property=\"og:image:height\" content=\"1000\" \/>\n\t<meta property=\"og:image:type\" content=\"image\/jpeg\" \/>\n<meta name=\"twitter:card\" content=\"summary_large_image\" \/>\n<meta name=\"twitter:label1\" content=\"Tahmini okuma s\u00fcresi\" \/>\n\t<meta name=\"twitter:data1\" content=\"2 dakika\" \/>\n<script type=\"application\/ld+json\" class=\"yoast-schema-graph\">{\"@context\":\"https:\/\/schema.org\",\"@graph\":[{\"@type\":\"WebPage\",\"@id\":\"https:\/\/elcoled.com\/tr\/urun\/ss-serisi-suya-dayanikli-downlight\/\",\"url\":\"https:\/\/elcoled.com\/tr\/urun\/ss-serisi-suya-dayanikli-downlight\/\",\"name\":\"SS Series IP65 Downlight EDR-SS by Elco LED Lighting\",\"isPartOf\":{\"@id\":\"https:\/\/elcoled.com\/#website\"},\"primaryImageOfPage\":{\"@id\":\"https:\/\/elcoled.com\/tr\/urun\/ss-serisi-suya-dayanikli-downlight\/#primaryimage\"},\"image\":{\"@id\":\"https:\/\/elcoled.com\/tr\/urun\/ss-serisi-suya-dayanikli-downlight\/#primaryimage\"},\"thumbnailUrl\":\"https:\/\/elcoled.com\/wp-content\/uploads\/2025\/08\/EDR-SSX_elco_v3.jpg\",\"datePublished\":\"2025-08-21T12:49:43+00:00\",\"dateModified\":\"2025-08-22T07:51:59+00:00\",\"description\":\"Elco LED SS Serisi IP65 Downlight: suya dayan\u0131kl\u0131 s\u0131va alt\u0131 armat\u00fcr. Lens, g\u00fc\u00e7 ve renk se\u00e7enekleriyle i\u00e7 ve d\u0131\u015f mek\u00e2nlara uyum sa\u011flar.\",\"breadcrumb\":{\"@id\":\"https:\/\/elcoled.com\/tr\/urun\/ss-serisi-suya-dayanikli-downlight\/#breadcrumb\"},\"inLanguage\":\"tr\",\"potentialAction\":[{\"@type\":\"ReadAction\",\"target\":[\"https:\/\/elcoled.com\/tr\/urun\/ss-serisi-suya-dayanikli-downlight\/\"]}]},{\"@type\":\"ImageObject\",\"inLanguage\":\"tr\",\"@id\":\"https:\/\/elcoled.com\/tr\/urun\/ss-serisi-suya-dayanikli-downlight\/#primaryimage\",\"url\":\"https:\/\/elcoled.com\/wp-content\/uploads\/2025\/08\/EDR-SSX_elco_v3.jpg\",\"contentUrl\":\"https:\/\/elcoled.com\/wp-content\/uploads\/2025\/08\/EDR-SSX_elco_v3.jpg\",\"width\":1000,\"height\":1000},{\"@type\":\"BreadcrumbList\",\"@id\":\"https:\/\/elcoled.com\/tr\/urun\/ss-serisi-suya-dayanikli-downlight\/#breadcrumb\",\"itemListElement\":[{\"@type\":\"ListItem\",\"position\":1,\"name\":\"Home\",\"item\":\"https:\/\/elcoled.com\/tr\/\"},{\"@type\":\"ListItem\",\"position\":2,\"name\":\"\u00dcr\u00fcnler\",\"item\":\"https:\/\/elcoled.com\/tr\/urunler\/\"},{\"@type\":\"ListItem\",\"position\":3,\"name\":\"Elco Downlight SS Serisi\"}]},{\"@type\":\"WebSite\",\"@id\":\"https:\/\/elcoled.com\/#website\",\"url\":\"https:\/\/elcoled.com\/\",\"name\":\"ELCOLED Solutions\",\"description\":\"\",\"publisher\":{\"@id\":\"https:\/\/elcoled.com\/#organization\"},\"potentialAction\":[{\"@type\":\"SearchAction\",\"target\":{\"@type\":\"EntryPoint\",\"urlTemplate\":\"https:\/\/elcoled.com\/?s={search_term_string}\"},\"query-input\":{\"@type\":\"PropertyValueSpecification\",\"valueRequired\":true,\"valueName\":\"search_term_string\"}}],\"inLanguage\":\"tr\"},{\"@type\":\"Organization\",\"@id\":\"https:\/\/elcoled.com\/#organization\",\"name\":\"ELCOLED Solutions\",\"url\":\"https:\/\/elcoled.com\/\",\"logo\":{\"@type\":\"ImageObject\",\"inLanguage\":\"tr\",\"@id\":\"https:\/\/elcoled.com\/#\/schema\/logo\/image\/\",\"url\":\"https:\/\/elcoled.com\/wp-content\/uploads\/2025\/03\/Logo_BlackELCO_.webp\",\"contentUrl\":\"https:\/\/elcoled.com\/wp-content\/uploads\/2025\/03\/Logo_BlackELCO_.webp\",\"width\":145,\"height\":147,\"caption\":\"ELCOLED Solutions\"},\"image\":{\"@id\":\"https:\/\/elcoled.com\/#\/schema\/logo\/image\/\"},\"sameAs\":[\"https:\/\/www.facebook.com\/elcoledsolutions\",\"https:\/\/www.instagram.com\/elcoledsolutions\/\"]}]}<\/script>\n<!-- \/ Yoast SEO Premium plugin. -->","yoast_head_json":{"title":"SS Series IP65 Downlight EDR-SS by Elco LED Lighting","description":"Elco LED SS Serisi IP65 Downlight: suya dayan\u0131kl\u0131 s\u0131va alt\u0131 armat\u00fcr. Lens, g\u00fc\u00e7 ve renk se\u00e7enekleriyle i\u00e7 ve d\u0131\u015f mek\u00e2nlara uyum sa\u011flar.","robots":{"index":"index","follow":"follow","max-snippet":"max-snippet:-1","max-image-preview":"max-image-preview:large","max-video-preview":"max-video-preview:-1"},"canonical":"https:\/\/elcoled.com\/tr\/urun\/ss-serisi-suya-dayanikli-downlight\/","og_locale":"tr_TR","og_type":"article","og_title":"Elco Downlight SS Serisi","og_description":"Elco LED SS Serisi IP65 Downlight: suya dayan\u0131kl\u0131 s\u0131va alt\u0131 armat\u00fcr. Lens, g\u00fc\u00e7 ve renk se\u00e7enekleriyle i\u00e7 ve d\u0131\u015f mek\u00e2nlara uyum sa\u011flar.","og_url":"https:\/\/elcoled.com\/tr\/urun\/ss-serisi-suya-dayanikli-downlight\/","og_site_name":"ELCOLED Solutions","article_publisher":"https:\/\/www.facebook.com\/elcoledsolutions","article_modified_time":"2025-08-22T07:51:59+00:00","og_image":[{"width":1000,"height":1000,"url":"https:\/\/elcoled.com\/wp-content\/uploads\/2025\/08\/EDR-SSX-Elco.jpg","type":"image\/jpeg"}],"twitter_card":"summary_large_image","twitter_misc":{"Tahmini okuma s\u00fcresi":"2 dakika"},"schema":{"@context":"https:\/\/schema.org","@graph":[{"@type":"WebPage","@id":"https:\/\/elcoled.com\/tr\/urun\/ss-serisi-suya-dayanikli-downlight\/","url":"https:\/\/elcoled.com\/tr\/urun\/ss-serisi-suya-dayanikli-downlight\/","name":"SS Series IP65 Downlight EDR-SS by Elco LED Lighting","isPartOf":{"@id":"https:\/\/elcoled.com\/#website"},"primaryImageOfPage":{"@id":"https:\/\/elcoled.com\/tr\/urun\/ss-serisi-suya-dayanikli-downlight\/#primaryimage"},"image":{"@id":"https:\/\/elcoled.com\/tr\/urun\/ss-serisi-suya-dayanikli-downlight\/#primaryimage"},"thumbnailUrl":"https:\/\/elcoled.com\/wp-content\/uploads\/2025\/08\/EDR-SSX_elco_v3.jpg","datePublished":"2025-08-21T12:49:43+00:00","dateModified":"2025-08-22T07:51:59+00:00","description":"Elco LED SS Serisi IP65 Downlight: suya dayan\u0131kl\u0131 s\u0131va alt\u0131 armat\u00fcr. Lens, g\u00fc\u00e7 ve renk se\u00e7enekleriyle i\u00e7 ve d\u0131\u015f mek\u00e2nlara uyum sa\u011flar.","breadcrumb":{"@id":"https:\/\/elcoled.com\/tr\/urun\/ss-serisi-suya-dayanikli-downlight\/#breadcrumb"},"inLanguage":"tr","potentialAction":[{"@type":"ReadAction","target":["https:\/\/elcoled.com\/tr\/urun\/ss-serisi-suya-dayanikli-downlight\/"]}]},{"@type":"ImageObject","inLanguage":"tr","@id":"https:\/\/elcoled.com\/tr\/urun\/ss-serisi-suya-dayanikli-downlight\/#primaryimage","url":"https:\/\/elcoled.com\/wp-content\/uploads\/2025\/08\/EDR-SSX_elco_v3.jpg","contentUrl":"https:\/\/elcoled.com\/wp-content\/uploads\/2025\/08\/EDR-SSX_elco_v3.jpg","width":1000,"height":1000},{"@type":"BreadcrumbList","@id":"https:\/\/elcoled.com\/tr\/urun\/ss-serisi-suya-dayanikli-downlight\/#breadcrumb","itemListElement":[{"@type":"ListItem","position":1,"name":"Home","item":"https:\/\/elcoled.com\/tr\/"},{"@type":"ListItem","position":2,"name":"\u00dcr\u00fcnler","item":"https:\/\/elcoled.com\/tr\/urunler\/"},{"@type":"ListItem","position":3,"name":"Elco Downlight SS Serisi"}]},{"@type":"WebSite","@id":"https:\/\/elcoled.com\/#website","url":"https:\/\/elcoled.com\/","name":"ELCOLED Solutions","description":"","publisher":{"@id":"https:\/\/elcoled.com\/#organization"},"potentialAction":[{"@type":"SearchAction","target":{"@type":"EntryPoint","urlTemplate":"https:\/\/elcoled.com\/?s={search_term_string}"},"query-input":{"@type":"PropertyValueSpecification","valueRequired":true,"valueName":"search_term_string"}}],"inLanguage":"tr"},{"@type":"Organization","@id":"https:\/\/elcoled.com\/#organization","name":"ELCOLED Solutions","url":"https:\/\/elcoled.com\/","logo":{"@type":"ImageObject","inLanguage":"tr","@id":"https:\/\/elcoled.com\/#\/schema\/logo\/image\/","url":"https:\/\/elcoled.com\/wp-content\/uploads\/2025\/03\/Logo_BlackELCO_.webp","contentUrl":"https:\/\/elcoled.com\/wp-content\/uploads\/2025\/03\/Logo_BlackELCO_.webp","width":145,"height":147,"caption":"ELCOLED Solutions"},"image":{"@id":"https:\/\/elcoled.com\/#\/schema\/logo\/image\/"},"sameAs":["https:\/\/www.facebook.com\/elcoledsolutions","https:\/\/www.instagram.com\/elcoledsolutions\/"]}]}},"_links":{"self":[{"href":"https:\/\/elcoled.com\/tr\/wp-json\/wp\/v2\/product\/7304","targetHints":{"allow":["GET"]}}],"collection":[{"href":"https:\/\/elcoled.com\/tr\/wp-json\/wp\/v2\/product"}],"about":[{"href":"https:\/\/elcoled.com\/tr\/wp-json\/wp\/v2\/types\/product"}],"replies":[{"embeddable":true,"href":"https:\/\/elcoled.com\/tr\/wp-json\/wp\/v2\/comments?post=7304"}],"wp:featuredmedia":[{"embeddable":true,"href":"https:\/\/elcoled.com\/tr\/wp-json\/wp\/v2\/media\/7318"}],"wp:attachment":[{"href":"https:\/\/elcoled.com\/tr\/wp-json\/wp\/v2\/media?parent=7304"}],"wp:term":[{"taxonomy":"product_brand","embeddable":true,"href":"https:\/\/elcoled.com\/tr\/wp-json\/wp\/v2\/product_brand?post=7304"},{"taxonomy":"product_cat","embeddable":true,"href":"https:\/\/elcoled.com\/tr\/wp-json\/wp\/v2\/product_cat?post=7304"},{"taxonomy":"product_tag","embeddable":true,"href":"https:\/\/elcoled.com\/tr\/wp-json\/wp\/v2\/product_tag?post=7304"}],"curies":[{"name":"wp","href":"https:\/\/api.w.org\/{rel}","templated":true}]}}