{"id":7246,"date":"2025-08-11T10:15:28","date_gmt":"2025-08-11T10:15:28","guid":{"rendered":"https:\/\/elcoled.com\/product\/rb-series-recessed-spot\/"},"modified":"2026-02-12T08:40:47","modified_gmt":"2026-02-12T08:40:47","slug":"rb-serisi-gomme-spot","status":"publish","type":"product","link":"https:\/\/elcoled.com\/tr\/urun\/rb-serisi-gomme-spot\/","title":{"rendered":"Elco Downlight RB Serisi"},"content":{"rendered":"<p data-start=\"75\" data-end=\"573\"><strong data-start=\"75\" data-end=\"117\">Elco LED Solutions\u2019un RB Serisi EDR-RB<\/strong> modeli, modern i\u00e7 mek\u00e2nlar i\u00e7in estetik ile y\u00fcksek performans\u0131 bir araya getiren minimalist dikd\u00f6rtgen g\u00f6mme downlight tasar\u0131m\u0131 sunar. 3, 5 ve 10 LED\u2019li se\u00e7enekleri bulunan \u00fcr\u00fcn, 25\u00b0 ve 36\u00b0 lens opsiyonlar\u0131 ile d\u00fc\u015f\u00fck kama\u015fma ve \u00fcst\u00fcn g\u00f6rsel konfor sa\u011flar. D\u00f6rt farkl\u0131 reflekt\u00f6r rengi ve \u00e7e\u015fitli g\u00f6vde kaplama se\u00e7enekleri sayesinde her mek\u00e2na kusursuz \u015fekilde uyum sa\u011flar. Kontroll\u00fc, \u015f\u0131k ve verimli ayd\u0131nlatma \u00e7\u00f6z\u00fcmleri arayan tasar\u0131mc\u0131lar i\u00e7in idealdir.<\/p>\n<p data-start=\"575\" data-end=\"883\">M\u00fckemmel m\u00fchendislik ile geli\u015ftirilen RB Serisi, CrocDesign\u2019\u0131n ileri LED PCB teknolojisini kullanarak sabit \u0131\u015f\u0131k ak\u0131s\u0131, enerji verimlili\u011fi ve uzun \u00f6m\u00fcrl\u00fc g\u00fcvenilirlik sunar. Derin g\u00f6vde tasar\u0131m\u0131, do\u011frudan kama\u015fmay\u0131 azaltarak g\u00f6rsel deneyimi iyile\u015ftirir ve tavanda zarif, dikkat \u00e7ekmeyen bir g\u00f6r\u00fcn\u00fcm sa\u011flar.<\/p>\n<p data-start=\"885\" data-end=\"1157\">\u00c7ok y\u00f6nl\u00fc konfig\u00fcrasyonlar\u0131 sayesinde otel, ofis, konut ve ticari showroom gibi bir\u00e7ok alanda kullan\u0131labilir. \u0130ster sanat eserlerini vurgulamak i\u00e7in odakl\u0131 bir \u0131\u015f\u0131k, ister yumu\u015fak genel ayd\u0131nlatma yaratmak ama\u00e7lans\u0131n, RB Serisi her iki senaryoda da kusursuz sonu\u00e7 verir.<\/p>\n<p data-start=\"1159\" data-end=\"1450\">Siyah, beyaz, alt\u0131n ve g\u00fcm\u00fc\u015f gibi reflekt\u00f6r renk se\u00e7enekleri, tasar\u0131mc\u0131lara mek\u00e2n dekorasyonu ile uyum veya kontrast yaratma imk\u00e2n\u0131 sunar. G\u00f6vde kaplama alternatifleri, projenin ihtiya\u00e7lar\u0131na g\u00f6re \u00fcr\u00fcn\u00fcn dikkat \u00e7ekici bir odak noktas\u0131 olmas\u0131n\u0131 ya da mek\u00e2na tamamen entegre olmas\u0131n\u0131 sa\u011flar.<\/p>\n<p data-start=\"1452\" data-end=\"1857\">Sabit \u00e7\u0131k\u0131\u015fl\u0131 modellerin yan\u0131 s\u0131ra RB Serisi, DALI gibi modern dimmer ve kontrol protokolleriyle uyumlu \u00e7al\u0131\u015f\u0131r. Bu sayede enerji verimlili\u011fini \u00f6n planda tutan ve s\u00fcrd\u00fcr\u00fclebilirlik hedefleri olan projeler i\u00e7in ideal bir tercihtir. Y\u00fcksek kaliteli optik, rafine tasar\u0131m ve geli\u015fmi\u015f kontrol uyumlulu\u011fu sayesinde bu g\u00f6mme downlight, g\u00fcn\u00fcm\u00fcz ayd\u0131nlatma standartlar\u0131n\u0131 kar\u015f\u0131lamakla kalmaz, ayn\u0131 zamanda a\u015far.<\/p>\n<p data-start=\"1859\" data-end=\"2044\">Form ve i\u015flevin m\u00fckemmel dengesini sunan RB Serisi EDR-RB, mimarlar ve ayd\u0131nlatma tasar\u0131mc\u0131lar\u0131 i\u00e7in mek\u00e2nlar\u0131 verimli, zarif ve \u00e7ok y\u00f6nl\u00fc bir \u015fekilde ayd\u0131nlatman\u0131n anahtar \u00e7\u00f6z\u00fcm\u00fcd\u00fcr.<\/p>\n<p data-start=\"1000\" data-end=\"1206\">\ud83d\udc49 Daha fazla Elco Sark\u0131t \u00dcr\u00fcnleri i\u00e7in <a href=\"https:\/\/elcoled.com\/products\/\">t\u0131klay\u0131n.<\/a><br \/>\n\ud83d\udc49 CrocDesign PCB teknolojisi hakk\u0131nda daha fazla bilgi i\u00e7in <a href=\"http:\/\/www.crocdesigns.com\">t\u0131klay\u0131n<\/a><\/p>\n","protected":false},"excerpt":{"rendered":"<p>Elco RB Serisi EDR-RB, farkl\u0131 LED ve lens se\u00e7enekleriyle y\u00fcksek g\u00f6rsel konfor ve estetik sunan dikd\u00f6rtgen g\u00f6mme LED spot armat\u00fcrd\u00fcr.<\/p>\n","protected":false},"featured_media":7238,"comment_status":"open","ping_status":"closed","template":"","meta":{"_acf_changed":false},"product_brand":[],"product_cat":[137],"product_tag":[],"class_list":{"0":"post-7246","1":"product","2":"type-product","3":"status-publish","4":"has-post-thumbnail","6":"product_cat-siva-alti","8":"first","9":"instock","10":"shipping-taxable","11":"product-type-simple"},"acf":[],"yoast_head":"<!-- This site is optimized with the Yoast SEO Premium plugin v25.1 (Yoast SEO v25.7) - https:\/\/yoast.com\/wordpress\/plugins\/seo\/ -->\n<title>RB Serisi G\u00f6mme pot EDR-RB | Elco LED Ayd\u0131nlatma<\/title>\n<meta name=\"description\" content=\"Elco RB Serisi downlight EDR-RB, d\u00fc\u015f\u00fck kama\u015fma ve farkl\u0131 reflekt\u00f6r renkleriyle modern i\u00e7 mek\u00e2nlar i\u00e7in \u015f\u0131k ve konforlu g\u00f6mme spot \u00e7\u00f6z\u00fcm\u00fc sunar.\" \/>\n<meta name=\"robots\" content=\"index, follow, max-snippet:-1, max-image-preview:large, max-video-preview:-1\" \/>\n<link rel=\"canonical\" href=\"https:\/\/elcoled.com\/tr\/urun\/rb-serisi-gomme-spot\/\" \/>\n<meta property=\"og:locale\" content=\"tr_TR\" \/>\n<meta property=\"og:type\" content=\"article\" \/>\n<meta property=\"og:title\" content=\"Elco Downlight RB Serisi\" \/>\n<meta property=\"og:description\" content=\"Elco RB Serisi downlight EDR-RB, d\u00fc\u015f\u00fck kama\u015fma ve farkl\u0131 reflekt\u00f6r renkleriyle modern i\u00e7 mek\u00e2nlar i\u00e7in \u015f\u0131k ve konforlu g\u00f6mme spot \u00e7\u00f6z\u00fcm\u00fc sunar.\" \/>\n<meta property=\"og:url\" content=\"https:\/\/elcoled.com\/tr\/urun\/rb-serisi-gomme-spot\/\" \/>\n<meta property=\"og:site_name\" content=\"ELCOLED Solutions\" \/>\n<meta property=\"article:publisher\" content=\"https:\/\/www.facebook.com\/elcoledsolutions\" \/>\n<meta property=\"article:modified_time\" content=\"2026-02-12T08:40:47+00:00\" \/>\n<meta property=\"og:image\" content=\"https:\/\/elcoled.com\/wp-content\/uploads\/2025\/08\/EDR-LRL5.jpg\" \/>\n\t<meta property=\"og:image:width\" content=\"960\" \/>\n\t<meta property=\"og:image:height\" content=\"960\" \/>\n\t<meta property=\"og:image:type\" content=\"image\/jpeg\" \/>\n<meta name=\"twitter:card\" content=\"summary_large_image\" \/>\n<meta name=\"twitter:label1\" content=\"Tahmini okuma s\u00fcresi\" \/>\n\t<meta name=\"twitter:data1\" content=\"2 dakika\" \/>\n<script type=\"application\/ld+json\" class=\"yoast-schema-graph\">{\"@context\":\"https:\/\/schema.org\",\"@graph\":[{\"@type\":\"WebPage\",\"@id\":\"https:\/\/elcoled.com\/tr\/urun\/rb-serisi-gomme-spot\/\",\"url\":\"https:\/\/elcoled.com\/tr\/urun\/rb-serisi-gomme-spot\/\",\"name\":\"RB Serisi G\u00f6mme pot EDR-RB | Elco LED Ayd\u0131nlatma\",\"isPartOf\":{\"@id\":\"https:\/\/elcoled.com\/#website\"},\"primaryImageOfPage\":{\"@id\":\"https:\/\/elcoled.com\/tr\/urun\/rb-serisi-gomme-spot\/#primaryimage\"},\"image\":{\"@id\":\"https:\/\/elcoled.com\/tr\/urun\/rb-serisi-gomme-spot\/#primaryimage\"},\"thumbnailUrl\":\"https:\/\/elcoled.com\/wp-content\/uploads\/2025\/08\/EDR-LRL5.jpg\",\"datePublished\":\"2025-08-11T10:15:28+00:00\",\"dateModified\":\"2026-02-12T08:40:47+00:00\",\"description\":\"Elco RB Serisi downlight EDR-RB, d\u00fc\u015f\u00fck kama\u015fma ve farkl\u0131 reflekt\u00f6r renkleriyle modern i\u00e7 mek\u00e2nlar i\u00e7in \u015f\u0131k ve konforlu g\u00f6mme spot \u00e7\u00f6z\u00fcm\u00fc sunar.\",\"breadcrumb\":{\"@id\":\"https:\/\/elcoled.com\/tr\/urun\/rb-serisi-gomme-spot\/#breadcrumb\"},\"inLanguage\":\"tr\",\"potentialAction\":[{\"@type\":\"ReadAction\",\"target\":[\"https:\/\/elcoled.com\/tr\/urun\/rb-serisi-gomme-spot\/\"]}]},{\"@type\":\"ImageObject\",\"inLanguage\":\"tr\",\"@id\":\"https:\/\/elcoled.com\/tr\/urun\/rb-serisi-gomme-spot\/#primaryimage\",\"url\":\"https:\/\/elcoled.com\/wp-content\/uploads\/2025\/08\/EDR-LRL5.jpg\",\"contentUrl\":\"https:\/\/elcoled.com\/wp-content\/uploads\/2025\/08\/EDR-LRL5.jpg\",\"width\":960,\"height\":960,\"caption\":\"RB Series Recessed Spot EDR-RB by Elco LED Lighting Elco RB Serisi downlight RB Serisi G\u00f6mme Spot EDR-RB | Elco LED Ayd\u0131nlatma\"},{\"@type\":\"BreadcrumbList\",\"@id\":\"https:\/\/elcoled.com\/tr\/urun\/rb-serisi-gomme-spot\/#breadcrumb\",\"itemListElement\":[{\"@type\":\"ListItem\",\"position\":1,\"name\":\"Home\",\"item\":\"https:\/\/elcoled.com\/tr\/\"},{\"@type\":\"ListItem\",\"position\":2,\"name\":\"\u00dcr\u00fcnler\",\"item\":\"https:\/\/elcoled.com\/tr\/urunler\/\"},{\"@type\":\"ListItem\",\"position\":3,\"name\":\"Elco Downlight RB Serisi\"}]},{\"@type\":\"WebSite\",\"@id\":\"https:\/\/elcoled.com\/#website\",\"url\":\"https:\/\/elcoled.com\/\",\"name\":\"ELCOLED Solutions\",\"description\":\"\",\"publisher\":{\"@id\":\"https:\/\/elcoled.com\/#organization\"},\"potentialAction\":[{\"@type\":\"SearchAction\",\"target\":{\"@type\":\"EntryPoint\",\"urlTemplate\":\"https:\/\/elcoled.com\/?s={search_term_string}\"},\"query-input\":{\"@type\":\"PropertyValueSpecification\",\"valueRequired\":true,\"valueName\":\"search_term_string\"}}],\"inLanguage\":\"tr\"},{\"@type\":\"Organization\",\"@id\":\"https:\/\/elcoled.com\/#organization\",\"name\":\"ELCOLED Solutions\",\"url\":\"https:\/\/elcoled.com\/\",\"logo\":{\"@type\":\"ImageObject\",\"inLanguage\":\"tr\",\"@id\":\"https:\/\/elcoled.com\/#\/schema\/logo\/image\/\",\"url\":\"https:\/\/elcoled.com\/wp-content\/uploads\/2025\/03\/Logo_BlackELCO_.webp\",\"contentUrl\":\"https:\/\/elcoled.com\/wp-content\/uploads\/2025\/03\/Logo_BlackELCO_.webp\",\"width\":145,\"height\":147,\"caption\":\"ELCOLED Solutions\"},\"image\":{\"@id\":\"https:\/\/elcoled.com\/#\/schema\/logo\/image\/\"},\"sameAs\":[\"https:\/\/www.facebook.com\/elcoledsolutions\",\"https:\/\/www.instagram.com\/elcoledsolutions\/\"]}]}<\/script>\n<!-- \/ Yoast SEO Premium plugin. -->","yoast_head_json":{"title":"RB Serisi G\u00f6mme pot EDR-RB | Elco LED Ayd\u0131nlatma","description":"Elco RB Serisi downlight EDR-RB, d\u00fc\u015f\u00fck kama\u015fma ve farkl\u0131 reflekt\u00f6r renkleriyle modern i\u00e7 mek\u00e2nlar i\u00e7in \u015f\u0131k ve konforlu g\u00f6mme spot \u00e7\u00f6z\u00fcm\u00fc sunar.","robots":{"index":"index","follow":"follow","max-snippet":"max-snippet:-1","max-image-preview":"max-image-preview:large","max-video-preview":"max-video-preview:-1"},"canonical":"https:\/\/elcoled.com\/tr\/urun\/rb-serisi-gomme-spot\/","og_locale":"tr_TR","og_type":"article","og_title":"Elco Downlight RB Serisi","og_description":"Elco RB Serisi downlight EDR-RB, d\u00fc\u015f\u00fck kama\u015fma ve farkl\u0131 reflekt\u00f6r renkleriyle modern i\u00e7 mek\u00e2nlar i\u00e7in \u015f\u0131k ve konforlu g\u00f6mme spot \u00e7\u00f6z\u00fcm\u00fc sunar.","og_url":"https:\/\/elcoled.com\/tr\/urun\/rb-serisi-gomme-spot\/","og_site_name":"ELCOLED Solutions","article_publisher":"https:\/\/www.facebook.com\/elcoledsolutions","article_modified_time":"2026-02-12T08:40:47+00:00","og_image":[{"width":960,"height":960,"url":"https:\/\/elcoled.com\/wp-content\/uploads\/2025\/08\/EDR-LRL5.jpg","type":"image\/jpeg"}],"twitter_card":"summary_large_image","twitter_misc":{"Tahmini okuma s\u00fcresi":"2 dakika"},"schema":{"@context":"https:\/\/schema.org","@graph":[{"@type":"WebPage","@id":"https:\/\/elcoled.com\/tr\/urun\/rb-serisi-gomme-spot\/","url":"https:\/\/elcoled.com\/tr\/urun\/rb-serisi-gomme-spot\/","name":"RB Serisi G\u00f6mme pot EDR-RB | Elco LED Ayd\u0131nlatma","isPartOf":{"@id":"https:\/\/elcoled.com\/#website"},"primaryImageOfPage":{"@id":"https:\/\/elcoled.com\/tr\/urun\/rb-serisi-gomme-spot\/#primaryimage"},"image":{"@id":"https:\/\/elcoled.com\/tr\/urun\/rb-serisi-gomme-spot\/#primaryimage"},"thumbnailUrl":"https:\/\/elcoled.com\/wp-content\/uploads\/2025\/08\/EDR-LRL5.jpg","datePublished":"2025-08-11T10:15:28+00:00","dateModified":"2026-02-12T08:40:47+00:00","description":"Elco RB Serisi downlight EDR-RB, d\u00fc\u015f\u00fck kama\u015fma ve farkl\u0131 reflekt\u00f6r renkleriyle modern i\u00e7 mek\u00e2nlar i\u00e7in \u015f\u0131k ve konforlu g\u00f6mme spot \u00e7\u00f6z\u00fcm\u00fc sunar.","breadcrumb":{"@id":"https:\/\/elcoled.com\/tr\/urun\/rb-serisi-gomme-spot\/#breadcrumb"},"inLanguage":"tr","potentialAction":[{"@type":"ReadAction","target":["https:\/\/elcoled.com\/tr\/urun\/rb-serisi-gomme-spot\/"]}]},{"@type":"ImageObject","inLanguage":"tr","@id":"https:\/\/elcoled.com\/tr\/urun\/rb-serisi-gomme-spot\/#primaryimage","url":"https:\/\/elcoled.com\/wp-content\/uploads\/2025\/08\/EDR-LRL5.jpg","contentUrl":"https:\/\/elcoled.com\/wp-content\/uploads\/2025\/08\/EDR-LRL5.jpg","width":960,"height":960,"caption":"RB Series Recessed Spot EDR-RB by Elco LED Lighting Elco RB Serisi downlight RB Serisi G\u00f6mme Spot EDR-RB | Elco LED Ayd\u0131nlatma"},{"@type":"BreadcrumbList","@id":"https:\/\/elcoled.com\/tr\/urun\/rb-serisi-gomme-spot\/#breadcrumb","itemListElement":[{"@type":"ListItem","position":1,"name":"Home","item":"https:\/\/elcoled.com\/tr\/"},{"@type":"ListItem","position":2,"name":"\u00dcr\u00fcnler","item":"https:\/\/elcoled.com\/tr\/urunler\/"},{"@type":"ListItem","position":3,"name":"Elco Downlight RB Serisi"}]},{"@type":"WebSite","@id":"https:\/\/elcoled.com\/#website","url":"https:\/\/elcoled.com\/","name":"ELCOLED Solutions","description":"","publisher":{"@id":"https:\/\/elcoled.com\/#organization"},"potentialAction":[{"@type":"SearchAction","target":{"@type":"EntryPoint","urlTemplate":"https:\/\/elcoled.com\/?s={search_term_string}"},"query-input":{"@type":"PropertyValueSpecification","valueRequired":true,"valueName":"search_term_string"}}],"inLanguage":"tr"},{"@type":"Organization","@id":"https:\/\/elcoled.com\/#organization","name":"ELCOLED Solutions","url":"https:\/\/elcoled.com\/","logo":{"@type":"ImageObject","inLanguage":"tr","@id":"https:\/\/elcoled.com\/#\/schema\/logo\/image\/","url":"https:\/\/elcoled.com\/wp-content\/uploads\/2025\/03\/Logo_BlackELCO_.webp","contentUrl":"https:\/\/elcoled.com\/wp-content\/uploads\/2025\/03\/Logo_BlackELCO_.webp","width":145,"height":147,"caption":"ELCOLED Solutions"},"image":{"@id":"https:\/\/elcoled.com\/#\/schema\/logo\/image\/"},"sameAs":["https:\/\/www.facebook.com\/elcoledsolutions","https:\/\/www.instagram.com\/elcoledsolutions\/"]}]}},"_links":{"self":[{"href":"https:\/\/elcoled.com\/tr\/wp-json\/wp\/v2\/product\/7246","targetHints":{"allow":["GET"]}}],"collection":[{"href":"https:\/\/elcoled.com\/tr\/wp-json\/wp\/v2\/product"}],"about":[{"href":"https:\/\/elcoled.com\/tr\/wp-json\/wp\/v2\/types\/product"}],"replies":[{"embeddable":true,"href":"https:\/\/elcoled.com\/tr\/wp-json\/wp\/v2\/comments?post=7246"}],"wp:featuredmedia":[{"embeddable":true,"href":"https:\/\/elcoled.com\/tr\/wp-json\/wp\/v2\/media\/7238"}],"wp:attachment":[{"href":"https:\/\/elcoled.com\/tr\/wp-json\/wp\/v2\/media?parent=7246"}],"wp:term":[{"taxonomy":"product_brand","embeddable":true,"href":"https:\/\/elcoled.com\/tr\/wp-json\/wp\/v2\/product_brand?post=7246"},{"taxonomy":"product_cat","embeddable":true,"href":"https:\/\/elcoled.com\/tr\/wp-json\/wp\/v2\/product_cat?post=7246"},{"taxonomy":"product_tag","embeddable":true,"href":"https:\/\/elcoled.com\/tr\/wp-json\/wp\/v2\/product_tag?post=7246"}],"curies":[{"name":"wp","href":"https:\/\/api.w.org\/{rel}","templated":true}]}}