{"id":7156,"date":"2025-07-25T07:13:29","date_gmt":"2025-07-25T07:13:29","guid":{"rendered":"https:\/\/elcoled.com\/product\/eps-dr-square-pendant\/"},"modified":"2025-07-25T07:56:40","modified_gmt":"2025-07-25T07:56:40","slug":"eps-dr-kare-sarkit","status":"publish","type":"product","link":"https:\/\/elcoled.com\/tr\/urun\/eps-dr-kare-sarkit\/","title":{"rendered":"Elco Pendant Kare Davul Radus"},"content":{"rendered":"<p data-start=\"325\" data-end=\"382\"><strong data-start=\"325\" data-end=\"382\">Kare LED Sark\u0131t Armat\u00fcr \u2013 EPS-DR | Elco LED Solutions<\/strong><\/p>\n<p data-start=\"384\" data-end=\"680\">Elco LED Solutions\u2019\u0131n EPS-DR modeli ile mekanlar\u0131n\u0131za modern bir dokunu\u015f ve estetik bir \u00e7izgi kazand\u0131r\u0131n. EPS Serisinin bir par\u00e7as\u0131 olan bu kare LED sark\u0131t armat\u00fcr, keskin ve yuvarlat\u0131lm\u0131\u015f k\u00f6\u015feleriyle hem net hem de yumu\u015fak bir g\u00f6rsel sunar. Mimari ayd\u0131nlatma projeleri i\u00e7in ideal bir se\u00e7enektir.<\/p>\n<p data-start=\"682\" data-end=\"950\">Farkl\u0131 boyut ve g\u00fc\u00e7 se\u00e7enekleri sayesinde EPS-DR, ticari i\u00e7 mekanlardan ofislere, otel projelerinden butik ma\u011fazalara kadar geni\u015f bir uygulama yelpazesine uyum sa\u011flar. Geometrik yap\u0131s\u0131 ile bu kare LED sark\u0131t armat\u00fcr, hem minimalist hem de iddial\u0131 tasar\u0131mlar\u0131 tamamlar.<\/p>\n<p data-start=\"952\" data-end=\"1250\">EPS-DR\u2019yi \u00f6ne \u00e7\u0131karan en \u00f6nemli \u00f6zellik ise CrocDesign LED PCB teknolojisidir. Bu teknoloji, y\u00fcksek enerji verimlili\u011fi, d\u00fc\u015f\u00fck \u0131s\u0131 \u00fcretimi ve uzun \u00fcr\u00fcn \u00f6mr\u00fc sa\u011flar. Y\u0131llar s\u00fcren kullan\u0131ma ra\u011fmen sabit l\u00fcmen performans\u0131 sunar. Bu da EPS-DR\u2019yi uzun vadeli ve ak\u0131ll\u0131 bir ayd\u0131nlatma \u00e7\u00f6z\u00fcm\u00fcne d\u00f6n\u00fc\u015ft\u00fcr\u00fcr.<\/p>\n<p data-start=\"1252\" data-end=\"1524\">Kolay montaj \u00f6zelli\u011fi ve zarif ask\u0131 sistemi ile tavan y\u00fczeyinde temiz bir g\u00f6r\u00fcn\u00fcm sunar. EPS-DR yaln\u0131zca ayd\u0131nlatmakla kalmaz; mekan\u0131n\u0131z\u0131n mimari kimli\u011fini de vurgular. Performans ve estetik senin i\u00e7in e\u015fit \u00f6nemdeyse, EPS-DR bu iki unsuru kusursuz bir \u015fekilde birle\u015ftirir.<\/p>\n<p data-start=\"1526\" data-end=\"1655\"><strong data-start=\"1526\" data-end=\"1581\">Elco LED Sark\u0131t Ayd\u0131nlatmalar\u0131yla Tan\u0131\u015f\u0131n. <a href=\"https:\/\/elcoled.com\/products\/?_productcategories=pendant-lighting\">T\u0131klay\u0131n<\/a><\/strong><br data-start=\"1581\" data-end=\"1584\" \/><strong data-start=\"1584\" data-end=\"1655\">CrocDesign PCB Teknolojisi hakk\u0131nda daha fazla bilgi i\u00e7in. <a href=\"http:\/\/www.crocdesigns.com\">T\u0131klay\u0131n<\/a><\/strong><\/p>\n<p>&nbsp;<\/p>\n","protected":false},"excerpt":{"rendered":"<p>Yumu\u015fak k\u00f6\u015fe tasar\u0131m\u0131, verimli CrocDesign PCB\u2019leri ve \u00f6zelle\u015ftirilebilir boyutlar\u0131yla mimari kare sark\u0131t LED armat\u00fcr.<\/p>\n","protected":false},"featured_media":7110,"comment_status":"open","ping_status":"closed","template":"","meta":{"_acf_changed":false},"product_brand":[],"product_cat":[90],"product_tag":[584,585],"class_list":{"0":"post-7156","1":"product","2":"type-product","3":"status-publish","4":"has-post-thumbnail","6":"product_cat-sarkit-armatur","7":"product_tag-pendant-tr","8":"product_tag-suspended-tr","10":"first","11":"instock","12":"shipping-taxable","13":"product-type-simple"},"acf":[],"yoast_head":"<!-- This site is optimized with the Yoast SEO Premium plugin v25.1 (Yoast SEO v25.7) - https:\/\/yoast.com\/wordpress\/plugins\/seo\/ -->\n<title>Kare LED Sark\u0131t Armat\u00fcr \u2013 EPS-DR | Elco LED Solutions<\/title>\n<meta name=\"description\" content=\"EPS-DR, Elco LED\u2019in kare LED sark\u0131t armat\u00fcr\u00fcd\u00fcr. CrocDesign PCB\u2019leri ile y\u00fcksek verimli, modern ve \u00f6zelle\u015ftirilebilir bir ayd\u0131nlatma \u00e7\u00f6z\u00fcm\u00fcd\u00fcr.\" \/>\n<meta name=\"robots\" content=\"index, follow, max-snippet:-1, max-image-preview:large, max-video-preview:-1\" \/>\n<link rel=\"canonical\" href=\"https:\/\/elcoled.com\/tr\/urun\/eps-dr-kare-sarkit\/\" \/>\n<meta property=\"og:locale\" content=\"tr_TR\" \/>\n<meta property=\"og:type\" content=\"article\" \/>\n<meta property=\"og:title\" content=\"Elco Pendant Kare Davul Radus\" \/>\n<meta property=\"og:description\" content=\"EPS-DR, Elco LED\u2019in kare LED sark\u0131t armat\u00fcr\u00fcd\u00fcr. CrocDesign PCB\u2019leri ile y\u00fcksek verimli, modern ve \u00f6zelle\u015ftirilebilir bir ayd\u0131nlatma \u00e7\u00f6z\u00fcm\u00fcd\u00fcr.\" \/>\n<meta property=\"og:url\" content=\"https:\/\/elcoled.com\/tr\/urun\/eps-dr-kare-sarkit\/\" \/>\n<meta property=\"og:site_name\" content=\"ELCOLED Solutions\" \/>\n<meta property=\"article:publisher\" content=\"https:\/\/www.facebook.com\/elcoledsolutions\" \/>\n<meta property=\"article:modified_time\" content=\"2025-07-25T07:56:40+00:00\" \/>\n<meta property=\"og:image\" content=\"https:\/\/elcoled.com\/wp-content\/uploads\/2025\/07\/EPS-DR_v2_elco-scaled.jpg\" \/>\n\t<meta property=\"og:image:width\" content=\"1000\" \/>\n\t<meta property=\"og:image:height\" content=\"1000\" \/>\n\t<meta property=\"og:image:type\" content=\"image\/jpeg\" \/>\n<meta name=\"twitter:card\" content=\"summary_large_image\" \/>\n<meta name=\"twitter:label1\" content=\"Tahmini okuma s\u00fcresi\" \/>\n\t<meta name=\"twitter:data1\" content=\"2 dakika\" \/>\n<script type=\"application\/ld+json\" class=\"yoast-schema-graph\">{\"@context\":\"https:\/\/schema.org\",\"@graph\":[{\"@type\":\"WebPage\",\"@id\":\"https:\/\/elcoled.com\/tr\/urun\/eps-dr-kare-sarkit\/\",\"url\":\"https:\/\/elcoled.com\/tr\/urun\/eps-dr-kare-sarkit\/\",\"name\":\"Kare LED Sark\u0131t Armat\u00fcr \u2013 EPS-DR | Elco LED Solutions\",\"isPartOf\":{\"@id\":\"https:\/\/elcoled.com\/#website\"},\"primaryImageOfPage\":{\"@id\":\"https:\/\/elcoled.com\/tr\/urun\/eps-dr-kare-sarkit\/#primaryimage\"},\"image\":{\"@id\":\"https:\/\/elcoled.com\/tr\/urun\/eps-dr-kare-sarkit\/#primaryimage\"},\"thumbnailUrl\":\"https:\/\/elcoled.com\/wp-content\/uploads\/2025\/07\/EPS-DR_v2_elco-scaled.jpg\",\"datePublished\":\"2025-07-25T07:13:29+00:00\",\"dateModified\":\"2025-07-25T07:56:40+00:00\",\"description\":\"EPS-DR, Elco LED\u2019in kare LED sark\u0131t armat\u00fcr\u00fcd\u00fcr. CrocDesign PCB\u2019leri ile y\u00fcksek verimli, modern ve \u00f6zelle\u015ftirilebilir bir ayd\u0131nlatma \u00e7\u00f6z\u00fcm\u00fcd\u00fcr.\",\"breadcrumb\":{\"@id\":\"https:\/\/elcoled.com\/tr\/urun\/eps-dr-kare-sarkit\/#breadcrumb\"},\"inLanguage\":\"tr\",\"potentialAction\":[{\"@type\":\"ReadAction\",\"target\":[\"https:\/\/elcoled.com\/tr\/urun\/eps-dr-kare-sarkit\/\"]}]},{\"@type\":\"ImageObject\",\"inLanguage\":\"tr\",\"@id\":\"https:\/\/elcoled.com\/tr\/urun\/eps-dr-kare-sarkit\/#primaryimage\",\"url\":\"https:\/\/elcoled.com\/wp-content\/uploads\/2025\/07\/EPS-DR_v2_elco-scaled.jpg\",\"contentUrl\":\"https:\/\/elcoled.com\/wp-content\/uploads\/2025\/07\/EPS-DR_v2_elco-scaled.jpg\",\"width\":1000,\"height\":1000,\"caption\":\"EPS-DR kare LED sark\u0131t armat\u00fcr \u2013 Elco LED Solutions mimari ayd\u0131nlatma \u00fcr\u00fcn\u00fc\"},{\"@type\":\"BreadcrumbList\",\"@id\":\"https:\/\/elcoled.com\/tr\/urun\/eps-dr-kare-sarkit\/#breadcrumb\",\"itemListElement\":[{\"@type\":\"ListItem\",\"position\":1,\"name\":\"Home\",\"item\":\"https:\/\/elcoled.com\/tr\/\"},{\"@type\":\"ListItem\",\"position\":2,\"name\":\"\u00dcr\u00fcnler\",\"item\":\"https:\/\/elcoled.com\/tr\/urunler\/\"},{\"@type\":\"ListItem\",\"position\":3,\"name\":\"Elco Pendant Kare Davul Radus\"}]},{\"@type\":\"WebSite\",\"@id\":\"https:\/\/elcoled.com\/#website\",\"url\":\"https:\/\/elcoled.com\/\",\"name\":\"ELCOLED Solutions\",\"description\":\"\",\"publisher\":{\"@id\":\"https:\/\/elcoled.com\/#organization\"},\"potentialAction\":[{\"@type\":\"SearchAction\",\"target\":{\"@type\":\"EntryPoint\",\"urlTemplate\":\"https:\/\/elcoled.com\/?s={search_term_string}\"},\"query-input\":{\"@type\":\"PropertyValueSpecification\",\"valueRequired\":true,\"valueName\":\"search_term_string\"}}],\"inLanguage\":\"tr\"},{\"@type\":\"Organization\",\"@id\":\"https:\/\/elcoled.com\/#organization\",\"name\":\"ELCOLED Solutions\",\"url\":\"https:\/\/elcoled.com\/\",\"logo\":{\"@type\":\"ImageObject\",\"inLanguage\":\"tr\",\"@id\":\"https:\/\/elcoled.com\/#\/schema\/logo\/image\/\",\"url\":\"https:\/\/elcoled.com\/wp-content\/uploads\/2025\/03\/Logo_BlackELCO_.webp\",\"contentUrl\":\"https:\/\/elcoled.com\/wp-content\/uploads\/2025\/03\/Logo_BlackELCO_.webp\",\"width\":145,\"height\":147,\"caption\":\"ELCOLED Solutions\"},\"image\":{\"@id\":\"https:\/\/elcoled.com\/#\/schema\/logo\/image\/\"},\"sameAs\":[\"https:\/\/www.facebook.com\/elcoledsolutions\",\"https:\/\/www.instagram.com\/elcoledsolutions\/\"]}]}<\/script>\n<!-- \/ Yoast SEO Premium plugin. -->","yoast_head_json":{"title":"Kare LED Sark\u0131t Armat\u00fcr \u2013 EPS-DR | Elco LED Solutions","description":"EPS-DR, Elco LED\u2019in kare LED sark\u0131t armat\u00fcr\u00fcd\u00fcr. CrocDesign PCB\u2019leri ile y\u00fcksek verimli, modern ve \u00f6zelle\u015ftirilebilir bir ayd\u0131nlatma \u00e7\u00f6z\u00fcm\u00fcd\u00fcr.","robots":{"index":"index","follow":"follow","max-snippet":"max-snippet:-1","max-image-preview":"max-image-preview:large","max-video-preview":"max-video-preview:-1"},"canonical":"https:\/\/elcoled.com\/tr\/urun\/eps-dr-kare-sarkit\/","og_locale":"tr_TR","og_type":"article","og_title":"Elco Pendant Kare Davul Radus","og_description":"EPS-DR, Elco LED\u2019in kare LED sark\u0131t armat\u00fcr\u00fcd\u00fcr. CrocDesign PCB\u2019leri ile y\u00fcksek verimli, modern ve \u00f6zelle\u015ftirilebilir bir ayd\u0131nlatma \u00e7\u00f6z\u00fcm\u00fcd\u00fcr.","og_url":"https:\/\/elcoled.com\/tr\/urun\/eps-dr-kare-sarkit\/","og_site_name":"ELCOLED Solutions","article_publisher":"https:\/\/www.facebook.com\/elcoledsolutions","article_modified_time":"2025-07-25T07:56:40+00:00","og_image":[{"width":1000,"height":1000,"url":"https:\/\/elcoled.com\/wp-content\/uploads\/2025\/07\/EPS-DR_v2_elco-scaled.jpg","type":"image\/jpeg"}],"twitter_card":"summary_large_image","twitter_misc":{"Tahmini okuma s\u00fcresi":"2 dakika"},"schema":{"@context":"https:\/\/schema.org","@graph":[{"@type":"WebPage","@id":"https:\/\/elcoled.com\/tr\/urun\/eps-dr-kare-sarkit\/","url":"https:\/\/elcoled.com\/tr\/urun\/eps-dr-kare-sarkit\/","name":"Kare LED Sark\u0131t Armat\u00fcr \u2013 EPS-DR | Elco LED Solutions","isPartOf":{"@id":"https:\/\/elcoled.com\/#website"},"primaryImageOfPage":{"@id":"https:\/\/elcoled.com\/tr\/urun\/eps-dr-kare-sarkit\/#primaryimage"},"image":{"@id":"https:\/\/elcoled.com\/tr\/urun\/eps-dr-kare-sarkit\/#primaryimage"},"thumbnailUrl":"https:\/\/elcoled.com\/wp-content\/uploads\/2025\/07\/EPS-DR_v2_elco-scaled.jpg","datePublished":"2025-07-25T07:13:29+00:00","dateModified":"2025-07-25T07:56:40+00:00","description":"EPS-DR, Elco LED\u2019in kare LED sark\u0131t armat\u00fcr\u00fcd\u00fcr. CrocDesign PCB\u2019leri ile y\u00fcksek verimli, modern ve \u00f6zelle\u015ftirilebilir bir ayd\u0131nlatma \u00e7\u00f6z\u00fcm\u00fcd\u00fcr.","breadcrumb":{"@id":"https:\/\/elcoled.com\/tr\/urun\/eps-dr-kare-sarkit\/#breadcrumb"},"inLanguage":"tr","potentialAction":[{"@type":"ReadAction","target":["https:\/\/elcoled.com\/tr\/urun\/eps-dr-kare-sarkit\/"]}]},{"@type":"ImageObject","inLanguage":"tr","@id":"https:\/\/elcoled.com\/tr\/urun\/eps-dr-kare-sarkit\/#primaryimage","url":"https:\/\/elcoled.com\/wp-content\/uploads\/2025\/07\/EPS-DR_v2_elco-scaled.jpg","contentUrl":"https:\/\/elcoled.com\/wp-content\/uploads\/2025\/07\/EPS-DR_v2_elco-scaled.jpg","width":1000,"height":1000,"caption":"EPS-DR kare LED sark\u0131t armat\u00fcr \u2013 Elco LED Solutions mimari ayd\u0131nlatma \u00fcr\u00fcn\u00fc"},{"@type":"BreadcrumbList","@id":"https:\/\/elcoled.com\/tr\/urun\/eps-dr-kare-sarkit\/#breadcrumb","itemListElement":[{"@type":"ListItem","position":1,"name":"Home","item":"https:\/\/elcoled.com\/tr\/"},{"@type":"ListItem","position":2,"name":"\u00dcr\u00fcnler","item":"https:\/\/elcoled.com\/tr\/urunler\/"},{"@type":"ListItem","position":3,"name":"Elco Pendant Kare Davul Radus"}]},{"@type":"WebSite","@id":"https:\/\/elcoled.com\/#website","url":"https:\/\/elcoled.com\/","name":"ELCOLED Solutions","description":"","publisher":{"@id":"https:\/\/elcoled.com\/#organization"},"potentialAction":[{"@type":"SearchAction","target":{"@type":"EntryPoint","urlTemplate":"https:\/\/elcoled.com\/?s={search_term_string}"},"query-input":{"@type":"PropertyValueSpecification","valueRequired":true,"valueName":"search_term_string"}}],"inLanguage":"tr"},{"@type":"Organization","@id":"https:\/\/elcoled.com\/#organization","name":"ELCOLED Solutions","url":"https:\/\/elcoled.com\/","logo":{"@type":"ImageObject","inLanguage":"tr","@id":"https:\/\/elcoled.com\/#\/schema\/logo\/image\/","url":"https:\/\/elcoled.com\/wp-content\/uploads\/2025\/03\/Logo_BlackELCO_.webp","contentUrl":"https:\/\/elcoled.com\/wp-content\/uploads\/2025\/03\/Logo_BlackELCO_.webp","width":145,"height":147,"caption":"ELCOLED Solutions"},"image":{"@id":"https:\/\/elcoled.com\/#\/schema\/logo\/image\/"},"sameAs":["https:\/\/www.facebook.com\/elcoledsolutions","https:\/\/www.instagram.com\/elcoledsolutions\/"]}]}},"_links":{"self":[{"href":"https:\/\/elcoled.com\/tr\/wp-json\/wp\/v2\/product\/7156","targetHints":{"allow":["GET"]}}],"collection":[{"href":"https:\/\/elcoled.com\/tr\/wp-json\/wp\/v2\/product"}],"about":[{"href":"https:\/\/elcoled.com\/tr\/wp-json\/wp\/v2\/types\/product"}],"replies":[{"embeddable":true,"href":"https:\/\/elcoled.com\/tr\/wp-json\/wp\/v2\/comments?post=7156"}],"wp:featuredmedia":[{"embeddable":true,"href":"https:\/\/elcoled.com\/tr\/wp-json\/wp\/v2\/media\/7110"}],"wp:attachment":[{"href":"https:\/\/elcoled.com\/tr\/wp-json\/wp\/v2\/media?parent=7156"}],"wp:term":[{"taxonomy":"product_brand","embeddable":true,"href":"https:\/\/elcoled.com\/tr\/wp-json\/wp\/v2\/product_brand?post=7156"},{"taxonomy":"product_cat","embeddable":true,"href":"https:\/\/elcoled.com\/tr\/wp-json\/wp\/v2\/product_cat?post=7156"},{"taxonomy":"product_tag","embeddable":true,"href":"https:\/\/elcoled.com\/tr\/wp-json\/wp\/v2\/product_tag?post=7156"}],"curies":[{"name":"wp","href":"https:\/\/api.w.org\/{rel}","templated":true}]}}