{"id":7150,"date":"2025-07-24T14:15:11","date_gmt":"2025-07-24T14:15:11","guid":{"rendered":"https:\/\/elcoled.com\/?post_type=product&#038;p=7150"},"modified":"2025-07-25T06:57:57","modified_gmt":"2025-07-25T06:57:57","slug":"eps-d-kare-sarkit","status":"publish","type":"product","link":"https:\/\/elcoled.com\/tr\/urun\/eps-d-kare-sarkit\/","title":{"rendered":"Elco Pendant Kare Davul"},"content":{"rendered":"<p data-start=\"229\" data-end=\"288\"><strong data-start=\"229\" data-end=\"288\">Kare LED Sark\u0131t Ayd\u0131nlatma \u2013 EPS-D | Elco LED Solutions<\/strong><\/p>\n<p data-start=\"290\" data-end=\"557\">Elco LED Solutions\u2019\u0131n modern kare tasar\u0131ml\u0131 <strong data-start=\"334\" data-end=\"359\">EPS-D sark\u0131t armat\u00fcr\u00fc<\/strong>, mimari projelerde \u015f\u0131kl\u0131\u011f\u0131 ve fonksiyonelli\u011fi bir araya getiriyor. <strong data-start=\"427\" data-end=\"454\">Kare LED sark\u0131t armat\u00fcr<\/strong> olan EPS-D,\u00a0 sert k\u00f6\u015feleri ile mimariye karakter kazand\u0131r\u0131r.<\/p>\n<p data-start=\"559\" data-end=\"869\">EPS Serisi, farkl\u0131 boyut ve g\u00fc\u00e7 se\u00e7enekleriyle esnek kullan\u0131m imk\u00e2n\u0131 sunar. Ofis, ma\u011faza, otel, restoran ve genel ticari alanlar gibi \u00e7e\u015fitli uygulamalarda zarif bir ayd\u0131nlatma \u00e7\u00f6z\u00fcm\u00fc sa\u011flar. Modern \u00e7izgilerle tasarlanan g\u00f6vde yap\u0131s\u0131, hem minimalist hem de iddial\u0131 i\u00e7 mimari konseptlerle m\u00fckemmel uyum yakalar.<\/p>\n<p data-start=\"871\" data-end=\"1129\">EPS-D modelinin kalbinde <strong data-start=\"896\" data-end=\"930\">CrocDesign LED PCB teknolojisi<\/strong> bulunur. Bu \u00f6zel elektronik altyap\u0131, y\u00fcksek verimlilik, d\u00fc\u015f\u00fck \u0131s\u0131l kay\u0131p ve uzun kullan\u0131m \u00f6mr\u00fc sa\u011flar. B\u00f6ylece, y\u0131llar boyunca sabit l\u00fcmen performans\u0131 ile s\u00fcrd\u00fcr\u00fclebilir bir ayd\u0131nlatma \u00e7\u00f6z\u00fcm\u00fc sunar.<\/p>\n<p data-start=\"1131\" data-end=\"1440\">Kurulumu kolay olan EPS-D, ince ask\u0131 sistemi sayesinde tavanda sade bir g\u00f6r\u00fcn\u00fcm sa\u011flar. \u00dcr\u00fcn, yaln\u0131zca bir ayd\u0131nlatma eleman\u0131 de\u011fil; ayn\u0131 zamanda mekan\u0131n mimari kimli\u011fini vurgulayan bir tasar\u0131m unsurudur. Hem performans hem de estetik arayan projeler i\u00e7in <strong data-start=\"1387\" data-end=\"1423\">EPS-D kare LED sark\u0131t ayd\u0131nlatma<\/strong>, ideal \u00e7\u00f6z\u00fcmd\u00fcr.<\/p>\n","protected":false},"excerpt":{"rendered":"<p>Elco LED\u2019in \u015f\u0131k ve modern kare \u00fcr\u00fcnleri ile mekanlar\u0131n\u0131za karakter ekleyin.<br \/>\nFarkl\u0131 boy ve g\u00fc\u00e7 se\u00e7eneklerinin yan\u0131 s\u0131ra rad\u00fcsl\u00fc k\u00f6\u015fe se\u00e7enekleri ile her projenize uygun EPS serileri,<br \/>\nher t\u00fcrl\u00fc mimari projeye uygun kullan\u0131m alan\u0131na sahiptir.<br \/>\nEPS Serileri, CrocDesign PCB\u2019ler ile y\u00fcksek verimlilik ve uzun \u00f6m\u00fcr sunmaktad\u0131r.<\/p>\n","protected":false},"featured_media":7116,"comment_status":"open","ping_status":"closed","template":"","meta":{"_acf_changed":false},"product_brand":[],"product_cat":[90],"product_tag":[584,585],"class_list":{"0":"post-7150","1":"product","2":"type-product","3":"status-publish","4":"has-post-thumbnail","6":"product_cat-sarkit-armatur","7":"product_tag-pendant-tr","8":"product_tag-suspended-tr","10":"first","11":"instock","12":"shipping-taxable","13":"product-type-simple"},"acf":[],"yoast_head":"<!-- This site is optimized with the Yoast SEO Premium plugin v25.1 (Yoast SEO v25.7) - https:\/\/yoast.com\/wordpress\/plugins\/seo\/ -->\n<title>Kare LED Sark\u0131t Armat\u00fcr \u2013 EPS-D | Elco LED Solutions<\/title>\n<meta name=\"description\" content=\"EPS-D, CrocDesign PCB ile donat\u0131lm\u0131\u015f kare LED sark\u0131t armat\u00fcrd\u00fcr. Modern projeler i\u00e7in verimli ve estetik bir ayd\u0131nlatma \u00e7\u00f6z\u00fcm\u00fcd\u00fcr.\" \/>\n<meta name=\"robots\" content=\"index, follow, max-snippet:-1, max-image-preview:large, max-video-preview:-1\" \/>\n<link rel=\"canonical\" href=\"https:\/\/elcoled.com\/tr\/urun\/eps-d-kare-sarkit\/\" \/>\n<meta property=\"og:locale\" content=\"tr_TR\" \/>\n<meta property=\"og:type\" content=\"article\" \/>\n<meta property=\"og:title\" content=\"Elco Pendant Kare Davul\" \/>\n<meta property=\"og:description\" content=\"EPS-D, CrocDesign PCB ile donat\u0131lm\u0131\u015f kare LED sark\u0131t armat\u00fcrd\u00fcr. Modern projeler i\u00e7in verimli ve estetik bir ayd\u0131nlatma \u00e7\u00f6z\u00fcm\u00fcd\u00fcr.\" \/>\n<meta property=\"og:url\" content=\"https:\/\/elcoled.com\/tr\/urun\/eps-d-kare-sarkit\/\" \/>\n<meta property=\"og:site_name\" content=\"ELCOLED Solutions\" \/>\n<meta property=\"article:publisher\" content=\"https:\/\/www.facebook.com\/elcoledsolutions\" \/>\n<meta property=\"article:modified_time\" content=\"2025-07-25T06:57:57+00:00\" \/>\n<meta property=\"og:image\" content=\"https:\/\/elcoled.com\/wp-content\/uploads\/2025\/07\/EPS-D_v2_elco-scaled.jpg\" \/>\n\t<meta property=\"og:image:width\" content=\"1000\" \/>\n\t<meta property=\"og:image:height\" content=\"1000\" \/>\n\t<meta property=\"og:image:type\" content=\"image\/jpeg\" \/>\n<meta name=\"twitter:card\" content=\"summary_large_image\" \/>\n<meta name=\"twitter:label1\" content=\"Tahmini okuma s\u00fcresi\" \/>\n\t<meta name=\"twitter:data1\" content=\"1 dakika\" \/>\n<script type=\"application\/ld+json\" class=\"yoast-schema-graph\">{\"@context\":\"https:\/\/schema.org\",\"@graph\":[{\"@type\":\"WebPage\",\"@id\":\"https:\/\/elcoled.com\/tr\/urun\/eps-d-kare-sarkit\/\",\"url\":\"https:\/\/elcoled.com\/tr\/urun\/eps-d-kare-sarkit\/\",\"name\":\"Kare LED Sark\u0131t Armat\u00fcr \u2013 EPS-D | Elco LED Solutions\",\"isPartOf\":{\"@id\":\"https:\/\/elcoled.com\/#website\"},\"primaryImageOfPage\":{\"@id\":\"https:\/\/elcoled.com\/tr\/urun\/eps-d-kare-sarkit\/#primaryimage\"},\"image\":{\"@id\":\"https:\/\/elcoled.com\/tr\/urun\/eps-d-kare-sarkit\/#primaryimage\"},\"thumbnailUrl\":\"https:\/\/elcoled.com\/wp-content\/uploads\/2025\/07\/EPS-D_v2_elco-scaled.jpg\",\"datePublished\":\"2025-07-24T14:15:11+00:00\",\"dateModified\":\"2025-07-25T06:57:57+00:00\",\"description\":\"EPS-D, CrocDesign PCB ile donat\u0131lm\u0131\u015f kare LED sark\u0131t armat\u00fcrd\u00fcr. Modern projeler i\u00e7in verimli ve estetik bir ayd\u0131nlatma \u00e7\u00f6z\u00fcm\u00fcd\u00fcr.\",\"breadcrumb\":{\"@id\":\"https:\/\/elcoled.com\/tr\/urun\/eps-d-kare-sarkit\/#breadcrumb\"},\"inLanguage\":\"tr\",\"potentialAction\":[{\"@type\":\"ReadAction\",\"target\":[\"https:\/\/elcoled.com\/tr\/urun\/eps-d-kare-sarkit\/\"]}]},{\"@type\":\"ImageObject\",\"inLanguage\":\"tr\",\"@id\":\"https:\/\/elcoled.com\/tr\/urun\/eps-d-kare-sarkit\/#primaryimage\",\"url\":\"https:\/\/elcoled.com\/wp-content\/uploads\/2025\/07\/EPS-D_v2_elco-scaled.jpg\",\"contentUrl\":\"https:\/\/elcoled.com\/wp-content\/uploads\/2025\/07\/EPS-D_v2_elco-scaled.jpg\",\"width\":1000,\"height\":1000,\"caption\":\"EPS-D square LED pendant light by Elco LED \u2013 modern architectural lighting fixture with radius corners EPS-D kare LED sark\u0131t armat\u00fcr \u2013 Elco LED Solutions mimari ayd\u0131nlatma \u00fcr\u00fcn\u00fc\"},{\"@type\":\"BreadcrumbList\",\"@id\":\"https:\/\/elcoled.com\/tr\/urun\/eps-d-kare-sarkit\/#breadcrumb\",\"itemListElement\":[{\"@type\":\"ListItem\",\"position\":1,\"name\":\"Home\",\"item\":\"https:\/\/elcoled.com\/tr\/\"},{\"@type\":\"ListItem\",\"position\":2,\"name\":\"\u00dcr\u00fcnler\",\"item\":\"https:\/\/elcoled.com\/tr\/urunler\/\"},{\"@type\":\"ListItem\",\"position\":3,\"name\":\"Elco Pendant Kare Davul\"}]},{\"@type\":\"WebSite\",\"@id\":\"https:\/\/elcoled.com\/#website\",\"url\":\"https:\/\/elcoled.com\/\",\"name\":\"ELCOLED Solutions\",\"description\":\"\",\"publisher\":{\"@id\":\"https:\/\/elcoled.com\/#organization\"},\"potentialAction\":[{\"@type\":\"SearchAction\",\"target\":{\"@type\":\"EntryPoint\",\"urlTemplate\":\"https:\/\/elcoled.com\/?s={search_term_string}\"},\"query-input\":{\"@type\":\"PropertyValueSpecification\",\"valueRequired\":true,\"valueName\":\"search_term_string\"}}],\"inLanguage\":\"tr\"},{\"@type\":\"Organization\",\"@id\":\"https:\/\/elcoled.com\/#organization\",\"name\":\"ELCOLED Solutions\",\"url\":\"https:\/\/elcoled.com\/\",\"logo\":{\"@type\":\"ImageObject\",\"inLanguage\":\"tr\",\"@id\":\"https:\/\/elcoled.com\/#\/schema\/logo\/image\/\",\"url\":\"https:\/\/elcoled.com\/wp-content\/uploads\/2025\/03\/Logo_BlackELCO_.webp\",\"contentUrl\":\"https:\/\/elcoled.com\/wp-content\/uploads\/2025\/03\/Logo_BlackELCO_.webp\",\"width\":145,\"height\":147,\"caption\":\"ELCOLED Solutions\"},\"image\":{\"@id\":\"https:\/\/elcoled.com\/#\/schema\/logo\/image\/\"},\"sameAs\":[\"https:\/\/www.facebook.com\/elcoledsolutions\",\"https:\/\/www.instagram.com\/elcoledsolutions\/\"]}]}<\/script>\n<!-- \/ Yoast SEO Premium plugin. -->","yoast_head_json":{"title":"Kare LED Sark\u0131t Armat\u00fcr \u2013 EPS-D | Elco LED Solutions","description":"EPS-D, CrocDesign PCB ile donat\u0131lm\u0131\u015f kare LED sark\u0131t armat\u00fcrd\u00fcr. Modern projeler i\u00e7in verimli ve estetik bir ayd\u0131nlatma \u00e7\u00f6z\u00fcm\u00fcd\u00fcr.","robots":{"index":"index","follow":"follow","max-snippet":"max-snippet:-1","max-image-preview":"max-image-preview:large","max-video-preview":"max-video-preview:-1"},"canonical":"https:\/\/elcoled.com\/tr\/urun\/eps-d-kare-sarkit\/","og_locale":"tr_TR","og_type":"article","og_title":"Elco Pendant Kare Davul","og_description":"EPS-D, CrocDesign PCB ile donat\u0131lm\u0131\u015f kare LED sark\u0131t armat\u00fcrd\u00fcr. Modern projeler i\u00e7in verimli ve estetik bir ayd\u0131nlatma \u00e7\u00f6z\u00fcm\u00fcd\u00fcr.","og_url":"https:\/\/elcoled.com\/tr\/urun\/eps-d-kare-sarkit\/","og_site_name":"ELCOLED Solutions","article_publisher":"https:\/\/www.facebook.com\/elcoledsolutions","article_modified_time":"2025-07-25T06:57:57+00:00","og_image":[{"width":1000,"height":1000,"url":"https:\/\/elcoled.com\/wp-content\/uploads\/2025\/07\/EPS-D_v2_elco-scaled.jpg","type":"image\/jpeg"}],"twitter_card":"summary_large_image","twitter_misc":{"Tahmini okuma s\u00fcresi":"1 dakika"},"schema":{"@context":"https:\/\/schema.org","@graph":[{"@type":"WebPage","@id":"https:\/\/elcoled.com\/tr\/urun\/eps-d-kare-sarkit\/","url":"https:\/\/elcoled.com\/tr\/urun\/eps-d-kare-sarkit\/","name":"Kare LED Sark\u0131t Armat\u00fcr \u2013 EPS-D | Elco LED Solutions","isPartOf":{"@id":"https:\/\/elcoled.com\/#website"},"primaryImageOfPage":{"@id":"https:\/\/elcoled.com\/tr\/urun\/eps-d-kare-sarkit\/#primaryimage"},"image":{"@id":"https:\/\/elcoled.com\/tr\/urun\/eps-d-kare-sarkit\/#primaryimage"},"thumbnailUrl":"https:\/\/elcoled.com\/wp-content\/uploads\/2025\/07\/EPS-D_v2_elco-scaled.jpg","datePublished":"2025-07-24T14:15:11+00:00","dateModified":"2025-07-25T06:57:57+00:00","description":"EPS-D, CrocDesign PCB ile donat\u0131lm\u0131\u015f kare LED sark\u0131t armat\u00fcrd\u00fcr. Modern projeler i\u00e7in verimli ve estetik bir ayd\u0131nlatma \u00e7\u00f6z\u00fcm\u00fcd\u00fcr.","breadcrumb":{"@id":"https:\/\/elcoled.com\/tr\/urun\/eps-d-kare-sarkit\/#breadcrumb"},"inLanguage":"tr","potentialAction":[{"@type":"ReadAction","target":["https:\/\/elcoled.com\/tr\/urun\/eps-d-kare-sarkit\/"]}]},{"@type":"ImageObject","inLanguage":"tr","@id":"https:\/\/elcoled.com\/tr\/urun\/eps-d-kare-sarkit\/#primaryimage","url":"https:\/\/elcoled.com\/wp-content\/uploads\/2025\/07\/EPS-D_v2_elco-scaled.jpg","contentUrl":"https:\/\/elcoled.com\/wp-content\/uploads\/2025\/07\/EPS-D_v2_elco-scaled.jpg","width":1000,"height":1000,"caption":"EPS-D square LED pendant light by Elco LED \u2013 modern architectural lighting fixture with radius corners EPS-D kare LED sark\u0131t armat\u00fcr \u2013 Elco LED Solutions mimari ayd\u0131nlatma \u00fcr\u00fcn\u00fc"},{"@type":"BreadcrumbList","@id":"https:\/\/elcoled.com\/tr\/urun\/eps-d-kare-sarkit\/#breadcrumb","itemListElement":[{"@type":"ListItem","position":1,"name":"Home","item":"https:\/\/elcoled.com\/tr\/"},{"@type":"ListItem","position":2,"name":"\u00dcr\u00fcnler","item":"https:\/\/elcoled.com\/tr\/urunler\/"},{"@type":"ListItem","position":3,"name":"Elco Pendant Kare Davul"}]},{"@type":"WebSite","@id":"https:\/\/elcoled.com\/#website","url":"https:\/\/elcoled.com\/","name":"ELCOLED Solutions","description":"","publisher":{"@id":"https:\/\/elcoled.com\/#organization"},"potentialAction":[{"@type":"SearchAction","target":{"@type":"EntryPoint","urlTemplate":"https:\/\/elcoled.com\/?s={search_term_string}"},"query-input":{"@type":"PropertyValueSpecification","valueRequired":true,"valueName":"search_term_string"}}],"inLanguage":"tr"},{"@type":"Organization","@id":"https:\/\/elcoled.com\/#organization","name":"ELCOLED Solutions","url":"https:\/\/elcoled.com\/","logo":{"@type":"ImageObject","inLanguage":"tr","@id":"https:\/\/elcoled.com\/#\/schema\/logo\/image\/","url":"https:\/\/elcoled.com\/wp-content\/uploads\/2025\/03\/Logo_BlackELCO_.webp","contentUrl":"https:\/\/elcoled.com\/wp-content\/uploads\/2025\/03\/Logo_BlackELCO_.webp","width":145,"height":147,"caption":"ELCOLED Solutions"},"image":{"@id":"https:\/\/elcoled.com\/#\/schema\/logo\/image\/"},"sameAs":["https:\/\/www.facebook.com\/elcoledsolutions","https:\/\/www.instagram.com\/elcoledsolutions\/"]}]}},"_links":{"self":[{"href":"https:\/\/elcoled.com\/tr\/wp-json\/wp\/v2\/product\/7150","targetHints":{"allow":["GET"]}}],"collection":[{"href":"https:\/\/elcoled.com\/tr\/wp-json\/wp\/v2\/product"}],"about":[{"href":"https:\/\/elcoled.com\/tr\/wp-json\/wp\/v2\/types\/product"}],"replies":[{"embeddable":true,"href":"https:\/\/elcoled.com\/tr\/wp-json\/wp\/v2\/comments?post=7150"}],"wp:featuredmedia":[{"embeddable":true,"href":"https:\/\/elcoled.com\/tr\/wp-json\/wp\/v2\/media\/7116"}],"wp:attachment":[{"href":"https:\/\/elcoled.com\/tr\/wp-json\/wp\/v2\/media?parent=7150"}],"wp:term":[{"taxonomy":"product_brand","embeddable":true,"href":"https:\/\/elcoled.com\/tr\/wp-json\/wp\/v2\/product_brand?post=7150"},{"taxonomy":"product_cat","embeddable":true,"href":"https:\/\/elcoled.com\/tr\/wp-json\/wp\/v2\/product_cat?post=7150"},{"taxonomy":"product_tag","embeddable":true,"href":"https:\/\/elcoled.com\/tr\/wp-json\/wp\/v2\/product_tag?post=7150"}],"curies":[{"name":"wp","href":"https:\/\/api.w.org\/{rel}","templated":true}]}}