{"id":7127,"date":"2025-07-24T08:53:15","date_gmt":"2025-07-24T08:53:15","guid":{"rendered":"https:\/\/elcoled.com\/?post_type=product&#038;p=7127"},"modified":"2025-07-25T06:58:13","modified_gmt":"2025-07-25T06:58:13","slug":"eps-rr-kare-radus-sarkit","status":"publish","type":"product","link":"https:\/\/elcoled.com\/tr\/urun\/eps-rr-kare-radus-sarkit\/","title":{"rendered":"Elco Pendant Kare Rad\u00fcsl\u00fc Halka"},"content":{"rendered":"<p>Elco Pendant &#8211; Kare Serileri<\/p>\n<p>Elco LED\u2019in \u015f\u0131k ve modern kare \u00fcr\u00fcnleri ile mekanlar\u0131n\u0131za karakter ekleyin.<br \/>\nFarkl\u0131 boy ve g\u00fc\u00e7 se\u00e7eneklerinin yan\u0131 s\u0131ra rad\u00fcsl\u00fc k\u00f6\u015fe se\u00e7enekleri ile her projenize uygun EPS serileri,<br \/>\nher t\u00fcrl\u00fc mimari projeye uygun kullan\u0131m alan\u0131na sahiptir.<br \/>\nEPS Serileri, CrocDesign PCB\u2019ler ile y\u00fcksek verimlilik ve uzun \u00f6m\u00fcr sunmaktad\u0131r.<\/p>\n","protected":false},"excerpt":{"rendered":"<p>Elco LED\u2019in \u015f\u0131k ve modern kare \u00fcr\u00fcnleri ile mekanlar\u0131n\u0131za karakter ekleyin.<br \/>\nFarkl\u0131 boy ve g\u00fc\u00e7 se\u00e7eneklerinin yan\u0131 s\u0131ra rad\u00fcsl\u00fc k\u00f6\u015fe se\u00e7enekleri ile her projenize uygun EPS serileri,<br \/>\nher t\u00fcrl\u00fc mimari projeye uygun kullan\u0131m alan\u0131na sahiptir.<br \/>\nEPS Serileri, CrocDesign PCB\u2019ler ile y\u00fcksek verimlilik ve uzun \u00f6m\u00fcr sunmaktad\u0131r.<\/p>\n","protected":false},"featured_media":7114,"comment_status":"open","ping_status":"closed","template":"","meta":{"_acf_changed":false},"product_brand":[],"product_cat":[90],"product_tag":[584,585],"class_list":{"0":"post-7127","1":"product","2":"type-product","3":"status-publish","4":"has-post-thumbnail","6":"product_cat-sarkit-armatur","7":"product_tag-pendant-tr","8":"product_tag-suspended-tr","10":"first","11":"instock","12":"shipping-taxable","13":"product-type-simple"},"acf":[],"yoast_head":"<!-- This site is optimized with the Yoast SEO Premium plugin v25.1 (Yoast SEO v25.7) - https:\/\/yoast.com\/wordpress\/plugins\/seo\/ -->\n<title>Elco Pendant Kare Rad\u00fcsl\u00fc Halka - ELCOLED Solutions<\/title>\n<meta name=\"description\" content=\"Elco LED\u2019in \u015f\u0131k ve modern kare \u00fcr\u00fcnleri ile mekanlar\u0131n\u0131za karakter ekleyin.Farkl\u0131 boy ve g\u00fc\u00e7 se\u00e7eneklerinin yan\u0131 s\u0131ra rad\u00fcsl\u00fc k\u00f6\u015fe se\u00e7enekleri ile her projenize uygun EPS serileri,her t\u00fcrl\u00fc mimari projeye uygun kullan\u0131m alan\u0131na sahiptir.EPS Serileri, CrocDesign PCB\u2019ler ile y\u00fcksek verimlilik ve uzun \u00f6m\u00fcr sunmaktad\u0131r.\" \/>\n<meta name=\"robots\" content=\"index, follow, max-snippet:-1, max-image-preview:large, max-video-preview:-1\" \/>\n<link rel=\"canonical\" href=\"https:\/\/elcoled.com\/tr\/urun\/eps-rr-kare-radus-sarkit\/\" \/>\n<meta property=\"og:locale\" content=\"tr_TR\" \/>\n<meta property=\"og:type\" content=\"article\" \/>\n<meta property=\"og:title\" content=\"Elco Pendant Kare Rad\u00fcsl\u00fc Halka\" \/>\n<meta property=\"og:description\" content=\"Elco LED\u2019in \u015f\u0131k ve modern kare \u00fcr\u00fcnleri ile mekanlar\u0131n\u0131za karakter ekleyin.Farkl\u0131 boy ve g\u00fc\u00e7 se\u00e7eneklerinin yan\u0131 s\u0131ra rad\u00fcsl\u00fc k\u00f6\u015fe se\u00e7enekleri ile her projenize uygun EPS serileri,her t\u00fcrl\u00fc mimari projeye uygun kullan\u0131m alan\u0131na sahiptir.EPS Serileri, CrocDesign PCB\u2019ler ile y\u00fcksek verimlilik ve uzun \u00f6m\u00fcr sunmaktad\u0131r.\" \/>\n<meta property=\"og:url\" content=\"https:\/\/elcoled.com\/tr\/urun\/eps-rr-kare-radus-sarkit\/\" \/>\n<meta property=\"og:site_name\" content=\"ELCOLED Solutions\" \/>\n<meta property=\"article:publisher\" content=\"https:\/\/www.facebook.com\/elcoledsolutions\" \/>\n<meta property=\"article:modified_time\" content=\"2025-07-25T06:58:13+00:00\" \/>\n<meta property=\"og:image\" content=\"https:\/\/elcoled.com\/wp-content\/uploads\/2025\/07\/EPS-RR_v2_elco-scaled.jpg\" \/>\n\t<meta property=\"og:image:width\" content=\"1000\" \/>\n\t<meta property=\"og:image:height\" content=\"1000\" \/>\n\t<meta property=\"og:image:type\" content=\"image\/jpeg\" \/>\n<meta name=\"twitter:card\" content=\"summary_large_image\" \/>\n<meta name=\"twitter:label1\" content=\"Tahmini okuma s\u00fcresi\" \/>\n\t<meta name=\"twitter:data1\" content=\"1 dakika\" \/>\n<script type=\"application\/ld+json\" class=\"yoast-schema-graph\">{\"@context\":\"https:\/\/schema.org\",\"@graph\":[{\"@type\":\"WebPage\",\"@id\":\"https:\/\/elcoled.com\/tr\/urun\/eps-rr-kare-radus-sarkit\/\",\"url\":\"https:\/\/elcoled.com\/tr\/urun\/eps-rr-kare-radus-sarkit\/\",\"name\":\"Elco Pendant Kare Rad\u00fcsl\u00fc Halka - ELCOLED Solutions\",\"isPartOf\":{\"@id\":\"https:\/\/elcoled.com\/#website\"},\"primaryImageOfPage\":{\"@id\":\"https:\/\/elcoled.com\/tr\/urun\/eps-rr-kare-radus-sarkit\/#primaryimage\"},\"image\":{\"@id\":\"https:\/\/elcoled.com\/tr\/urun\/eps-rr-kare-radus-sarkit\/#primaryimage\"},\"thumbnailUrl\":\"https:\/\/elcoled.com\/wp-content\/uploads\/2025\/07\/EPS-RR_v2_elco-scaled.jpg\",\"datePublished\":\"2025-07-24T08:53:15+00:00\",\"dateModified\":\"2025-07-25T06:58:13+00:00\",\"description\":\"Elco LED\u2019in \u015f\u0131k ve modern kare \u00fcr\u00fcnleri ile mekanlar\u0131n\u0131za karakter ekleyin.Farkl\u0131 boy ve g\u00fc\u00e7 se\u00e7eneklerinin yan\u0131 s\u0131ra rad\u00fcsl\u00fc k\u00f6\u015fe se\u00e7enekleri ile her projenize uygun EPS serileri,her t\u00fcrl\u00fc mimari projeye uygun kullan\u0131m alan\u0131na sahiptir.EPS Serileri, CrocDesign PCB\u2019ler ile y\u00fcksek verimlilik ve uzun \u00f6m\u00fcr sunmaktad\u0131r.\",\"breadcrumb\":{\"@id\":\"https:\/\/elcoled.com\/tr\/urun\/eps-rr-kare-radus-sarkit\/#breadcrumb\"},\"inLanguage\":\"tr\",\"potentialAction\":[{\"@type\":\"ReadAction\",\"target\":[\"https:\/\/elcoled.com\/tr\/urun\/eps-rr-kare-radus-sarkit\/\"]}]},{\"@type\":\"ImageObject\",\"inLanguage\":\"tr\",\"@id\":\"https:\/\/elcoled.com\/tr\/urun\/eps-rr-kare-radus-sarkit\/#primaryimage\",\"url\":\"https:\/\/elcoled.com\/wp-content\/uploads\/2025\/07\/EPS-RR_v2_elco-scaled.jpg\",\"contentUrl\":\"https:\/\/elcoled.com\/wp-content\/uploads\/2025\/07\/EPS-RR_v2_elco-scaled.jpg\",\"width\":1000,\"height\":1000,\"caption\":\"EPS-D square LED pendant light by Elco LED \u2013 modern architectural lighting fixture with radius corners\"},{\"@type\":\"BreadcrumbList\",\"@id\":\"https:\/\/elcoled.com\/tr\/urun\/eps-rr-kare-radus-sarkit\/#breadcrumb\",\"itemListElement\":[{\"@type\":\"ListItem\",\"position\":1,\"name\":\"Home\",\"item\":\"https:\/\/elcoled.com\/tr\/\"},{\"@type\":\"ListItem\",\"position\":2,\"name\":\"\u00dcr\u00fcnler\",\"item\":\"https:\/\/elcoled.com\/tr\/urunler\/\"},{\"@type\":\"ListItem\",\"position\":3,\"name\":\"Elco Pendant Kare Rad\u00fcsl\u00fc Halka\"}]},{\"@type\":\"WebSite\",\"@id\":\"https:\/\/elcoled.com\/#website\",\"url\":\"https:\/\/elcoled.com\/\",\"name\":\"ELCOLED Solutions\",\"description\":\"\",\"publisher\":{\"@id\":\"https:\/\/elcoled.com\/#organization\"},\"potentialAction\":[{\"@type\":\"SearchAction\",\"target\":{\"@type\":\"EntryPoint\",\"urlTemplate\":\"https:\/\/elcoled.com\/?s={search_term_string}\"},\"query-input\":{\"@type\":\"PropertyValueSpecification\",\"valueRequired\":true,\"valueName\":\"search_term_string\"}}],\"inLanguage\":\"tr\"},{\"@type\":\"Organization\",\"@id\":\"https:\/\/elcoled.com\/#organization\",\"name\":\"ELCOLED Solutions\",\"url\":\"https:\/\/elcoled.com\/\",\"logo\":{\"@type\":\"ImageObject\",\"inLanguage\":\"tr\",\"@id\":\"https:\/\/elcoled.com\/#\/schema\/logo\/image\/\",\"url\":\"https:\/\/elcoled.com\/wp-content\/uploads\/2025\/03\/Logo_BlackELCO_.webp\",\"contentUrl\":\"https:\/\/elcoled.com\/wp-content\/uploads\/2025\/03\/Logo_BlackELCO_.webp\",\"width\":145,\"height\":147,\"caption\":\"ELCOLED Solutions\"},\"image\":{\"@id\":\"https:\/\/elcoled.com\/#\/schema\/logo\/image\/\"},\"sameAs\":[\"https:\/\/www.facebook.com\/elcoledsolutions\",\"https:\/\/www.instagram.com\/elcoledsolutions\/\"]}]}<\/script>\n<!-- \/ Yoast SEO Premium plugin. -->","yoast_head_json":{"title":"Elco Pendant Kare Rad\u00fcsl\u00fc Halka - ELCOLED Solutions","description":"Elco LED\u2019in \u015f\u0131k ve modern kare \u00fcr\u00fcnleri ile mekanlar\u0131n\u0131za karakter ekleyin.Farkl\u0131 boy ve g\u00fc\u00e7 se\u00e7eneklerinin yan\u0131 s\u0131ra rad\u00fcsl\u00fc k\u00f6\u015fe se\u00e7enekleri ile her projenize uygun EPS serileri,her t\u00fcrl\u00fc mimari projeye uygun kullan\u0131m alan\u0131na sahiptir.EPS Serileri, CrocDesign PCB\u2019ler ile y\u00fcksek verimlilik ve uzun \u00f6m\u00fcr sunmaktad\u0131r.","robots":{"index":"index","follow":"follow","max-snippet":"max-snippet:-1","max-image-preview":"max-image-preview:large","max-video-preview":"max-video-preview:-1"},"canonical":"https:\/\/elcoled.com\/tr\/urun\/eps-rr-kare-radus-sarkit\/","og_locale":"tr_TR","og_type":"article","og_title":"Elco Pendant Kare Rad\u00fcsl\u00fc Halka","og_description":"Elco LED\u2019in \u015f\u0131k ve modern kare \u00fcr\u00fcnleri ile mekanlar\u0131n\u0131za karakter ekleyin.Farkl\u0131 boy ve g\u00fc\u00e7 se\u00e7eneklerinin yan\u0131 s\u0131ra rad\u00fcsl\u00fc k\u00f6\u015fe se\u00e7enekleri ile her projenize uygun EPS serileri,her t\u00fcrl\u00fc mimari projeye uygun kullan\u0131m alan\u0131na sahiptir.EPS Serileri, CrocDesign PCB\u2019ler ile y\u00fcksek verimlilik ve uzun \u00f6m\u00fcr sunmaktad\u0131r.","og_url":"https:\/\/elcoled.com\/tr\/urun\/eps-rr-kare-radus-sarkit\/","og_site_name":"ELCOLED Solutions","article_publisher":"https:\/\/www.facebook.com\/elcoledsolutions","article_modified_time":"2025-07-25T06:58:13+00:00","og_image":[{"width":1000,"height":1000,"url":"https:\/\/elcoled.com\/wp-content\/uploads\/2025\/07\/EPS-RR_v2_elco-scaled.jpg","type":"image\/jpeg"}],"twitter_card":"summary_large_image","twitter_misc":{"Tahmini okuma s\u00fcresi":"1 dakika"},"schema":{"@context":"https:\/\/schema.org","@graph":[{"@type":"WebPage","@id":"https:\/\/elcoled.com\/tr\/urun\/eps-rr-kare-radus-sarkit\/","url":"https:\/\/elcoled.com\/tr\/urun\/eps-rr-kare-radus-sarkit\/","name":"Elco Pendant Kare Rad\u00fcsl\u00fc Halka - ELCOLED Solutions","isPartOf":{"@id":"https:\/\/elcoled.com\/#website"},"primaryImageOfPage":{"@id":"https:\/\/elcoled.com\/tr\/urun\/eps-rr-kare-radus-sarkit\/#primaryimage"},"image":{"@id":"https:\/\/elcoled.com\/tr\/urun\/eps-rr-kare-radus-sarkit\/#primaryimage"},"thumbnailUrl":"https:\/\/elcoled.com\/wp-content\/uploads\/2025\/07\/EPS-RR_v2_elco-scaled.jpg","datePublished":"2025-07-24T08:53:15+00:00","dateModified":"2025-07-25T06:58:13+00:00","description":"Elco LED\u2019in \u015f\u0131k ve modern kare \u00fcr\u00fcnleri ile mekanlar\u0131n\u0131za karakter ekleyin.Farkl\u0131 boy ve g\u00fc\u00e7 se\u00e7eneklerinin yan\u0131 s\u0131ra rad\u00fcsl\u00fc k\u00f6\u015fe se\u00e7enekleri ile her projenize uygun EPS serileri,her t\u00fcrl\u00fc mimari projeye uygun kullan\u0131m alan\u0131na sahiptir.EPS Serileri, CrocDesign PCB\u2019ler ile y\u00fcksek verimlilik ve uzun \u00f6m\u00fcr sunmaktad\u0131r.","breadcrumb":{"@id":"https:\/\/elcoled.com\/tr\/urun\/eps-rr-kare-radus-sarkit\/#breadcrumb"},"inLanguage":"tr","potentialAction":[{"@type":"ReadAction","target":["https:\/\/elcoled.com\/tr\/urun\/eps-rr-kare-radus-sarkit\/"]}]},{"@type":"ImageObject","inLanguage":"tr","@id":"https:\/\/elcoled.com\/tr\/urun\/eps-rr-kare-radus-sarkit\/#primaryimage","url":"https:\/\/elcoled.com\/wp-content\/uploads\/2025\/07\/EPS-RR_v2_elco-scaled.jpg","contentUrl":"https:\/\/elcoled.com\/wp-content\/uploads\/2025\/07\/EPS-RR_v2_elco-scaled.jpg","width":1000,"height":1000,"caption":"EPS-D square LED pendant light by Elco LED \u2013 modern architectural lighting fixture with radius corners"},{"@type":"BreadcrumbList","@id":"https:\/\/elcoled.com\/tr\/urun\/eps-rr-kare-radus-sarkit\/#breadcrumb","itemListElement":[{"@type":"ListItem","position":1,"name":"Home","item":"https:\/\/elcoled.com\/tr\/"},{"@type":"ListItem","position":2,"name":"\u00dcr\u00fcnler","item":"https:\/\/elcoled.com\/tr\/urunler\/"},{"@type":"ListItem","position":3,"name":"Elco Pendant Kare Rad\u00fcsl\u00fc Halka"}]},{"@type":"WebSite","@id":"https:\/\/elcoled.com\/#website","url":"https:\/\/elcoled.com\/","name":"ELCOLED Solutions","description":"","publisher":{"@id":"https:\/\/elcoled.com\/#organization"},"potentialAction":[{"@type":"SearchAction","target":{"@type":"EntryPoint","urlTemplate":"https:\/\/elcoled.com\/?s={search_term_string}"},"query-input":{"@type":"PropertyValueSpecification","valueRequired":true,"valueName":"search_term_string"}}],"inLanguage":"tr"},{"@type":"Organization","@id":"https:\/\/elcoled.com\/#organization","name":"ELCOLED Solutions","url":"https:\/\/elcoled.com\/","logo":{"@type":"ImageObject","inLanguage":"tr","@id":"https:\/\/elcoled.com\/#\/schema\/logo\/image\/","url":"https:\/\/elcoled.com\/wp-content\/uploads\/2025\/03\/Logo_BlackELCO_.webp","contentUrl":"https:\/\/elcoled.com\/wp-content\/uploads\/2025\/03\/Logo_BlackELCO_.webp","width":145,"height":147,"caption":"ELCOLED Solutions"},"image":{"@id":"https:\/\/elcoled.com\/#\/schema\/logo\/image\/"},"sameAs":["https:\/\/www.facebook.com\/elcoledsolutions","https:\/\/www.instagram.com\/elcoledsolutions\/"]}]}},"_links":{"self":[{"href":"https:\/\/elcoled.com\/tr\/wp-json\/wp\/v2\/product\/7127","targetHints":{"allow":["GET"]}}],"collection":[{"href":"https:\/\/elcoled.com\/tr\/wp-json\/wp\/v2\/product"}],"about":[{"href":"https:\/\/elcoled.com\/tr\/wp-json\/wp\/v2\/types\/product"}],"replies":[{"embeddable":true,"href":"https:\/\/elcoled.com\/tr\/wp-json\/wp\/v2\/comments?post=7127"}],"wp:featuredmedia":[{"embeddable":true,"href":"https:\/\/elcoled.com\/tr\/wp-json\/wp\/v2\/media\/7114"}],"wp:attachment":[{"href":"https:\/\/elcoled.com\/tr\/wp-json\/wp\/v2\/media?parent=7127"}],"wp:term":[{"taxonomy":"product_brand","embeddable":true,"href":"https:\/\/elcoled.com\/tr\/wp-json\/wp\/v2\/product_brand?post=7127"},{"taxonomy":"product_cat","embeddable":true,"href":"https:\/\/elcoled.com\/tr\/wp-json\/wp\/v2\/product_cat?post=7127"},{"taxonomy":"product_tag","embeddable":true,"href":"https:\/\/elcoled.com\/tr\/wp-json\/wp\/v2\/product_tag?post=7127"}],"curies":[{"name":"wp","href":"https:\/\/api.w.org\/{rel}","templated":true}]}}