{"id":7099,"date":"2025-07-22T14:14:24","date_gmt":"2025-07-22T14:14:24","guid":{"rendered":"https:\/\/elcoled.com\/?post_type=product&#038;p=7099"},"modified":"2025-07-24T12:15:25","modified_gmt":"2025-07-24T12:15:25","slug":"eph-d-altigen-sarkit","status":"publish","type":"product","link":"https:\/\/elcoled.com\/tr\/urun\/eph-d-altigen-sarkit\/","title":{"rendered":"Elco Pendant Hexagon Davul"},"content":{"rendered":"<p data-start=\"681\" data-end=\"994\">Tavanlar art\u0131k sadece d\u00fcz bir y\u00fczey de\u011fil; Elco LED\u2019in EPH-D Alt\u0131gen Sark\u0131t Ayd\u0131nlatma sark\u0131t serisinin par\u00e7as\u0131 olan <strong data-start=\"782\" data-end=\"791\">EPH-D<\/strong>, mek\u00e2nlar\u0131n\u0131zda dikkatleri \u00fczerine \u00e7eken bir tasar\u0131m unsuru haline geliyor. Alt\u0131gen geometrisiyle modern mimarinin kodlar\u0131n\u0131 ta\u015f\u0131yan bu armat\u00fcr, ayd\u0131nlatma ile sanat\u0131 kusursuz bir dengede birle\u015ftiriyor.<\/p>\n<p data-start=\"996\" data-end=\"1253\">EPH-D modeli, estetik a\u00e7\u0131dan g\u00fc\u00e7l\u00fc bir duru\u015f sergilerken, ince profiliyle minimalist i\u00e7 mek\u00e2n tasar\u0131mlar\u0131na da m\u00fckemmel uyum sa\u011flar. Tek ba\u015f\u0131na kullan\u0131ld\u0131\u011f\u0131nda odak noktas\u0131 olurken, grup olarak uyguland\u0131\u011f\u0131nda etkileyici bir ritim ve g\u00f6rsel b\u00fct\u00fcnl\u00fck yarat\u0131r.<\/p>\n<p data-start=\"1255\" data-end=\"1538\"><strong data-start=\"1255\" data-end=\"1285\">CrocDesign PCB teknolojisi<\/strong> ile g\u00fc\u00e7lendirilen i\u00e7 yap\u0131s\u0131, sadece g\u00f6z al\u0131c\u0131 bir d\u0131\u015f g\u00f6r\u00fcn\u00fcm de\u011fil, ayn\u0131 zamanda y\u00fcksek verimlilik ve uzun \u00f6m\u00fcrl\u00fc bir performans da sunar. Bu \u00f6zel PCB tasar\u0131m\u0131 sayesinde \u0131s\u0131 da\u011f\u0131l\u0131m\u0131 dengelenir, LED \u00f6mr\u00fc uzar ve ayd\u0131nlatma kalitesi daima stabil kal\u0131r.<\/p>\n<p data-start=\"1540\" data-end=\"1775\">EPH-D Alt\u0131gen Sark\u0131t Ayd\u0131nlatma armat\u00fcrleri, hem dekoratif hem fonksiyonel alanlar i\u00e7in ideal bir \u00e7\u00f6z\u00fcmd\u00fcr. Otel lobilerinden sanat galerilerine, modern ofislerden yarat\u0131c\u0131 st\u00fcdyo alanlar\u0131na kadar farkl\u0131 projelerde \u015f\u0131kl\u0131\u011f\u0131 ve teknolojiyi bir araya getirir.<\/p>\n<p data-start=\"1777\" data-end=\"1884\">EPH-D modeli, Elco LED Solutions\u2019\u0131n mimari esteti\u011fi teknolojiyle bulu\u015fturma vizyonunun canl\u0131 bir \u00f6rne\u011fidir.<\/p>\n<p data-start=\"1998\" data-end=\"2256\"><a class=\"cursor-pointer\" href=\"https:\/\/elcoled.com\/products\/?_productcategories=pendant-lighting\" target=\"_new\" rel=\"noopener\" data-start=\"2732\" data-end=\"2809\">Elco Sark\u0131t Serileri\u00a0<\/a><br \/>\nCrocDesign PCB teknolojisi ile ilgil daha \u00e7ok bilgi i\u00e7in: <a class=\"cursor-pointer\" href=\"https:\/\/www.crocdesign.com\" target=\"_new\" rel=\"noopener\" data-start=\"2894\" data-end=\"2950\">https:\/\/www.crocdesign.com<\/a><\/p>\n","protected":false},"excerpt":{"rendered":"<p>EPH-D alt\u0131gen sark\u0131t, g\u00fc\u00e7l\u00fc CrocDesign PCB teknolojisi ve modern tasar\u0131m\u0131yla dikkat \u00e7eker. Uzun \u00f6m\u00fcrl\u00fc, verimli ve sanatsal bir ayd\u0131nlatma \u00e7\u00f6z\u00fcm\u00fcd\u00fcr.<\/p>\n","protected":false},"featured_media":7092,"comment_status":"open","ping_status":"closed","template":"","meta":{"_acf_changed":false},"product_brand":[],"product_cat":[90],"product_tag":[584,585],"class_list":{"0":"post-7099","1":"product","2":"type-product","3":"status-publish","4":"has-post-thumbnail","6":"product_cat-sarkit-armatur","7":"product_tag-pendant-tr","8":"product_tag-suspended-tr","10":"first","11":"instock","12":"shipping-taxable","13":"product-type-simple"},"acf":[],"yoast_head":"<!-- This site is optimized with the Yoast SEO Premium plugin v25.1 (Yoast SEO v25.7) - https:\/\/yoast.com\/wordpress\/plugins\/seo\/ -->\n<title>EPH-D Alt\u0131gen Sark\u0131t Ayd\u0131nlatma \u2013 Elco LED Solutions<\/title>\n<meta name=\"description\" content=\"EPH-D alt\u0131gen sark\u0131t, Elco LED\u2019in CrocDesign PCB teknolojisiyle g\u00fc\u00e7lendirilmi\u015f, sanatsal ve g\u00fc\u00e7l\u00fc bir ayd\u0131nlatma \u00e7\u00f6z\u00fcm\u00fcd\u00fcr. Uzun \u00f6m\u00fcrl\u00fc ve etkileyici.\" \/>\n<meta name=\"robots\" content=\"index, follow, max-snippet:-1, max-image-preview:large, max-video-preview:-1\" \/>\n<link rel=\"canonical\" href=\"https:\/\/elcoled.com\/tr\/urun\/eph-d-altigen-sarkit\/\" \/>\n<meta property=\"og:locale\" content=\"tr_TR\" \/>\n<meta property=\"og:type\" content=\"article\" \/>\n<meta property=\"og:title\" content=\"Elco Pendant Hexagon Davul\" \/>\n<meta property=\"og:description\" content=\"EPH-D alt\u0131gen sark\u0131t, Elco LED\u2019in CrocDesign PCB teknolojisiyle g\u00fc\u00e7lendirilmi\u015f, sanatsal ve g\u00fc\u00e7l\u00fc bir ayd\u0131nlatma \u00e7\u00f6z\u00fcm\u00fcd\u00fcr. Uzun \u00f6m\u00fcrl\u00fc ve etkileyici.\" \/>\n<meta property=\"og:url\" content=\"https:\/\/elcoled.com\/tr\/urun\/eph-d-altigen-sarkit\/\" \/>\n<meta property=\"og:site_name\" content=\"ELCOLED Solutions\" \/>\n<meta property=\"article:publisher\" content=\"https:\/\/www.facebook.com\/elcoledsolutions\" \/>\n<meta property=\"article:modified_time\" content=\"2025-07-24T12:15:25+00:00\" \/>\n<meta property=\"og:image\" content=\"https:\/\/elcoled.com\/wp-content\/uploads\/2025\/07\/EPH-D_v2_elco-scaled.jpg\" \/>\n\t<meta property=\"og:image:width\" content=\"1000\" \/>\n\t<meta property=\"og:image:height\" content=\"1000\" \/>\n\t<meta property=\"og:image:type\" content=\"image\/jpeg\" \/>\n<meta name=\"twitter:card\" content=\"summary_large_image\" \/>\n<meta name=\"twitter:label1\" content=\"Tahmini okuma s\u00fcresi\" \/>\n\t<meta name=\"twitter:data1\" content=\"1 dakika\" \/>\n<script type=\"application\/ld+json\" class=\"yoast-schema-graph\">{\"@context\":\"https:\/\/schema.org\",\"@graph\":[{\"@type\":\"WebPage\",\"@id\":\"https:\/\/elcoled.com\/tr\/urun\/eph-d-altigen-sarkit\/\",\"url\":\"https:\/\/elcoled.com\/tr\/urun\/eph-d-altigen-sarkit\/\",\"name\":\"EPH-D Alt\u0131gen Sark\u0131t Ayd\u0131nlatma \u2013 Elco LED Solutions\",\"isPartOf\":{\"@id\":\"https:\/\/elcoled.com\/#website\"},\"primaryImageOfPage\":{\"@id\":\"https:\/\/elcoled.com\/tr\/urun\/eph-d-altigen-sarkit\/#primaryimage\"},\"image\":{\"@id\":\"https:\/\/elcoled.com\/tr\/urun\/eph-d-altigen-sarkit\/#primaryimage\"},\"thumbnailUrl\":\"https:\/\/elcoled.com\/wp-content\/uploads\/2025\/07\/EPH-D_v2_elco-scaled.jpg\",\"datePublished\":\"2025-07-22T14:14:24+00:00\",\"dateModified\":\"2025-07-24T12:15:25+00:00\",\"description\":\"EPH-D alt\u0131gen sark\u0131t, Elco LED\u2019in CrocDesign PCB teknolojisiyle g\u00fc\u00e7lendirilmi\u015f, sanatsal ve g\u00fc\u00e7l\u00fc bir ayd\u0131nlatma \u00e7\u00f6z\u00fcm\u00fcd\u00fcr. Uzun \u00f6m\u00fcrl\u00fc ve etkileyici.\",\"breadcrumb\":{\"@id\":\"https:\/\/elcoled.com\/tr\/urun\/eph-d-altigen-sarkit\/#breadcrumb\"},\"inLanguage\":\"tr\",\"potentialAction\":[{\"@type\":\"ReadAction\",\"target\":[\"https:\/\/elcoled.com\/tr\/urun\/eph-d-altigen-sarkit\/\"]}]},{\"@type\":\"ImageObject\",\"inLanguage\":\"tr\",\"@id\":\"https:\/\/elcoled.com\/tr\/urun\/eph-d-altigen-sarkit\/#primaryimage\",\"url\":\"https:\/\/elcoled.com\/wp-content\/uploads\/2025\/07\/EPH-D_v2_elco-scaled.jpg\",\"contentUrl\":\"https:\/\/elcoled.com\/wp-content\/uploads\/2025\/07\/EPH-D_v2_elco-scaled.jpg\",\"width\":1000,\"height\":1000,\"caption\":\"Elco LED EPH-D alt\u0131gen sark\u0131t armat\u00fcr\"},{\"@type\":\"BreadcrumbList\",\"@id\":\"https:\/\/elcoled.com\/tr\/urun\/eph-d-altigen-sarkit\/#breadcrumb\",\"itemListElement\":[{\"@type\":\"ListItem\",\"position\":1,\"name\":\"Home\",\"item\":\"https:\/\/elcoled.com\/tr\/\"},{\"@type\":\"ListItem\",\"position\":2,\"name\":\"\u00dcr\u00fcnler\",\"item\":\"https:\/\/elcoled.com\/tr\/urunler\/\"},{\"@type\":\"ListItem\",\"position\":3,\"name\":\"Elco Pendant Hexagon Davul\"}]},{\"@type\":\"WebSite\",\"@id\":\"https:\/\/elcoled.com\/#website\",\"url\":\"https:\/\/elcoled.com\/\",\"name\":\"ELCOLED Solutions\",\"description\":\"\",\"publisher\":{\"@id\":\"https:\/\/elcoled.com\/#organization\"},\"potentialAction\":[{\"@type\":\"SearchAction\",\"target\":{\"@type\":\"EntryPoint\",\"urlTemplate\":\"https:\/\/elcoled.com\/?s={search_term_string}\"},\"query-input\":{\"@type\":\"PropertyValueSpecification\",\"valueRequired\":true,\"valueName\":\"search_term_string\"}}],\"inLanguage\":\"tr\"},{\"@type\":\"Organization\",\"@id\":\"https:\/\/elcoled.com\/#organization\",\"name\":\"ELCOLED Solutions\",\"url\":\"https:\/\/elcoled.com\/\",\"logo\":{\"@type\":\"ImageObject\",\"inLanguage\":\"tr\",\"@id\":\"https:\/\/elcoled.com\/#\/schema\/logo\/image\/\",\"url\":\"https:\/\/elcoled.com\/wp-content\/uploads\/2025\/03\/Logo_BlackELCO_.webp\",\"contentUrl\":\"https:\/\/elcoled.com\/wp-content\/uploads\/2025\/03\/Logo_BlackELCO_.webp\",\"width\":145,\"height\":147,\"caption\":\"ELCOLED Solutions\"},\"image\":{\"@id\":\"https:\/\/elcoled.com\/#\/schema\/logo\/image\/\"},\"sameAs\":[\"https:\/\/www.facebook.com\/elcoledsolutions\",\"https:\/\/www.instagram.com\/elcoledsolutions\/\"]}]}<\/script>\n<!-- \/ Yoast SEO Premium plugin. -->","yoast_head_json":{"title":"EPH-D Alt\u0131gen Sark\u0131t Ayd\u0131nlatma \u2013 Elco LED Solutions","description":"EPH-D alt\u0131gen sark\u0131t, Elco LED\u2019in CrocDesign PCB teknolojisiyle g\u00fc\u00e7lendirilmi\u015f, sanatsal ve g\u00fc\u00e7l\u00fc bir ayd\u0131nlatma \u00e7\u00f6z\u00fcm\u00fcd\u00fcr. Uzun \u00f6m\u00fcrl\u00fc ve etkileyici.","robots":{"index":"index","follow":"follow","max-snippet":"max-snippet:-1","max-image-preview":"max-image-preview:large","max-video-preview":"max-video-preview:-1"},"canonical":"https:\/\/elcoled.com\/tr\/urun\/eph-d-altigen-sarkit\/","og_locale":"tr_TR","og_type":"article","og_title":"Elco Pendant Hexagon Davul","og_description":"EPH-D alt\u0131gen sark\u0131t, Elco LED\u2019in CrocDesign PCB teknolojisiyle g\u00fc\u00e7lendirilmi\u015f, sanatsal ve g\u00fc\u00e7l\u00fc bir ayd\u0131nlatma \u00e7\u00f6z\u00fcm\u00fcd\u00fcr. Uzun \u00f6m\u00fcrl\u00fc ve etkileyici.","og_url":"https:\/\/elcoled.com\/tr\/urun\/eph-d-altigen-sarkit\/","og_site_name":"ELCOLED Solutions","article_publisher":"https:\/\/www.facebook.com\/elcoledsolutions","article_modified_time":"2025-07-24T12:15:25+00:00","og_image":[{"width":1000,"height":1000,"url":"https:\/\/elcoled.com\/wp-content\/uploads\/2025\/07\/EPH-D_v2_elco-scaled.jpg","type":"image\/jpeg"}],"twitter_card":"summary_large_image","twitter_misc":{"Tahmini okuma s\u00fcresi":"1 dakika"},"schema":{"@context":"https:\/\/schema.org","@graph":[{"@type":"WebPage","@id":"https:\/\/elcoled.com\/tr\/urun\/eph-d-altigen-sarkit\/","url":"https:\/\/elcoled.com\/tr\/urun\/eph-d-altigen-sarkit\/","name":"EPH-D Alt\u0131gen Sark\u0131t Ayd\u0131nlatma \u2013 Elco LED Solutions","isPartOf":{"@id":"https:\/\/elcoled.com\/#website"},"primaryImageOfPage":{"@id":"https:\/\/elcoled.com\/tr\/urun\/eph-d-altigen-sarkit\/#primaryimage"},"image":{"@id":"https:\/\/elcoled.com\/tr\/urun\/eph-d-altigen-sarkit\/#primaryimage"},"thumbnailUrl":"https:\/\/elcoled.com\/wp-content\/uploads\/2025\/07\/EPH-D_v2_elco-scaled.jpg","datePublished":"2025-07-22T14:14:24+00:00","dateModified":"2025-07-24T12:15:25+00:00","description":"EPH-D alt\u0131gen sark\u0131t, Elco LED\u2019in CrocDesign PCB teknolojisiyle g\u00fc\u00e7lendirilmi\u015f, sanatsal ve g\u00fc\u00e7l\u00fc bir ayd\u0131nlatma \u00e7\u00f6z\u00fcm\u00fcd\u00fcr. Uzun \u00f6m\u00fcrl\u00fc ve etkileyici.","breadcrumb":{"@id":"https:\/\/elcoled.com\/tr\/urun\/eph-d-altigen-sarkit\/#breadcrumb"},"inLanguage":"tr","potentialAction":[{"@type":"ReadAction","target":["https:\/\/elcoled.com\/tr\/urun\/eph-d-altigen-sarkit\/"]}]},{"@type":"ImageObject","inLanguage":"tr","@id":"https:\/\/elcoled.com\/tr\/urun\/eph-d-altigen-sarkit\/#primaryimage","url":"https:\/\/elcoled.com\/wp-content\/uploads\/2025\/07\/EPH-D_v2_elco-scaled.jpg","contentUrl":"https:\/\/elcoled.com\/wp-content\/uploads\/2025\/07\/EPH-D_v2_elco-scaled.jpg","width":1000,"height":1000,"caption":"Elco LED EPH-D alt\u0131gen sark\u0131t armat\u00fcr"},{"@type":"BreadcrumbList","@id":"https:\/\/elcoled.com\/tr\/urun\/eph-d-altigen-sarkit\/#breadcrumb","itemListElement":[{"@type":"ListItem","position":1,"name":"Home","item":"https:\/\/elcoled.com\/tr\/"},{"@type":"ListItem","position":2,"name":"\u00dcr\u00fcnler","item":"https:\/\/elcoled.com\/tr\/urunler\/"},{"@type":"ListItem","position":3,"name":"Elco Pendant Hexagon Davul"}]},{"@type":"WebSite","@id":"https:\/\/elcoled.com\/#website","url":"https:\/\/elcoled.com\/","name":"ELCOLED Solutions","description":"","publisher":{"@id":"https:\/\/elcoled.com\/#organization"},"potentialAction":[{"@type":"SearchAction","target":{"@type":"EntryPoint","urlTemplate":"https:\/\/elcoled.com\/?s={search_term_string}"},"query-input":{"@type":"PropertyValueSpecification","valueRequired":true,"valueName":"search_term_string"}}],"inLanguage":"tr"},{"@type":"Organization","@id":"https:\/\/elcoled.com\/#organization","name":"ELCOLED Solutions","url":"https:\/\/elcoled.com\/","logo":{"@type":"ImageObject","inLanguage":"tr","@id":"https:\/\/elcoled.com\/#\/schema\/logo\/image\/","url":"https:\/\/elcoled.com\/wp-content\/uploads\/2025\/03\/Logo_BlackELCO_.webp","contentUrl":"https:\/\/elcoled.com\/wp-content\/uploads\/2025\/03\/Logo_BlackELCO_.webp","width":145,"height":147,"caption":"ELCOLED Solutions"},"image":{"@id":"https:\/\/elcoled.com\/#\/schema\/logo\/image\/"},"sameAs":["https:\/\/www.facebook.com\/elcoledsolutions","https:\/\/www.instagram.com\/elcoledsolutions\/"]}]}},"_links":{"self":[{"href":"https:\/\/elcoled.com\/tr\/wp-json\/wp\/v2\/product\/7099","targetHints":{"allow":["GET"]}}],"collection":[{"href":"https:\/\/elcoled.com\/tr\/wp-json\/wp\/v2\/product"}],"about":[{"href":"https:\/\/elcoled.com\/tr\/wp-json\/wp\/v2\/types\/product"}],"replies":[{"embeddable":true,"href":"https:\/\/elcoled.com\/tr\/wp-json\/wp\/v2\/comments?post=7099"}],"wp:featuredmedia":[{"embeddable":true,"href":"https:\/\/elcoled.com\/tr\/wp-json\/wp\/v2\/media\/7092"}],"wp:attachment":[{"href":"https:\/\/elcoled.com\/tr\/wp-json\/wp\/v2\/media?parent=7099"}],"wp:term":[{"taxonomy":"product_brand","embeddable":true,"href":"https:\/\/elcoled.com\/tr\/wp-json\/wp\/v2\/product_brand?post=7099"},{"taxonomy":"product_cat","embeddable":true,"href":"https:\/\/elcoled.com\/tr\/wp-json\/wp\/v2\/product_cat?post=7099"},{"taxonomy":"product_tag","embeddable":true,"href":"https:\/\/elcoled.com\/tr\/wp-json\/wp\/v2\/product_tag?post=7099"}],"curies":[{"name":"wp","href":"https:\/\/api.w.org\/{rel}","templated":true}]}}