{"id":7096,"date":"2025-07-22T07:23:50","date_gmt":"2025-07-22T07:23:50","guid":{"rendered":"https:\/\/elcoled.com\/product\/eph-r\/"},"modified":"2025-07-24T12:08:50","modified_gmt":"2025-07-24T12:08:50","slug":"eph-r-altigen-sarkit","status":"publish","type":"product","link":"https:\/\/elcoled.com\/tr\/urun\/eph-r-altigen-sarkit\/","title":{"rendered":"Elco Pendant Hexagon Halka"},"content":{"rendered":"<p data-start=\"631\" data-end=\"909\">Mek\u00e2nlar\u0131n\u0131za hem sanatsal hem i\u015flevsel bir dokunu\u015f katmak istiyorsan\u0131z, Elco LED Solutions imzal\u0131 <strong data-start=\"730\" data-end=\"752\">EPH alt\u0131gen sark\u0131t<\/strong> EPH-R tam size g\u00f6re. Benzersiz alt\u0131gen formuyla dikkat \u00e7eken bu sark\u0131t armat\u00fcr, mimari alanlarda hem vurucu bir g\u00f6rsellik hem de g\u00fc\u00e7l\u00fc bir ayd\u0131nlatma sunar.<\/p>\n<p data-start=\"911\" data-end=\"1244\">\u0130nce ve minimal profil yap\u0131s\u0131, modern i\u00e7 mek\u00e2nlarda sade ve zarif bir duru\u015f sa\u011flar. Sadece g\u00f6r\u00fcn\u00fc\u015f\u00fcyle de\u011fil, ayn\u0131 zamanda y\u00fcksek \u0131\u015f\u0131k \u00e7\u0131k\u0131\u015f\u0131yla da \u00f6ne \u00e7\u0131kan EPH-R, ortam ayd\u0131nlatmas\u0131nda veya odakl\u0131 g\u00f6rev ayd\u0131nlatmalar\u0131nda rahatl\u0131kla kullan\u0131labilir. Tekli ya da \u00e7oklu \u015fekilde uygulanarak yarat\u0131c\u0131 yerle\u015fimlerde sonsuz esneklik sunar.<\/p>\n<p data-start=\"1246\" data-end=\"1487\">Armat\u00fcr\u00fcn kalbinde yer alan CrocDesign imzal\u0131 yenilik\u00e7i PCB teknolojisi, \u00fcst\u00fcn \u0131s\u0131 y\u00f6netimi ve enerji verimlili\u011fi ile uzun \u00f6m\u00fcrl\u00fc ve g\u00fcvenilir performans sa\u011flar. Bu da hem estetik hem teknik anlamda projelerde s\u00fcrd\u00fcr\u00fclebilir bir \u00e7\u00f6z\u00fcm sunar.<\/p>\n<p data-start=\"1489\" data-end=\"1735\"><strong data-start=\"1489\" data-end=\"1511\">EPH alt\u0131gen sark\u0131t<\/strong>, farkl\u0131 boy ve kaplama se\u00e7enekleriyle her t\u00fcrl\u00fc tasar\u0131m konseptine uyum sa\u011flar. \u0130ster l\u00fcks bir otel lobi alan\u0131nda, ister \u00e7a\u011fda\u015f bir ofiste ya da yarat\u0131c\u0131 bir ma\u011faza i\u00e7 mek\u00e2n\u0131nda kullan\u0131n; EPH-R bulundu\u011fu ortama de\u011fer katar.<\/p>\n<p data-start=\"1737\" data-end=\"1864\">Sanat\u0131, m\u00fchendislikle bir araya getiren bu armat\u00fcr; CrocDesign teknolojisinin g\u00fcc\u00fcyle, \u0131\u015f\u0131\u011f\u0131 bir tasar\u0131m imzas\u0131na d\u00f6n\u00fc\u015ft\u00fcr\u00fcyor.<\/p>\n<p data-start=\"1998\" data-end=\"2256\">Link to: <a class=\"cursor-pointer\" href=\"https:\/\/elcoled.com\/products\/?_productcategories=pendant-lighting\" target=\"_new\" rel=\"noopener\" data-start=\"2732\" data-end=\"2809\">Elco Pendant Series Overview<\/a><br \/>\nLearn more about CrocDesign PCB technology: <a class=\"cursor-pointer\" href=\"https:\/\/www.crocdesign.com\" target=\"_new\" rel=\"noopener\" data-start=\"2894\" data-end=\"2950\">https:\/\/www.crocdesign.com<\/a><\/p>\n","protected":false},"excerpt":{"rendered":"<p>EPH-R alt\u0131gen sark\u0131t, ince tasar\u0131m\u0131 g\u00fc\u00e7l\u00fc \u0131\u015f\u0131kla bulu\u015fturur. CrocDesign PCB teknolojisiyle desteklenen bu \u00fcr\u00fcn, uzun \u00f6m\u00fcrl\u00fc ve etkili ayd\u0131nlatma sunar.<\/p>\n","protected":false},"featured_media":7094,"comment_status":"open","ping_status":"closed","template":"","meta":{"_acf_changed":false},"product_brand":[],"product_cat":[90],"product_tag":[584,585],"class_list":{"0":"post-7096","1":"product","2":"type-product","3":"status-publish","4":"has-post-thumbnail","6":"product_cat-sarkit-armatur","7":"product_tag-pendant-tr","8":"product_tag-suspended-tr","10":"first","11":"instock","12":"shipping-taxable","13":"product-type-simple"},"acf":[],"yoast_head":"<!-- This site is optimized with the Yoast SEO Premium plugin v25.1 (Yoast SEO v25.7) - https:\/\/yoast.com\/wordpress\/plugins\/seo\/ -->\n<title>EPH-R Alt\u0131gen Sark\u0131t \u2013 Elco LED Mimari Ayd\u0131nlatma<\/title>\n<meta name=\"description\" content=\"Elco LED\u2019in EPH-R alt\u0131gen sark\u0131t\u0131 ile sanatsal bir etki yarat\u0131n. \u0130nce profil, g\u00fc\u00e7l\u00fc \u0131\u015f\u0131k ve CrocDesign PCB ile y\u00fcksek performans ve uzun \u00f6m\u00fcr.\" \/>\n<meta name=\"robots\" content=\"index, follow, max-snippet:-1, max-image-preview:large, max-video-preview:-1\" \/>\n<link rel=\"canonical\" href=\"https:\/\/elcoled.com\/tr\/urun\/eph-r-altigen-sarkit\/\" \/>\n<meta property=\"og:locale\" content=\"tr_TR\" \/>\n<meta property=\"og:type\" content=\"article\" \/>\n<meta property=\"og:title\" content=\"Elco Pendant Hexagon Halka\" \/>\n<meta property=\"og:description\" content=\"Elco LED\u2019in EPH-R alt\u0131gen sark\u0131t\u0131 ile sanatsal bir etki yarat\u0131n. \u0130nce profil, g\u00fc\u00e7l\u00fc \u0131\u015f\u0131k ve CrocDesign PCB ile y\u00fcksek performans ve uzun \u00f6m\u00fcr.\" \/>\n<meta property=\"og:url\" content=\"https:\/\/elcoled.com\/tr\/urun\/eph-r-altigen-sarkit\/\" \/>\n<meta property=\"og:site_name\" content=\"ELCOLED Solutions\" \/>\n<meta property=\"article:publisher\" content=\"https:\/\/www.facebook.com\/elcoledsolutions\" \/>\n<meta property=\"article:modified_time\" content=\"2025-07-24T12:08:50+00:00\" \/>\n<meta property=\"og:image\" content=\"https:\/\/elcoled.com\/wp-content\/uploads\/2025\/07\/EPH-R_v2_elco-scaled.jpg\" \/>\n\t<meta property=\"og:image:width\" content=\"1000\" \/>\n\t<meta property=\"og:image:height\" content=\"1000\" \/>\n\t<meta property=\"og:image:type\" content=\"image\/jpeg\" \/>\n<meta name=\"twitter:card\" content=\"summary_large_image\" \/>\n<meta name=\"twitter:label1\" content=\"Tahmini okuma s\u00fcresi\" \/>\n\t<meta name=\"twitter:data1\" content=\"1 dakika\" \/>\n<script type=\"application\/ld+json\" class=\"yoast-schema-graph\">{\"@context\":\"https:\/\/schema.org\",\"@graph\":[{\"@type\":\"WebPage\",\"@id\":\"https:\/\/elcoled.com\/tr\/urun\/eph-r-altigen-sarkit\/\",\"url\":\"https:\/\/elcoled.com\/tr\/urun\/eph-r-altigen-sarkit\/\",\"name\":\"EPH-R Alt\u0131gen Sark\u0131t \u2013 Elco LED Mimari Ayd\u0131nlatma\",\"isPartOf\":{\"@id\":\"https:\/\/elcoled.com\/#website\"},\"primaryImageOfPage\":{\"@id\":\"https:\/\/elcoled.com\/tr\/urun\/eph-r-altigen-sarkit\/#primaryimage\"},\"image\":{\"@id\":\"https:\/\/elcoled.com\/tr\/urun\/eph-r-altigen-sarkit\/#primaryimage\"},\"thumbnailUrl\":\"https:\/\/elcoled.com\/wp-content\/uploads\/2025\/07\/EPH-R_v2_elco-scaled.jpg\",\"datePublished\":\"2025-07-22T07:23:50+00:00\",\"dateModified\":\"2025-07-24T12:08:50+00:00\",\"description\":\"Elco LED\u2019in EPH-R alt\u0131gen sark\u0131t\u0131 ile sanatsal bir etki yarat\u0131n. \u0130nce profil, g\u00fc\u00e7l\u00fc \u0131\u015f\u0131k ve CrocDesign PCB ile y\u00fcksek performans ve uzun \u00f6m\u00fcr.\",\"breadcrumb\":{\"@id\":\"https:\/\/elcoled.com\/tr\/urun\/eph-r-altigen-sarkit\/#breadcrumb\"},\"inLanguage\":\"tr\",\"potentialAction\":[{\"@type\":\"ReadAction\",\"target\":[\"https:\/\/elcoled.com\/tr\/urun\/eph-r-altigen-sarkit\/\"]}]},{\"@type\":\"ImageObject\",\"inLanguage\":\"tr\",\"@id\":\"https:\/\/elcoled.com\/tr\/urun\/eph-r-altigen-sarkit\/#primaryimage\",\"url\":\"https:\/\/elcoled.com\/wp-content\/uploads\/2025\/07\/EPH-R_v2_elco-scaled.jpg\",\"contentUrl\":\"https:\/\/elcoled.com\/wp-content\/uploads\/2025\/07\/EPH-R_v2_elco-scaled.jpg\",\"width\":1000,\"height\":1000,\"caption\":\"EPH-R hexagon LED pendant by Elco Elco EPH-R alt\u0131gen LED sark\u0131t\"},{\"@type\":\"BreadcrumbList\",\"@id\":\"https:\/\/elcoled.com\/tr\/urun\/eph-r-altigen-sarkit\/#breadcrumb\",\"itemListElement\":[{\"@type\":\"ListItem\",\"position\":1,\"name\":\"Home\",\"item\":\"https:\/\/elcoled.com\/tr\/\"},{\"@type\":\"ListItem\",\"position\":2,\"name\":\"\u00dcr\u00fcnler\",\"item\":\"https:\/\/elcoled.com\/tr\/urunler\/\"},{\"@type\":\"ListItem\",\"position\":3,\"name\":\"Elco Pendant Hexagon Halka\"}]},{\"@type\":\"WebSite\",\"@id\":\"https:\/\/elcoled.com\/#website\",\"url\":\"https:\/\/elcoled.com\/\",\"name\":\"ELCOLED Solutions\",\"description\":\"\",\"publisher\":{\"@id\":\"https:\/\/elcoled.com\/#organization\"},\"potentialAction\":[{\"@type\":\"SearchAction\",\"target\":{\"@type\":\"EntryPoint\",\"urlTemplate\":\"https:\/\/elcoled.com\/?s={search_term_string}\"},\"query-input\":{\"@type\":\"PropertyValueSpecification\",\"valueRequired\":true,\"valueName\":\"search_term_string\"}}],\"inLanguage\":\"tr\"},{\"@type\":\"Organization\",\"@id\":\"https:\/\/elcoled.com\/#organization\",\"name\":\"ELCOLED Solutions\",\"url\":\"https:\/\/elcoled.com\/\",\"logo\":{\"@type\":\"ImageObject\",\"inLanguage\":\"tr\",\"@id\":\"https:\/\/elcoled.com\/#\/schema\/logo\/image\/\",\"url\":\"https:\/\/elcoled.com\/wp-content\/uploads\/2025\/03\/Logo_BlackELCO_.webp\",\"contentUrl\":\"https:\/\/elcoled.com\/wp-content\/uploads\/2025\/03\/Logo_BlackELCO_.webp\",\"width\":145,\"height\":147,\"caption\":\"ELCOLED Solutions\"},\"image\":{\"@id\":\"https:\/\/elcoled.com\/#\/schema\/logo\/image\/\"},\"sameAs\":[\"https:\/\/www.facebook.com\/elcoledsolutions\",\"https:\/\/www.instagram.com\/elcoledsolutions\/\"]}]}<\/script>\n<!-- \/ Yoast SEO Premium plugin. -->","yoast_head_json":{"title":"EPH-R Alt\u0131gen Sark\u0131t \u2013 Elco LED Mimari Ayd\u0131nlatma","description":"Elco LED\u2019in EPH-R alt\u0131gen sark\u0131t\u0131 ile sanatsal bir etki yarat\u0131n. \u0130nce profil, g\u00fc\u00e7l\u00fc \u0131\u015f\u0131k ve CrocDesign PCB ile y\u00fcksek performans ve uzun \u00f6m\u00fcr.","robots":{"index":"index","follow":"follow","max-snippet":"max-snippet:-1","max-image-preview":"max-image-preview:large","max-video-preview":"max-video-preview:-1"},"canonical":"https:\/\/elcoled.com\/tr\/urun\/eph-r-altigen-sarkit\/","og_locale":"tr_TR","og_type":"article","og_title":"Elco Pendant Hexagon Halka","og_description":"Elco LED\u2019in EPH-R alt\u0131gen sark\u0131t\u0131 ile sanatsal bir etki yarat\u0131n. \u0130nce profil, g\u00fc\u00e7l\u00fc \u0131\u015f\u0131k ve CrocDesign PCB ile y\u00fcksek performans ve uzun \u00f6m\u00fcr.","og_url":"https:\/\/elcoled.com\/tr\/urun\/eph-r-altigen-sarkit\/","og_site_name":"ELCOLED Solutions","article_publisher":"https:\/\/www.facebook.com\/elcoledsolutions","article_modified_time":"2025-07-24T12:08:50+00:00","og_image":[{"width":1000,"height":1000,"url":"https:\/\/elcoled.com\/wp-content\/uploads\/2025\/07\/EPH-R_v2_elco-scaled.jpg","type":"image\/jpeg"}],"twitter_card":"summary_large_image","twitter_misc":{"Tahmini okuma s\u00fcresi":"1 dakika"},"schema":{"@context":"https:\/\/schema.org","@graph":[{"@type":"WebPage","@id":"https:\/\/elcoled.com\/tr\/urun\/eph-r-altigen-sarkit\/","url":"https:\/\/elcoled.com\/tr\/urun\/eph-r-altigen-sarkit\/","name":"EPH-R Alt\u0131gen Sark\u0131t \u2013 Elco LED Mimari Ayd\u0131nlatma","isPartOf":{"@id":"https:\/\/elcoled.com\/#website"},"primaryImageOfPage":{"@id":"https:\/\/elcoled.com\/tr\/urun\/eph-r-altigen-sarkit\/#primaryimage"},"image":{"@id":"https:\/\/elcoled.com\/tr\/urun\/eph-r-altigen-sarkit\/#primaryimage"},"thumbnailUrl":"https:\/\/elcoled.com\/wp-content\/uploads\/2025\/07\/EPH-R_v2_elco-scaled.jpg","datePublished":"2025-07-22T07:23:50+00:00","dateModified":"2025-07-24T12:08:50+00:00","description":"Elco LED\u2019in EPH-R alt\u0131gen sark\u0131t\u0131 ile sanatsal bir etki yarat\u0131n. \u0130nce profil, g\u00fc\u00e7l\u00fc \u0131\u015f\u0131k ve CrocDesign PCB ile y\u00fcksek performans ve uzun \u00f6m\u00fcr.","breadcrumb":{"@id":"https:\/\/elcoled.com\/tr\/urun\/eph-r-altigen-sarkit\/#breadcrumb"},"inLanguage":"tr","potentialAction":[{"@type":"ReadAction","target":["https:\/\/elcoled.com\/tr\/urun\/eph-r-altigen-sarkit\/"]}]},{"@type":"ImageObject","inLanguage":"tr","@id":"https:\/\/elcoled.com\/tr\/urun\/eph-r-altigen-sarkit\/#primaryimage","url":"https:\/\/elcoled.com\/wp-content\/uploads\/2025\/07\/EPH-R_v2_elco-scaled.jpg","contentUrl":"https:\/\/elcoled.com\/wp-content\/uploads\/2025\/07\/EPH-R_v2_elco-scaled.jpg","width":1000,"height":1000,"caption":"EPH-R hexagon LED pendant by Elco Elco EPH-R alt\u0131gen LED sark\u0131t"},{"@type":"BreadcrumbList","@id":"https:\/\/elcoled.com\/tr\/urun\/eph-r-altigen-sarkit\/#breadcrumb","itemListElement":[{"@type":"ListItem","position":1,"name":"Home","item":"https:\/\/elcoled.com\/tr\/"},{"@type":"ListItem","position":2,"name":"\u00dcr\u00fcnler","item":"https:\/\/elcoled.com\/tr\/urunler\/"},{"@type":"ListItem","position":3,"name":"Elco Pendant Hexagon Halka"}]},{"@type":"WebSite","@id":"https:\/\/elcoled.com\/#website","url":"https:\/\/elcoled.com\/","name":"ELCOLED Solutions","description":"","publisher":{"@id":"https:\/\/elcoled.com\/#organization"},"potentialAction":[{"@type":"SearchAction","target":{"@type":"EntryPoint","urlTemplate":"https:\/\/elcoled.com\/?s={search_term_string}"},"query-input":{"@type":"PropertyValueSpecification","valueRequired":true,"valueName":"search_term_string"}}],"inLanguage":"tr"},{"@type":"Organization","@id":"https:\/\/elcoled.com\/#organization","name":"ELCOLED Solutions","url":"https:\/\/elcoled.com\/","logo":{"@type":"ImageObject","inLanguage":"tr","@id":"https:\/\/elcoled.com\/#\/schema\/logo\/image\/","url":"https:\/\/elcoled.com\/wp-content\/uploads\/2025\/03\/Logo_BlackELCO_.webp","contentUrl":"https:\/\/elcoled.com\/wp-content\/uploads\/2025\/03\/Logo_BlackELCO_.webp","width":145,"height":147,"caption":"ELCOLED Solutions"},"image":{"@id":"https:\/\/elcoled.com\/#\/schema\/logo\/image\/"},"sameAs":["https:\/\/www.facebook.com\/elcoledsolutions","https:\/\/www.instagram.com\/elcoledsolutions\/"]}]}},"_links":{"self":[{"href":"https:\/\/elcoled.com\/tr\/wp-json\/wp\/v2\/product\/7096","targetHints":{"allow":["GET"]}}],"collection":[{"href":"https:\/\/elcoled.com\/tr\/wp-json\/wp\/v2\/product"}],"about":[{"href":"https:\/\/elcoled.com\/tr\/wp-json\/wp\/v2\/types\/product"}],"replies":[{"embeddable":true,"href":"https:\/\/elcoled.com\/tr\/wp-json\/wp\/v2\/comments?post=7096"}],"wp:featuredmedia":[{"embeddable":true,"href":"https:\/\/elcoled.com\/tr\/wp-json\/wp\/v2\/media\/7094"}],"wp:attachment":[{"href":"https:\/\/elcoled.com\/tr\/wp-json\/wp\/v2\/media?parent=7096"}],"wp:term":[{"taxonomy":"product_brand","embeddable":true,"href":"https:\/\/elcoled.com\/tr\/wp-json\/wp\/v2\/product_brand?post=7096"},{"taxonomy":"product_cat","embeddable":true,"href":"https:\/\/elcoled.com\/tr\/wp-json\/wp\/v2\/product_cat?post=7096"},{"taxonomy":"product_tag","embeddable":true,"href":"https:\/\/elcoled.com\/tr\/wp-json\/wp\/v2\/product_tag?post=7096"}],"curies":[{"name":"wp","href":"https:\/\/api.w.org\/{rel}","templated":true}]}}