{"id":5543,"date":"2025-05-22T08:06:41","date_gmt":"2025-05-22T08:06:41","guid":{"rendered":"https:\/\/elcoled.com\/product\/eis-eta\/"},"modified":"2026-01-15T12:13:49","modified_gmt":"2026-01-15T12:13:49","slug":"eis-eta","status":"publish","type":"product","link":"https:\/\/elcoled.com\/tr\/urun\/eis-eta\/","title":{"rendered":"Elco Industrial \u2013 ETA Serisi Al\u00fcminyum Etanj"},"content":{"rendered":"<p data-start=\"603\" data-end=\"970\"><strong data-start=\"603\" data-end=\"633\">ETA Serisi al\u00fcminyum etanj<\/strong>, zorlu end\u00fcstriyel ve teknik alanlarda maksimum dayan\u0131kl\u0131l\u0131k, verimlilik ve g\u00fcvenilirlik sa\u011flamak \u00fczere tasarlanm\u0131\u015ft\u0131r. Bir <strong data-start=\"758\" data-end=\"785\">su ge\u00e7irmez LED armat\u00fcr<\/strong> ve <strong data-start=\"789\" data-end=\"816\">end\u00fcstriyel LED armat\u00fcr<\/strong> olarak; toz, nem, titre\u015fim ve s\u0131cakl\u0131k de\u011fi\u015fimlerine maruz kalan fabrikalar, depolar, otoparklar ve lojistik alanlar i\u00e7in ideal bir ayd\u0131nlatma \u00e7\u00f6z\u00fcm\u00fcd\u00fcr.<\/p>\n<p data-start=\"972\" data-end=\"1295\">Korozyona dayan\u0131kl\u0131 al\u00fcminyum g\u00f6vdesi sayesinde \u00fcst\u00fcn \u0131s\u0131 y\u00f6netimi sa\u011flar ve uzun y\u0131llar boyunca yap\u0131sal b\u00fct\u00fcnl\u00fc\u011f\u00fcn\u00fc korur. <strong data-start=\"1096\" data-end=\"1126\">CrocDesign PCB teknolojisi<\/strong> ile donat\u0131lan ETA Serisi, stabil \u0131\u015f\u0131k ak\u0131s\u0131, y\u00fcksek enerji verimlili\u011fi ve uzun \u00f6m\u00fcrl\u00fc performans sunar. S\u00fcrekli \u00e7al\u0131\u015fan tesisler i\u00e7in bak\u0131m ihtiyac\u0131n\u0131 minimuma indirir.<\/p>\n<p data-start=\"1297\" data-end=\"1619\">Optik yap\u0131s\u0131 geni\u015f ve homojen \u0131\u015f\u0131k da\u011f\u0131l\u0131m\u0131 sa\u011flayacak \u015fekilde tasarlanm\u0131\u015ft\u0131r. Kama\u015fma olu\u015fturmadan alanlar\u0131 e\u015fit bi\u00e7imde ayd\u0131nlatarak \u00e7al\u0131\u015fma g\u00fcvenli\u011fini ve g\u00f6rsel konforu art\u0131r\u0131r. Farkl\u0131 uzunluk ve g\u00fc\u00e7 se\u00e7enekleri sayesinde \u00fcretim alanlar\u0131, raf sistemleri ve ge\u00e7i\u015f yollar\u0131 gibi farkl\u0131 uygulamalara kolayca uyarlanabilir.<\/p>\n<p data-start=\"1621\" data-end=\"1854\"><strong data-start=\"1621\" data-end=\"1651\">ETA Serisi al\u00fcminyum etanj<\/strong>, DALI gibi ak\u0131ll\u0131 kontrol protokollerini destekleyerek enerji tasarrufu ve merkezi \u0131\u015f\u0131k y\u00f6netimi sa\u011flar. Sa\u011flam yap\u0131s\u0131 ve rafine \u0131\u015f\u0131k kalitesiyle end\u00fcstriyel ayd\u0131nlatmaya mimari bir disiplin kazand\u0131r\u0131r.<\/p>\n<p data-start=\"1000\" data-end=\"1206\">\ud83d\udc49 Daha fazla Elco Sark\u0131t \u00dcr\u00fcnleri i\u00e7in <a href=\"https:\/\/elcoled.com\/products\/\">t\u0131klay\u0131n.<\/a><br \/>\n\ud83d\udc49 CrocDesign PCB teknolojisi hakk\u0131nda daha fazla bilgi i\u00e7in <a href=\"http:\/\/www.crocdesigns.com\">t\u0131klay\u0131n<\/a><\/p>\n","protected":false},"excerpt":{"rendered":"<p data-start=\"1953\" data-end=\"2156\">ETA Serisi, CrocDesign PCB teknolojisine sahip, y\u00fcksek verimli LED\u2019lerle donat\u0131lm\u0131\u015f, su ge\u00e7irmez ve dayan\u0131kl\u0131 al\u00fcminyum etanj armat\u00fcrd\u00fcr. End\u00fcstriyel alanlarda uzun \u00f6m\u00fcrl\u00fc ve g\u00fcvenilir ayd\u0131nlatma sa\u011flar.<\/p>\n","protected":false},"featured_media":7521,"comment_status":"open","ping_status":"closed","template":"","meta":{"_acf_changed":false},"product_brand":[],"product_cat":[534],"product_tag":[],"class_list":{"0":"post-5543","1":"product","2":"type-product","3":"status-publish","4":"has-post-thumbnail","6":"product_cat-endustriyel","8":"first","9":"instock","10":"shipping-taxable","11":"product-type-simple"},"acf":[],"yoast_head":"<!-- This site is optimized with the Yoast SEO Premium plugin v25.1 (Yoast SEO v25.7) - https:\/\/yoast.com\/wordpress\/plugins\/seo\/ -->\n<title>ETA Serisi Al\u00fcminyum Etanj EIS-ETA \u2013 Elco LED Lighting<\/title>\n<meta name=\"description\" content=\"ETA Serisi al\u00fcminyum etanj EIS-ETA\u2019y\u0131 ke\u015ffedin. CrocDesign PCB, y\u00fcksek verim ve su ge\u00e7irmez g\u00f6vde ile end\u00fcstriyel ayd\u0131nlatman\u0131z\u0131 y\u00fckseltin.\" \/>\n<meta name=\"robots\" content=\"index, follow, max-snippet:-1, max-image-preview:large, max-video-preview:-1\" \/>\n<link rel=\"canonical\" href=\"https:\/\/elcoled.com\/tr\/urun\/eis-eta\/\" \/>\n<meta property=\"og:locale\" content=\"tr_TR\" \/>\n<meta property=\"og:type\" content=\"article\" \/>\n<meta property=\"og:title\" content=\"Elco Industrial \u2013 ETA Serisi Al\u00fcminyum Etanj\" \/>\n<meta property=\"og:description\" content=\"ETA Serisi al\u00fcminyum etanj EIS-ETA\u2019y\u0131 ke\u015ffedin. CrocDesign PCB, y\u00fcksek verim ve su ge\u00e7irmez g\u00f6vde ile end\u00fcstriyel ayd\u0131nlatman\u0131z\u0131 y\u00fckseltin.\" \/>\n<meta property=\"og:url\" content=\"https:\/\/elcoled.com\/tr\/urun\/eis-eta\/\" \/>\n<meta property=\"og:site_name\" content=\"ELCOLED Solutions\" \/>\n<meta property=\"article:publisher\" content=\"https:\/\/www.facebook.com\/elcoledsolutions\" \/>\n<meta property=\"article:modified_time\" content=\"2026-01-15T12:13:49+00:00\" \/>\n<meta property=\"og:image\" content=\"https:\/\/elcoled.com\/wp-content\/uploads\/2025\/05\/EIS-ETAXX-Render-V3.jpg\" \/>\n\t<meta property=\"og:image:width\" content=\"1000\" \/>\n\t<meta property=\"og:image:height\" content=\"1000\" \/>\n\t<meta property=\"og:image:type\" content=\"image\/jpeg\" \/>\n<meta name=\"twitter:card\" content=\"summary_large_image\" \/>\n<meta name=\"twitter:label1\" content=\"Tahmini okuma s\u00fcresi\" \/>\n\t<meta name=\"twitter:data1\" content=\"1 dakika\" \/>\n<script type=\"application\/ld+json\" class=\"yoast-schema-graph\">{\"@context\":\"https:\/\/schema.org\",\"@graph\":[{\"@type\":[\"WebPage\",\"ItemPage\"],\"@id\":\"https:\/\/elcoled.com\/tr\/urun\/eis-eta\/\",\"url\":\"https:\/\/elcoled.com\/tr\/urun\/eis-eta\/\",\"name\":\"ETA Serisi Al\u00fcminyum Etanj EIS-ETA \u2013 Elco LED Lighting\",\"isPartOf\":{\"@id\":\"https:\/\/elcoled.com\/#website\"},\"primaryImageOfPage\":{\"@id\":\"https:\/\/elcoled.com\/tr\/urun\/eis-eta\/#primaryimage\"},\"image\":{\"@id\":\"https:\/\/elcoled.com\/tr\/urun\/eis-eta\/#primaryimage\"},\"thumbnailUrl\":\"https:\/\/elcoled.com\/wp-content\/uploads\/2025\/05\/EIS-ETAXX-Render-V3.jpg\",\"datePublished\":\"2025-05-22T08:06:41+00:00\",\"dateModified\":\"2026-01-15T12:13:49+00:00\",\"description\":\"ETA Serisi al\u00fcminyum etanj EIS-ETA\u2019y\u0131 ke\u015ffedin. CrocDesign PCB, y\u00fcksek verim ve su ge\u00e7irmez g\u00f6vde ile end\u00fcstriyel ayd\u0131nlatman\u0131z\u0131 y\u00fckseltin.\",\"breadcrumb\":{\"@id\":\"https:\/\/elcoled.com\/tr\/urun\/eis-eta\/#breadcrumb\"},\"inLanguage\":\"tr\",\"potentialAction\":[{\"@type\":\"ReadAction\",\"target\":[\"https:\/\/elcoled.com\/tr\/urun\/eis-eta\/\"]}]},{\"@type\":\"ImageObject\",\"inLanguage\":\"tr\",\"@id\":\"https:\/\/elcoled.com\/tr\/urun\/eis-eta\/#primaryimage\",\"url\":\"https:\/\/elcoled.com\/wp-content\/uploads\/2025\/05\/EIS-ETAXX-Render-V3.jpg\",\"contentUrl\":\"https:\/\/elcoled.com\/wp-content\/uploads\/2025\/05\/EIS-ETAXX-Render-V3.jpg\",\"width\":1000,\"height\":1000,\"caption\":\"ETA Series aluminium etange Elco LED Solutions EIS-ETA waterproof LED luminaire ETA Serisi al\u00fcminyum etanj Elco LED Solutions EIS-ETA su ge\u00e7irmez LED armat\u00fcr\"},{\"@type\":\"BreadcrumbList\",\"@id\":\"https:\/\/elcoled.com\/tr\/urun\/eis-eta\/#breadcrumb\",\"itemListElement\":[{\"@type\":\"ListItem\",\"position\":1,\"name\":\"Home\",\"item\":\"https:\/\/elcoled.com\/tr\/\"},{\"@type\":\"ListItem\",\"position\":2,\"name\":\"\u00dcr\u00fcnler\",\"item\":\"https:\/\/elcoled.com\/tr\/urunler\/\"},{\"@type\":\"ListItem\",\"position\":3,\"name\":\"Elco Industrial \u2013 ETA Serisi Al\u00fcminyum Etanj\"}]},{\"@type\":\"WebSite\",\"@id\":\"https:\/\/elcoled.com\/#website\",\"url\":\"https:\/\/elcoled.com\/\",\"name\":\"ELCOLED Solutions\",\"description\":\"\",\"publisher\":{\"@id\":\"https:\/\/elcoled.com\/#organization\"},\"potentialAction\":[{\"@type\":\"SearchAction\",\"target\":{\"@type\":\"EntryPoint\",\"urlTemplate\":\"https:\/\/elcoled.com\/?s={search_term_string}\"},\"query-input\":{\"@type\":\"PropertyValueSpecification\",\"valueRequired\":true,\"valueName\":\"search_term_string\"}}],\"inLanguage\":\"tr\"},{\"@type\":\"Organization\",\"@id\":\"https:\/\/elcoled.com\/#organization\",\"name\":\"ELCOLED Solutions\",\"url\":\"https:\/\/elcoled.com\/\",\"logo\":{\"@type\":\"ImageObject\",\"inLanguage\":\"tr\",\"@id\":\"https:\/\/elcoled.com\/#\/schema\/logo\/image\/\",\"url\":\"https:\/\/elcoled.com\/wp-content\/uploads\/2025\/03\/Logo_BlackELCO_.webp\",\"contentUrl\":\"https:\/\/elcoled.com\/wp-content\/uploads\/2025\/03\/Logo_BlackELCO_.webp\",\"width\":145,\"height\":147,\"caption\":\"ELCOLED Solutions\"},\"image\":{\"@id\":\"https:\/\/elcoled.com\/#\/schema\/logo\/image\/\"},\"sameAs\":[\"https:\/\/www.facebook.com\/elcoledsolutions\",\"https:\/\/www.instagram.com\/elcoledsolutions\/\"]}]}<\/script>\n<!-- \/ Yoast SEO Premium plugin. -->","yoast_head_json":{"title":"ETA Serisi Al\u00fcminyum Etanj EIS-ETA \u2013 Elco LED Lighting","description":"ETA Serisi al\u00fcminyum etanj EIS-ETA\u2019y\u0131 ke\u015ffedin. CrocDesign PCB, y\u00fcksek verim ve su ge\u00e7irmez g\u00f6vde ile end\u00fcstriyel ayd\u0131nlatman\u0131z\u0131 y\u00fckseltin.","robots":{"index":"index","follow":"follow","max-snippet":"max-snippet:-1","max-image-preview":"max-image-preview:large","max-video-preview":"max-video-preview:-1"},"canonical":"https:\/\/elcoled.com\/tr\/urun\/eis-eta\/","og_locale":"tr_TR","og_type":"article","og_title":"Elco Industrial \u2013 ETA Serisi Al\u00fcminyum Etanj","og_description":"ETA Serisi al\u00fcminyum etanj EIS-ETA\u2019y\u0131 ke\u015ffedin. CrocDesign PCB, y\u00fcksek verim ve su ge\u00e7irmez g\u00f6vde ile end\u00fcstriyel ayd\u0131nlatman\u0131z\u0131 y\u00fckseltin.","og_url":"https:\/\/elcoled.com\/tr\/urun\/eis-eta\/","og_site_name":"ELCOLED Solutions","article_publisher":"https:\/\/www.facebook.com\/elcoledsolutions","article_modified_time":"2026-01-15T12:13:49+00:00","og_image":[{"width":1000,"height":1000,"url":"https:\/\/elcoled.com\/wp-content\/uploads\/2025\/05\/EIS-ETAXX-Render-V3.jpg","type":"image\/jpeg"}],"twitter_card":"summary_large_image","twitter_misc":{"Tahmini okuma s\u00fcresi":"1 dakika"},"schema":{"@context":"https:\/\/schema.org","@graph":[{"@type":["WebPage","ItemPage"],"@id":"https:\/\/elcoled.com\/tr\/urun\/eis-eta\/","url":"https:\/\/elcoled.com\/tr\/urun\/eis-eta\/","name":"ETA Serisi Al\u00fcminyum Etanj EIS-ETA \u2013 Elco LED Lighting","isPartOf":{"@id":"https:\/\/elcoled.com\/#website"},"primaryImageOfPage":{"@id":"https:\/\/elcoled.com\/tr\/urun\/eis-eta\/#primaryimage"},"image":{"@id":"https:\/\/elcoled.com\/tr\/urun\/eis-eta\/#primaryimage"},"thumbnailUrl":"https:\/\/elcoled.com\/wp-content\/uploads\/2025\/05\/EIS-ETAXX-Render-V3.jpg","datePublished":"2025-05-22T08:06:41+00:00","dateModified":"2026-01-15T12:13:49+00:00","description":"ETA Serisi al\u00fcminyum etanj EIS-ETA\u2019y\u0131 ke\u015ffedin. CrocDesign PCB, y\u00fcksek verim ve su ge\u00e7irmez g\u00f6vde ile end\u00fcstriyel ayd\u0131nlatman\u0131z\u0131 y\u00fckseltin.","breadcrumb":{"@id":"https:\/\/elcoled.com\/tr\/urun\/eis-eta\/#breadcrumb"},"inLanguage":"tr","potentialAction":[{"@type":"ReadAction","target":["https:\/\/elcoled.com\/tr\/urun\/eis-eta\/"]}]},{"@type":"ImageObject","inLanguage":"tr","@id":"https:\/\/elcoled.com\/tr\/urun\/eis-eta\/#primaryimage","url":"https:\/\/elcoled.com\/wp-content\/uploads\/2025\/05\/EIS-ETAXX-Render-V3.jpg","contentUrl":"https:\/\/elcoled.com\/wp-content\/uploads\/2025\/05\/EIS-ETAXX-Render-V3.jpg","width":1000,"height":1000,"caption":"ETA Series aluminium etange Elco LED Solutions EIS-ETA waterproof LED luminaire ETA Serisi al\u00fcminyum etanj Elco LED Solutions EIS-ETA su ge\u00e7irmez LED armat\u00fcr"},{"@type":"BreadcrumbList","@id":"https:\/\/elcoled.com\/tr\/urun\/eis-eta\/#breadcrumb","itemListElement":[{"@type":"ListItem","position":1,"name":"Home","item":"https:\/\/elcoled.com\/tr\/"},{"@type":"ListItem","position":2,"name":"\u00dcr\u00fcnler","item":"https:\/\/elcoled.com\/tr\/urunler\/"},{"@type":"ListItem","position":3,"name":"Elco Industrial \u2013 ETA Serisi Al\u00fcminyum Etanj"}]},{"@type":"WebSite","@id":"https:\/\/elcoled.com\/#website","url":"https:\/\/elcoled.com\/","name":"ELCOLED Solutions","description":"","publisher":{"@id":"https:\/\/elcoled.com\/#organization"},"potentialAction":[{"@type":"SearchAction","target":{"@type":"EntryPoint","urlTemplate":"https:\/\/elcoled.com\/?s={search_term_string}"},"query-input":{"@type":"PropertyValueSpecification","valueRequired":true,"valueName":"search_term_string"}}],"inLanguage":"tr"},{"@type":"Organization","@id":"https:\/\/elcoled.com\/#organization","name":"ELCOLED Solutions","url":"https:\/\/elcoled.com\/","logo":{"@type":"ImageObject","inLanguage":"tr","@id":"https:\/\/elcoled.com\/#\/schema\/logo\/image\/","url":"https:\/\/elcoled.com\/wp-content\/uploads\/2025\/03\/Logo_BlackELCO_.webp","contentUrl":"https:\/\/elcoled.com\/wp-content\/uploads\/2025\/03\/Logo_BlackELCO_.webp","width":145,"height":147,"caption":"ELCOLED Solutions"},"image":{"@id":"https:\/\/elcoled.com\/#\/schema\/logo\/image\/"},"sameAs":["https:\/\/www.facebook.com\/elcoledsolutions","https:\/\/www.instagram.com\/elcoledsolutions\/"]}]}},"_links":{"self":[{"href":"https:\/\/elcoled.com\/tr\/wp-json\/wp\/v2\/product\/5543","targetHints":{"allow":["GET"]}}],"collection":[{"href":"https:\/\/elcoled.com\/tr\/wp-json\/wp\/v2\/product"}],"about":[{"href":"https:\/\/elcoled.com\/tr\/wp-json\/wp\/v2\/types\/product"}],"replies":[{"embeddable":true,"href":"https:\/\/elcoled.com\/tr\/wp-json\/wp\/v2\/comments?post=5543"}],"wp:featuredmedia":[{"embeddable":true,"href":"https:\/\/elcoled.com\/tr\/wp-json\/wp\/v2\/media\/7521"}],"wp:attachment":[{"href":"https:\/\/elcoled.com\/tr\/wp-json\/wp\/v2\/media?parent=5543"}],"wp:term":[{"taxonomy":"product_brand","embeddable":true,"href":"https:\/\/elcoled.com\/tr\/wp-json\/wp\/v2\/product_brand?post=5543"},{"taxonomy":"product_cat","embeddable":true,"href":"https:\/\/elcoled.com\/tr\/wp-json\/wp\/v2\/product_cat?post=5543"},{"taxonomy":"product_tag","embeddable":true,"href":"https:\/\/elcoled.com\/tr\/wp-json\/wp\/v2\/product_tag?post=5543"}],"curies":[{"name":"wp","href":"https:\/\/api.w.org\/{rel}","templated":true}]}}