{"id":5540,"date":"2025-05-22T08:04:58","date_gmt":"2025-05-22T08:04:58","guid":{"rendered":"https:\/\/elcoled.com\/product\/eis-etp\/"},"modified":"2025-05-30T14:16:09","modified_gmt":"2025-05-30T14:16:09","slug":"eis-etp","status":"publish","type":"product","link":"https:\/\/elcoled.com\/tr\/urun\/eis-etp\/","title":{"rendered":"Elco End\u00fcstriyel &#8211; ET Serisi EIS-ETP"},"content":{"rendered":"<p>Elco ET Serisi<br \/>\nElco LED\u2019in dayan\u0131kl\u0131 ve y\u00fcksek performansl\u0131 etanj armat\u00fcrleri, end\u00fcstriyel ve genel kullan\u0131m alanlar\u0131nda<br \/>\ng\u00fcvenilir ayd\u0131nlatma \u00e7\u00f6z\u00fcmleri sunar. Sa\u011flam yap\u0131s\u0131 ve y\u00fcksek verimli ayd\u0131nlatma teknolojisi ile<br \/>\nzorlu ortam ko\u015fullar\u0131na uyum sa\u011flar. EIS Serileri, CrocDesign PCB\u2019ler ile uzun \u00f6m\u00fcrl\u00fc kullan\u0131m ve<br \/>\ny\u00fcksek enerji verimlili\u011fi sunarak i\u015fletmeleriniz i\u00e7in ideal bir ayd\u0131nlatma \u00e7\u00f6z\u00fcm\u00fc olu\u015fturur.<\/p>\n","protected":false},"excerpt":{"rendered":"<p>Elco ET Serisi Elco LED\u2019in dayan\u0131kl\u0131 ve y\u00fcksek performansl\u0131 etanj &#8230;<\/p>\n","protected":false},"featured_media":5532,"comment_status":"open","ping_status":"closed","template":"","meta":{"_acf_changed":false},"product_brand":[],"product_cat":[534],"product_tag":[],"class_list":{"0":"post-5540","1":"product","2":"type-product","3":"status-publish","4":"has-post-thumbnail","6":"product_cat-endustriyel","8":"first","9":"instock","10":"shipping-taxable","11":"product-type-simple"},"acf":[],"yoast_head":"<!-- This site is optimized with the Yoast SEO Premium plugin v25.1 (Yoast SEO v25.7) - https:\/\/yoast.com\/wordpress\/plugins\/seo\/ -->\n<title>Elco End\u00fcstriyel - ET Serisi EIS-ETP - ELCOLED Solutions<\/title>\n<meta name=\"description\" content=\"Elco ET SerisiElco LED\u2019in dayan\u0131kl\u0131 ve y\u00fcksek performansl\u0131 etanj armat\u00fcrleri, end\u00fcstriyel ve genel kullan\u0131m alanlar\u0131ndag\u00fcvenilir ayd\u0131nlatma \u00e7\u00f6z\u00fcmleri sunar. Sa\u011flam yap\u0131s\u0131 ve y\u00fcksek verimli ayd\u0131nlatma teknolojisi ilezorlu ortam ko\u015fullar\u0131na uyum sa\u011flar. EIS Serileri, CrocDesign PCB\u2019ler ile uzun \u00f6m\u00fcrl\u00fc kullan\u0131m vey\u00fcksek enerji verimlili\u011fi sunarak i\u015fletmeleriniz i\u00e7in ideal bir ayd\u0131nlatma \u00e7\u00f6z\u00fcm\u00fc olu\u015fturur.\" \/>\n<meta name=\"robots\" content=\"index, follow, max-snippet:-1, max-image-preview:large, max-video-preview:-1\" \/>\n<link rel=\"canonical\" href=\"https:\/\/elcoled.com\/tr\/urun\/eis-etp\/\" \/>\n<meta property=\"og:locale\" content=\"tr_TR\" \/>\n<meta property=\"og:type\" content=\"article\" \/>\n<meta property=\"og:title\" content=\"Elco End\u00fcstriyel - ET Serisi EIS-ETP\" \/>\n<meta property=\"og:description\" content=\"Elco ET SerisiElco LED\u2019in dayan\u0131kl\u0131 ve y\u00fcksek performansl\u0131 etanj armat\u00fcrleri, end\u00fcstriyel ve genel kullan\u0131m alanlar\u0131ndag\u00fcvenilir ayd\u0131nlatma \u00e7\u00f6z\u00fcmleri sunar. Sa\u011flam yap\u0131s\u0131 ve y\u00fcksek verimli ayd\u0131nlatma teknolojisi ilezorlu ortam ko\u015fullar\u0131na uyum sa\u011flar. EIS Serileri, CrocDesign PCB\u2019ler ile uzun \u00f6m\u00fcrl\u00fc kullan\u0131m vey\u00fcksek enerji verimlili\u011fi sunarak i\u015fletmeleriniz i\u00e7in ideal bir ayd\u0131nlatma \u00e7\u00f6z\u00fcm\u00fc olu\u015fturur.\" \/>\n<meta property=\"og:url\" content=\"https:\/\/elcoled.com\/tr\/urun\/eis-etp\/\" \/>\n<meta property=\"og:site_name\" content=\"ELCOLED Solutions\" \/>\n<meta property=\"article:publisher\" content=\"https:\/\/www.facebook.com\/elcoledsolutions\" \/>\n<meta property=\"article:modified_time\" content=\"2025-05-30T14:16:09+00:00\" \/>\n<meta property=\"og:image\" content=\"https:\/\/elcoled.com\/wp-content\/uploads\/products\/product_data\/EI\/S\/ETP\/EIS-ETP.webp\" \/>\n\t<meta property=\"og:image:width\" content=\"1000\" \/>\n\t<meta property=\"og:image:height\" content=\"1000\" \/>\n\t<meta property=\"og:image:type\" content=\"image\/webp\" \/>\n<meta name=\"twitter:card\" content=\"summary_large_image\" \/>\n<meta name=\"twitter:label1\" content=\"Tahmini okuma s\u00fcresi\" \/>\n\t<meta name=\"twitter:data1\" content=\"1 dakika\" \/>\n<script type=\"application\/ld+json\" class=\"yoast-schema-graph\">{\"@context\":\"https:\/\/schema.org\",\"@graph\":[{\"@type\":\"WebPage\",\"@id\":\"https:\/\/elcoled.com\/tr\/urun\/eis-etp\/\",\"url\":\"https:\/\/elcoled.com\/tr\/urun\/eis-etp\/\",\"name\":\"Elco End\u00fcstriyel - ET Serisi EIS-ETP - ELCOLED Solutions\",\"isPartOf\":{\"@id\":\"https:\/\/elcoled.com\/#website\"},\"primaryImageOfPage\":{\"@id\":\"https:\/\/elcoled.com\/tr\/urun\/eis-etp\/#primaryimage\"},\"image\":{\"@id\":\"https:\/\/elcoled.com\/tr\/urun\/eis-etp\/#primaryimage\"},\"thumbnailUrl\":\"https:\/\/elcoled.com\/wp-content\/uploads\/products\/product_data\/EI\/S\/ETP\/EIS-ETP.webp\",\"datePublished\":\"2025-05-22T08:04:58+00:00\",\"dateModified\":\"2025-05-30T14:16:09+00:00\",\"description\":\"Elco ET SerisiElco LED\u2019in dayan\u0131kl\u0131 ve y\u00fcksek performansl\u0131 etanj armat\u00fcrleri, end\u00fcstriyel ve genel kullan\u0131m alanlar\u0131ndag\u00fcvenilir ayd\u0131nlatma \u00e7\u00f6z\u00fcmleri sunar. Sa\u011flam yap\u0131s\u0131 ve y\u00fcksek verimli ayd\u0131nlatma teknolojisi ilezorlu ortam ko\u015fullar\u0131na uyum sa\u011flar. EIS Serileri, CrocDesign PCB\u2019ler ile uzun \u00f6m\u00fcrl\u00fc kullan\u0131m vey\u00fcksek enerji verimlili\u011fi sunarak i\u015fletmeleriniz i\u00e7in ideal bir ayd\u0131nlatma \u00e7\u00f6z\u00fcm\u00fc olu\u015fturur.\",\"breadcrumb\":{\"@id\":\"https:\/\/elcoled.com\/tr\/urun\/eis-etp\/#breadcrumb\"},\"inLanguage\":\"tr\",\"potentialAction\":[{\"@type\":\"ReadAction\",\"target\":[\"https:\/\/elcoled.com\/tr\/urun\/eis-etp\/\"]}]},{\"@type\":\"ImageObject\",\"inLanguage\":\"tr\",\"@id\":\"https:\/\/elcoled.com\/tr\/urun\/eis-etp\/#primaryimage\",\"url\":\"https:\/\/elcoled.com\/wp-content\/uploads\/products\/product_data\/EI\/S\/ETP\/EIS-ETP.webp\",\"contentUrl\":\"https:\/\/elcoled.com\/wp-content\/uploads\/products\/product_data\/EI\/S\/ETP\/EIS-ETP.webp\",\"width\":1000,\"height\":1000},{\"@type\":\"BreadcrumbList\",\"@id\":\"https:\/\/elcoled.com\/tr\/urun\/eis-etp\/#breadcrumb\",\"itemListElement\":[{\"@type\":\"ListItem\",\"position\":1,\"name\":\"Home\",\"item\":\"https:\/\/elcoled.com\/tr\/\"},{\"@type\":\"ListItem\",\"position\":2,\"name\":\"\u00dcr\u00fcnler\",\"item\":\"https:\/\/elcoled.com\/tr\/urunler\/\"},{\"@type\":\"ListItem\",\"position\":3,\"name\":\"Elco End\u00fcstriyel &#8211; ET Serisi EIS-ETP\"}]},{\"@type\":\"WebSite\",\"@id\":\"https:\/\/elcoled.com\/#website\",\"url\":\"https:\/\/elcoled.com\/\",\"name\":\"ELCOLED Solutions\",\"description\":\"\",\"publisher\":{\"@id\":\"https:\/\/elcoled.com\/#organization\"},\"potentialAction\":[{\"@type\":\"SearchAction\",\"target\":{\"@type\":\"EntryPoint\",\"urlTemplate\":\"https:\/\/elcoled.com\/?s={search_term_string}\"},\"query-input\":{\"@type\":\"PropertyValueSpecification\",\"valueRequired\":true,\"valueName\":\"search_term_string\"}}],\"inLanguage\":\"tr\"},{\"@type\":\"Organization\",\"@id\":\"https:\/\/elcoled.com\/#organization\",\"name\":\"ELCOLED Solutions\",\"url\":\"https:\/\/elcoled.com\/\",\"logo\":{\"@type\":\"ImageObject\",\"inLanguage\":\"tr\",\"@id\":\"https:\/\/elcoled.com\/#\/schema\/logo\/image\/\",\"url\":\"https:\/\/elcoled.com\/wp-content\/uploads\/2025\/03\/Logo_BlackELCO_.webp\",\"contentUrl\":\"https:\/\/elcoled.com\/wp-content\/uploads\/2025\/03\/Logo_BlackELCO_.webp\",\"width\":145,\"height\":147,\"caption\":\"ELCOLED Solutions\"},\"image\":{\"@id\":\"https:\/\/elcoled.com\/#\/schema\/logo\/image\/\"},\"sameAs\":[\"https:\/\/www.facebook.com\/elcoledsolutions\",\"https:\/\/www.instagram.com\/elcoledsolutions\/\"]}]}<\/script>\n<!-- \/ Yoast SEO Premium plugin. -->","yoast_head_json":{"title":"Elco End\u00fcstriyel - ET Serisi EIS-ETP - ELCOLED Solutions","description":"Elco ET SerisiElco LED\u2019in dayan\u0131kl\u0131 ve y\u00fcksek performansl\u0131 etanj armat\u00fcrleri, end\u00fcstriyel ve genel kullan\u0131m alanlar\u0131ndag\u00fcvenilir ayd\u0131nlatma \u00e7\u00f6z\u00fcmleri sunar. Sa\u011flam yap\u0131s\u0131 ve y\u00fcksek verimli ayd\u0131nlatma teknolojisi ilezorlu ortam ko\u015fullar\u0131na uyum sa\u011flar. EIS Serileri, CrocDesign PCB\u2019ler ile uzun \u00f6m\u00fcrl\u00fc kullan\u0131m vey\u00fcksek enerji verimlili\u011fi sunarak i\u015fletmeleriniz i\u00e7in ideal bir ayd\u0131nlatma \u00e7\u00f6z\u00fcm\u00fc olu\u015fturur.","robots":{"index":"index","follow":"follow","max-snippet":"max-snippet:-1","max-image-preview":"max-image-preview:large","max-video-preview":"max-video-preview:-1"},"canonical":"https:\/\/elcoled.com\/tr\/urun\/eis-etp\/","og_locale":"tr_TR","og_type":"article","og_title":"Elco End\u00fcstriyel - ET Serisi EIS-ETP","og_description":"Elco ET SerisiElco LED\u2019in dayan\u0131kl\u0131 ve y\u00fcksek performansl\u0131 etanj armat\u00fcrleri, end\u00fcstriyel ve genel kullan\u0131m alanlar\u0131ndag\u00fcvenilir ayd\u0131nlatma \u00e7\u00f6z\u00fcmleri sunar. Sa\u011flam yap\u0131s\u0131 ve y\u00fcksek verimli ayd\u0131nlatma teknolojisi ilezorlu ortam ko\u015fullar\u0131na uyum sa\u011flar. EIS Serileri, CrocDesign PCB\u2019ler ile uzun \u00f6m\u00fcrl\u00fc kullan\u0131m vey\u00fcksek enerji verimlili\u011fi sunarak i\u015fletmeleriniz i\u00e7in ideal bir ayd\u0131nlatma \u00e7\u00f6z\u00fcm\u00fc olu\u015fturur.","og_url":"https:\/\/elcoled.com\/tr\/urun\/eis-etp\/","og_site_name":"ELCOLED Solutions","article_publisher":"https:\/\/www.facebook.com\/elcoledsolutions","article_modified_time":"2025-05-30T14:16:09+00:00","og_image":[{"width":1000,"height":1000,"url":"https:\/\/elcoled.com\/wp-content\/uploads\/products\/product_data\/EI\/S\/ETP\/EIS-ETP.webp","type":"image\/webp"}],"twitter_card":"summary_large_image","twitter_misc":{"Tahmini okuma s\u00fcresi":"1 dakika"},"schema":{"@context":"https:\/\/schema.org","@graph":[{"@type":"WebPage","@id":"https:\/\/elcoled.com\/tr\/urun\/eis-etp\/","url":"https:\/\/elcoled.com\/tr\/urun\/eis-etp\/","name":"Elco End\u00fcstriyel - ET Serisi EIS-ETP - ELCOLED Solutions","isPartOf":{"@id":"https:\/\/elcoled.com\/#website"},"primaryImageOfPage":{"@id":"https:\/\/elcoled.com\/tr\/urun\/eis-etp\/#primaryimage"},"image":{"@id":"https:\/\/elcoled.com\/tr\/urun\/eis-etp\/#primaryimage"},"thumbnailUrl":"https:\/\/elcoled.com\/wp-content\/uploads\/products\/product_data\/EI\/S\/ETP\/EIS-ETP.webp","datePublished":"2025-05-22T08:04:58+00:00","dateModified":"2025-05-30T14:16:09+00:00","description":"Elco ET SerisiElco LED\u2019in dayan\u0131kl\u0131 ve y\u00fcksek performansl\u0131 etanj armat\u00fcrleri, end\u00fcstriyel ve genel kullan\u0131m alanlar\u0131ndag\u00fcvenilir ayd\u0131nlatma \u00e7\u00f6z\u00fcmleri sunar. Sa\u011flam yap\u0131s\u0131 ve y\u00fcksek verimli ayd\u0131nlatma teknolojisi ilezorlu ortam ko\u015fullar\u0131na uyum sa\u011flar. EIS Serileri, CrocDesign PCB\u2019ler ile uzun \u00f6m\u00fcrl\u00fc kullan\u0131m vey\u00fcksek enerji verimlili\u011fi sunarak i\u015fletmeleriniz i\u00e7in ideal bir ayd\u0131nlatma \u00e7\u00f6z\u00fcm\u00fc olu\u015fturur.","breadcrumb":{"@id":"https:\/\/elcoled.com\/tr\/urun\/eis-etp\/#breadcrumb"},"inLanguage":"tr","potentialAction":[{"@type":"ReadAction","target":["https:\/\/elcoled.com\/tr\/urun\/eis-etp\/"]}]},{"@type":"ImageObject","inLanguage":"tr","@id":"https:\/\/elcoled.com\/tr\/urun\/eis-etp\/#primaryimage","url":"https:\/\/elcoled.com\/wp-content\/uploads\/products\/product_data\/EI\/S\/ETP\/EIS-ETP.webp","contentUrl":"https:\/\/elcoled.com\/wp-content\/uploads\/products\/product_data\/EI\/S\/ETP\/EIS-ETP.webp","width":1000,"height":1000},{"@type":"BreadcrumbList","@id":"https:\/\/elcoled.com\/tr\/urun\/eis-etp\/#breadcrumb","itemListElement":[{"@type":"ListItem","position":1,"name":"Home","item":"https:\/\/elcoled.com\/tr\/"},{"@type":"ListItem","position":2,"name":"\u00dcr\u00fcnler","item":"https:\/\/elcoled.com\/tr\/urunler\/"},{"@type":"ListItem","position":3,"name":"Elco End\u00fcstriyel &#8211; ET Serisi EIS-ETP"}]},{"@type":"WebSite","@id":"https:\/\/elcoled.com\/#website","url":"https:\/\/elcoled.com\/","name":"ELCOLED Solutions","description":"","publisher":{"@id":"https:\/\/elcoled.com\/#organization"},"potentialAction":[{"@type":"SearchAction","target":{"@type":"EntryPoint","urlTemplate":"https:\/\/elcoled.com\/?s={search_term_string}"},"query-input":{"@type":"PropertyValueSpecification","valueRequired":true,"valueName":"search_term_string"}}],"inLanguage":"tr"},{"@type":"Organization","@id":"https:\/\/elcoled.com\/#organization","name":"ELCOLED Solutions","url":"https:\/\/elcoled.com\/","logo":{"@type":"ImageObject","inLanguage":"tr","@id":"https:\/\/elcoled.com\/#\/schema\/logo\/image\/","url":"https:\/\/elcoled.com\/wp-content\/uploads\/2025\/03\/Logo_BlackELCO_.webp","contentUrl":"https:\/\/elcoled.com\/wp-content\/uploads\/2025\/03\/Logo_BlackELCO_.webp","width":145,"height":147,"caption":"ELCOLED Solutions"},"image":{"@id":"https:\/\/elcoled.com\/#\/schema\/logo\/image\/"},"sameAs":["https:\/\/www.facebook.com\/elcoledsolutions","https:\/\/www.instagram.com\/elcoledsolutions\/"]}]}},"_links":{"self":[{"href":"https:\/\/elcoled.com\/tr\/wp-json\/wp\/v2\/product\/5540","targetHints":{"allow":["GET"]}}],"collection":[{"href":"https:\/\/elcoled.com\/tr\/wp-json\/wp\/v2\/product"}],"about":[{"href":"https:\/\/elcoled.com\/tr\/wp-json\/wp\/v2\/types\/product"}],"replies":[{"embeddable":true,"href":"https:\/\/elcoled.com\/tr\/wp-json\/wp\/v2\/comments?post=5540"}],"wp:featuredmedia":[{"embeddable":true,"href":"https:\/\/elcoled.com\/tr\/wp-json\/wp\/v2\/media\/5532"}],"wp:attachment":[{"href":"https:\/\/elcoled.com\/tr\/wp-json\/wp\/v2\/media?parent=5540"}],"wp:term":[{"taxonomy":"product_brand","embeddable":true,"href":"https:\/\/elcoled.com\/tr\/wp-json\/wp\/v2\/product_brand?post=5540"},{"taxonomy":"product_cat","embeddable":true,"href":"https:\/\/elcoled.com\/tr\/wp-json\/wp\/v2\/product_cat?post=5540"},{"taxonomy":"product_tag","embeddable":true,"href":"https:\/\/elcoled.com\/tr\/wp-json\/wp\/v2\/product_tag?post=5540"}],"curies":[{"name":"wp","href":"https:\/\/api.w.org\/{rel}","templated":true}]}}